{"id":2098,"date":"2023-05-17T13:43:21","date_gmt":"2023-05-17T13:43:21","guid":{"rendered":"https:\/\/www.ugolini.net\/sin%20categor\u00eda\/magazzino-rotante\/"},"modified":"2023-06-28T08:43:10","modified_gmt":"2023-06-28T08:43:10","slug":"paternoster","status":"publish","type":"product","link":"https:\/\/www.ugolini.net\/es\/otra-maquinaria\/paternoster\/","title":{"rendered":"Paternoster"},"content":{"rendered":"<h3>Rotating Storage<\/h3>\n<p>Apto para el almacenamiento en espacios reducidos de bidones \u00f2 cajas de colorantes en polvo \u00f9 otro tipo de confecciones.<br \/>\nRepisas de hierro pintado con medidas seg\u00fan petici\u00f3n del cliente (longitud \u00fatil m\u00ednima de 3000 mm a 6000 mm con 450mm de profundidad).<br \/>\nEstructura de hierro pintado, con paneles de protecci\u00f3n en policarbonato trasparente alveolar, completa con carro porta b\u00e1sculas en acero inoxidable, m\u00f3vil por toda la parte frontal y predispuesto para alojar 2 b\u00e1sculas, completo con aspiraci\u00f3n.<br \/>\nZona de toma de muestras provista de 2 fotoc\u00e9lulas, seg\u00fan las normas actuales de seguridad, y de canal de aspiraci\u00f3n en acero INOX.<br \/>\nLas 2+2 o 4+4 ruedas dentadas mueven la cadena donde se fijan las repisas; el motorreductor es de potencia apropiada, equipado con freno progresivo, filtro de arqueta y prefiltros regenerable.<br \/>\nEl doble sentido de marcha sirve para llamar a la repisa m\u00e1s cercana.<br \/>\nEs posible, sobre pedido, revestir en acero inoxidable las repisas, efectuar la carga de los bidones por la parte posterior o a diferente nivel de la toma, con puerta corredera en aluminio (opcional) completa con micro de seguridad y doble llamada de las repisas.<br \/>\nAdem\u00e1s, est\u00e1 predispuesto para la conexi\u00f3n a los sistemas centralizados de gesti\u00f3n, mediante video terminal.<\/p>\n","protected":false},"excerpt":{"rendered":"<p>Adatto allo stoccaggio in spazi ridotti di fusti o scatole di polveri coloranti o altro tipo di confezioni.<\/p>\n","protected":false},"featured_media":1938,"comment_status":"open","ping_status":"closed","template":"","meta":{"_et_pb_use_builder":"","_et_pb_old_content":"","_et_gb_content_width":""},"product_brand":[],"product_cat":[199],"product_tag":[],"class_list":{"0":"post-2098","1":"product","2":"type-product","3":"status-publish","4":"has-post-thumbnail","6":"product_cat-otra-maquinaria","8":"first","9":"instock","10":"shipping-taxable","11":"product-type-simple"},"acf":[],"yoast_head":"<!-- This site is optimized with the Yoast SEO plugin v26.0 - https:\/\/yoast.com\/wordpress\/plugins\/seo\/ -->\n<title>Paternoster - Ugolini<\/title>\n<meta name=\"description\" content=\"Scopri Paternoster di Ugolini, leader nelle macchine per tintura da laboratorio e da produzione.\" \/>\n<meta name=\"robots\" content=\"index, follow, max-snippet:-1, max-image-preview:large, max-video-preview:-1\" \/>\n<link rel=\"canonical\" href=\"https:\/\/www.ugolini.net\/es\/otra-maquinaria\/paternoster\/\" \/>\n<meta property=\"og:locale\" content=\"es_ES\" \/>\n<meta property=\"og:type\" content=\"article\" \/>\n<meta property=\"og:title\" content=\"Paternoster - Ugolini\" \/>\n<meta property=\"og:description\" content=\"Scopri Paternoster di Ugolini, leader nelle macchine per tintura da laboratorio e da produzione.\" \/>\n<meta property=\"og:url\" content=\"https:\/\/www.ugolini.net\/es\/otra-maquinaria\/paternoster\/\" \/>\n<meta property=\"og:site_name\" content=\"Ugolini\" \/>\n<meta property=\"article:modified_time\" content=\"2023-06-28T08:43:10+00:00\" \/>\n<meta property=\"og:image\" content=\"https:\/\/www.ugolini.net\/wp-content\/uploads\/2023\/05\/rotating-storage.png\" \/>\n\t<meta property=\"og:image:width\" content=\"1203\" \/>\n\t<meta property=\"og:image:height\" content=\"1005\" \/>\n\t<meta property=\"og:image:type\" content=\"image\/png\" \/>\n<meta name=\"twitter:card\" content=\"summary_large_image\" \/>\n<meta name=\"twitter:label1\" content=\"Tiempo de lectura\" \/>\n\t<meta name=\"twitter:data1\" content=\"2 minutos\" \/>\n<!-- \/ Yoast SEO plugin. -->","yoast_head_json":{"title":"Paternoster - Ugolini","description":"Scopri Paternoster di Ugolini, leader nelle macchine per tintura da laboratorio e da produzione.","robots":{"index":"index","follow":"follow","max-snippet":"max-snippet:-1","max-image-preview":"max-image-preview:large","max-video-preview":"max-video-preview:-1"},"canonical":"https:\/\/www.ugolini.net\/es\/otra-maquinaria\/paternoster\/","og_locale":"es_ES","og_type":"article","og_title":"Paternoster - Ugolini","og_description":"Scopri Paternoster di Ugolini, leader nelle macchine per tintura da laboratorio e da produzione.","og_url":"https:\/\/www.ugolini.net\/es\/otra-maquinaria\/paternoster\/","og_site_name":"Ugolini","article_modified_time":"2023-06-28T08:43:10+00:00","og_image":[{"width":1203,"height":1005,"url":"https:\/\/www.ugolini.net\/wp-content\/uploads\/2023\/05\/rotating-storage.png","type":"image\/png"}],"twitter_card":"summary_large_image","twitter_misc":{"Tiempo de lectura":"2 minutos"},"schema":{"@context":"https:\/\/schema.org","@graph":[{"@type":"WebPage","@id":"https:\/\/www.ugolini.net\/es\/otra-maquinaria\/paternoster\/","url":"https:\/\/www.ugolini.net\/es\/otra-maquinaria\/paternoster\/","name":"Paternoster - Ugolini","isPartOf":{"@id":"https:\/\/www.ugolini.net\/es\/#website"},"primaryImageOfPage":{"@id":"https:\/\/www.ugolini.net\/es\/otra-maquinaria\/paternoster\/#primaryimage"},"image":{"@id":"https:\/\/www.ugolini.net\/es\/otra-maquinaria\/paternoster\/#primaryimage"},"thumbnailUrl":"https:\/\/www.ugolini.net\/wp-content\/uploads\/2023\/05\/rotating-storage.png","datePublished":"2023-05-17T13:43:21+00:00","dateModified":"2023-06-28T08:43:10+00:00","description":"Scopri Paternoster di Ugolini, leader nelle macchine per tintura da laboratorio e da produzione.","breadcrumb":{"@id":"https:\/\/www.ugolini.net\/es\/otra-maquinaria\/paternoster\/#breadcrumb"},"inLanguage":"es","potentialAction":[{"@type":"ReadAction","target":["https:\/\/www.ugolini.net\/es\/otra-maquinaria\/paternoster\/"]}]},{"@type":"ImageObject","inLanguage":"es","@id":"https:\/\/www.ugolini.net\/es\/otra-maquinaria\/paternoster\/#primaryimage","url":"https:\/\/www.ugolini.net\/wp-content\/uploads\/2023\/05\/rotating-storage.png","contentUrl":"https:\/\/www.ugolini.net\/wp-content\/uploads\/2023\/05\/rotating-storage.png","width":1203,"height":1005},{"@type":"BreadcrumbList","@id":"https:\/\/www.ugolini.net\/es\/otra-maquinaria\/paternoster\/#breadcrumb","itemListElement":[{"@type":"ListItem","position":1,"name":"Home","item":"https:\/\/www.ugolini.net\/es\/"},{"@type":"ListItem","position":2,"name":"Productos","item":"https:\/\/www.ugolini.net\/es\/shop\/"},{"@type":"ListItem","position":3,"name":"Otra maquinaria","item":"https:\/\/www.ugolini.net\/es\/otra-maquinaria\/"},{"@type":"ListItem","position":4,"name":"Paternoster"}]},{"@type":"WebSite","@id":"https:\/\/www.ugolini.net\/es\/#website","url":"https:\/\/www.ugolini.net\/es\/","name":"Ugolini","description":"Dyeing machines","potentialAction":[{"@type":"SearchAction","target":{"@type":"EntryPoint","urlTemplate":"https:\/\/www.ugolini.net\/es\/?s={search_term_string}"},"query-input":{"@type":"PropertyValueSpecification","valueRequired":true,"valueName":"search_term_string"}}],"inLanguage":"es"}]}},"_links":{"self":[{"href":"https:\/\/www.ugolini.net\/es\/wp-json\/wp\/v2\/product\/2098","targetHints":{"allow":["GET"]}}],"collection":[{"href":"https:\/\/www.ugolini.net\/es\/wp-json\/wp\/v2\/product"}],"about":[{"href":"https:\/\/www.ugolini.net\/es\/wp-json\/wp\/v2\/types\/product"}],"replies":[{"embeddable":true,"href":"https:\/\/www.ugolini.net\/es\/wp-json\/wp\/v2\/comments?post=2098"}],"wp:featuredmedia":[{"embeddable":true,"href":"https:\/\/www.ugolini.net\/es\/wp-json\/wp\/v2\/media\/1938"}],"wp:attachment":[{"href":"https:\/\/www.ugolini.net\/es\/wp-json\/wp\/v2\/media?parent=2098"}],"wp:term":[{"taxonomy":"product_brand","embeddable":true,"href":"https:\/\/www.ugolini.net\/es\/wp-json\/wp\/v2\/product_brand?post=2098"},{"taxonomy":"product_cat","embeddable":true,"href":"https:\/\/www.ugolini.net\/es\/wp-json\/wp\/v2\/product_cat?post=2098"},{"taxonomy":"product_tag","embeddable":true,"href":"https:\/\/www.ugolini.net\/es\/wp-json\/wp\/v2\/product_tag?post=2098"}],"curies":[{"name":"wp","href":"https:\/\/api.w.org\/{rel}","templated":true}]}}