{"id":2092,"date":"2023-05-17T13:45:32","date_gmt":"2023-05-17T13:45:32","guid":{"rendered":"https:\/\/www.ugolini.net\/sin%20categor\u00eda\/hpd\/"},"modified":"2023-06-28T08:21:43","modified_gmt":"2023-06-28T08:21:43","slug":"hpd","status":"publish","type":"product","link":"https:\/\/www.ugolini.net\/es\/centrifugadoras-y-secadoras\/hpd\/","title":{"rendered":"HPD"},"content":{"rendered":"<h3>HPD high pressure dryer<\/h3>\n<p>La m\u00e1quina trabaja a una presi\u00f3n de 5 bar y a una temperatura m\u00e1xima de 140\u00b0C.<br \/>\nUtiliza los mismos porta materiales que el GSE y GSH.<br \/>\nEl secador funciona con alta eficiencia y el material se inserta inmediatamente despu\u00e9s del te\u00f1ido sin el uso de una centr\u00edfuga.<br \/>\nEst\u00e1 construida enteramente en acero AISI 316L, funciona en circuito cerrado por medio de una presi\u00f3n de 5 bar y el material no est\u00e1 sujeto a las impurezas del aire por lo que no son necesarios filtros de aire.<br \/>\nLas maquinas van de 200 a 800 Kg.<br \/>\nEl ciclo se divide en 3 partes: hidro extracci\u00f3n, secado y acondicionado.<br \/>\nLa m\u00e1quina tiene un soplador de alta presi\u00f3n estudiado para maximizar el flujo de aire y estructura mec\u00e1nica de f\u00e1cil mantenimiento. Sus caracter\u00edsticas principales son el sistema r\u00e1pido de presurizaci\u00f3n y los especiales intercambiadores de calor separados para los procesos de enfriamiento y calentamiento y con gran superficie de contacto.<br \/>\nEl desviador del flujo, ubicado en la parte posterior de la autoclave es de f\u00e1cil mantenimiento y permite el cambio suave de la direcci\u00f3n evitando las p\u00e9rdidas de presi\u00f3n.<\/p>\n<p>Consumo:<br \/>\nVapor: A. 0,85 kg\/kg de hilo (con recuperaci\u00f3n de calor es un 50% de menos).<br \/>\nElectricidad: aprox. 0,3 kWh \/ kg de hilo.<br \/>\nAgua de enfriamiento: aprox. 6 l \/ kg de hilo.<br \/>\nTiempo de secado: aprox. 60 &#8211; 75 min.<\/p>\n","protected":false},"excerpt":{"rendered":"<p>La m\u00e1quina trabaja a una presi\u00f3n de 5 bar y a una temperatura m\u00e1xima de 140\u00b0C.<\/p>\n","protected":false},"featured_media":1817,"comment_status":"open","ping_status":"closed","template":"","meta":{"_et_pb_use_builder":"","_et_pb_old_content":"","_et_gb_content_width":""},"product_brand":[],"product_cat":[196],"product_tag":[],"class_list":{"0":"post-2092","1":"product","2":"type-product","3":"status-publish","4":"has-post-thumbnail","6":"product_cat-centrifugadoras-y-secadoras","8":"first","9":"instock","10":"shipping-taxable","11":"product-type-simple"},"acf":[],"yoast_head":"<!-- This site is optimized with the Yoast SEO plugin v26.0 - https:\/\/yoast.com\/wordpress\/plugins\/seo\/ -->\n<title>HPD - Ugolini<\/title>\n<meta name=\"description\" content=\"Scopri HPD di Ugolini, leader nelle macchine per tintura da laboratorio e da produzione.\" \/>\n<meta name=\"robots\" content=\"index, follow, max-snippet:-1, max-image-preview:large, max-video-preview:-1\" \/>\n<link rel=\"canonical\" href=\"https:\/\/www.ugolini.net\/es\/centrifugadoras-y-secadoras\/hpd\/\" \/>\n<meta property=\"og:locale\" content=\"es_ES\" \/>\n<meta property=\"og:type\" content=\"article\" \/>\n<meta property=\"og:title\" content=\"HPD - Ugolini\" \/>\n<meta property=\"og:description\" content=\"Scopri HPD di Ugolini, leader nelle macchine per tintura da laboratorio e da produzione.\" \/>\n<meta property=\"og:url\" content=\"https:\/\/www.ugolini.net\/es\/centrifugadoras-y-secadoras\/hpd\/\" \/>\n<meta property=\"og:site_name\" content=\"Ugolini\" \/>\n<meta property=\"article:modified_time\" content=\"2023-06-28T08:21:43+00:00\" \/>\n<meta property=\"og:image\" content=\"https:\/\/www.ugolini.net\/wp-content\/uploads\/2023\/05\/Hpd_scontornata-1024x761.png\" \/>\n\t<meta property=\"og:image:width\" content=\"1024\" \/>\n\t<meta property=\"og:image:height\" content=\"761\" \/>\n\t<meta property=\"og:image:type\" content=\"image\/png\" \/>\n<meta name=\"twitter:card\" content=\"summary_large_image\" \/>\n<meta name=\"twitter:label1\" content=\"Tiempo de lectura\" \/>\n\t<meta name=\"twitter:data1\" content=\"2 minutos\" \/>\n<!-- \/ Yoast SEO plugin. -->","yoast_head_json":{"title":"HPD - Ugolini","description":"Scopri HPD di Ugolini, leader nelle macchine per tintura da laboratorio e da produzione.","robots":{"index":"index","follow":"follow","max-snippet":"max-snippet:-1","max-image-preview":"max-image-preview:large","max-video-preview":"max-video-preview:-1"},"canonical":"https:\/\/www.ugolini.net\/es\/centrifugadoras-y-secadoras\/hpd\/","og_locale":"es_ES","og_type":"article","og_title":"HPD - Ugolini","og_description":"Scopri HPD di Ugolini, leader nelle macchine per tintura da laboratorio e da produzione.","og_url":"https:\/\/www.ugolini.net\/es\/centrifugadoras-y-secadoras\/hpd\/","og_site_name":"Ugolini","article_modified_time":"2023-06-28T08:21:43+00:00","og_image":[{"width":1024,"height":761,"url":"https:\/\/www.ugolini.net\/wp-content\/uploads\/2023\/05\/Hpd_scontornata-1024x761.png","type":"image\/png"}],"twitter_card":"summary_large_image","twitter_misc":{"Tiempo de lectura":"2 minutos"},"schema":{"@context":"https:\/\/schema.org","@graph":[{"@type":"WebPage","@id":"https:\/\/www.ugolini.net\/es\/centrifugadoras-y-secadoras\/hpd\/","url":"https:\/\/www.ugolini.net\/es\/centrifugadoras-y-secadoras\/hpd\/","name":"HPD - Ugolini","isPartOf":{"@id":"https:\/\/www.ugolini.net\/es\/#website"},"primaryImageOfPage":{"@id":"https:\/\/www.ugolini.net\/es\/centrifugadoras-y-secadoras\/hpd\/#primaryimage"},"image":{"@id":"https:\/\/www.ugolini.net\/es\/centrifugadoras-y-secadoras\/hpd\/#primaryimage"},"thumbnailUrl":"https:\/\/www.ugolini.net\/wp-content\/uploads\/2023\/05\/Hpd_scontornata.png","datePublished":"2023-05-17T13:45:32+00:00","dateModified":"2023-06-28T08:21:43+00:00","description":"Scopri HPD di Ugolini, leader nelle macchine per tintura da laboratorio e da produzione.","breadcrumb":{"@id":"https:\/\/www.ugolini.net\/es\/centrifugadoras-y-secadoras\/hpd\/#breadcrumb"},"inLanguage":"es","potentialAction":[{"@type":"ReadAction","target":["https:\/\/www.ugolini.net\/es\/centrifugadoras-y-secadoras\/hpd\/"]}]},{"@type":"ImageObject","inLanguage":"es","@id":"https:\/\/www.ugolini.net\/es\/centrifugadoras-y-secadoras\/hpd\/#primaryimage","url":"https:\/\/www.ugolini.net\/wp-content\/uploads\/2023\/05\/Hpd_scontornata.png","contentUrl":"https:\/\/www.ugolini.net\/wp-content\/uploads\/2023\/05\/Hpd_scontornata.png","width":4524,"height":3360},{"@type":"BreadcrumbList","@id":"https:\/\/www.ugolini.net\/es\/centrifugadoras-y-secadoras\/hpd\/#breadcrumb","itemListElement":[{"@type":"ListItem","position":1,"name":"Home","item":"https:\/\/www.ugolini.net\/es\/"},{"@type":"ListItem","position":2,"name":"Productos","item":"https:\/\/www.ugolini.net\/es\/shop\/"},{"@type":"ListItem","position":3,"name":"Centrifugadoras y Secadoras","item":"https:\/\/www.ugolini.net\/es\/centrifugadoras-y-secadoras\/"},{"@type":"ListItem","position":4,"name":"HPD"}]},{"@type":"WebSite","@id":"https:\/\/www.ugolini.net\/es\/#website","url":"https:\/\/www.ugolini.net\/es\/","name":"Ugolini","description":"Dyeing machines","potentialAction":[{"@type":"SearchAction","target":{"@type":"EntryPoint","urlTemplate":"https:\/\/www.ugolini.net\/es\/?s={search_term_string}"},"query-input":{"@type":"PropertyValueSpecification","valueRequired":true,"valueName":"search_term_string"}}],"inLanguage":"es"}]}},"_links":{"self":[{"href":"https:\/\/www.ugolini.net\/es\/wp-json\/wp\/v2\/product\/2092","targetHints":{"allow":["GET"]}}],"collection":[{"href":"https:\/\/www.ugolini.net\/es\/wp-json\/wp\/v2\/product"}],"about":[{"href":"https:\/\/www.ugolini.net\/es\/wp-json\/wp\/v2\/types\/product"}],"replies":[{"embeddable":true,"href":"https:\/\/www.ugolini.net\/es\/wp-json\/wp\/v2\/comments?post=2092"}],"wp:featuredmedia":[{"embeddable":true,"href":"https:\/\/www.ugolini.net\/es\/wp-json\/wp\/v2\/media\/1817"}],"wp:attachment":[{"href":"https:\/\/www.ugolini.net\/es\/wp-json\/wp\/v2\/media?parent=2092"}],"wp:term":[{"taxonomy":"product_brand","embeddable":true,"href":"https:\/\/www.ugolini.net\/es\/wp-json\/wp\/v2\/product_brand?post=2092"},{"taxonomy":"product_cat","embeddable":true,"href":"https:\/\/www.ugolini.net\/es\/wp-json\/wp\/v2\/product_cat?post=2092"},{"taxonomy":"product_tag","embeddable":true,"href":"https:\/\/www.ugolini.net\/es\/wp-json\/wp\/v2\/product_tag?post=2092"}],"curies":[{"name":"wp","href":"https:\/\/api.w.org\/{rel}","templated":true}]}}