{"id":2083,"date":"2023-05-30T09:06:16","date_gmt":"2023-05-30T09:06:16","guid":{"rendered":"https:\/\/www.ugolini.net\/sin%20categor\u00eda\/tintura-in-subbio\/"},"modified":"2023-06-28T08:17:29","modified_gmt":"2023-06-28T08:17:29","slug":"beam-dyeing","status":"publish","type":"product","link":"https:\/\/www.ugolini.net\/es\/tenido-de-tejidos\/beam-dyeing\/","title":{"rendered":"Beam Dyeing"},"content":{"rendered":"<h3>Beam Dyeing 40\/600Kg<\/h3>\n<p>Di\u00e1metro tipico de los plegadores de 530, 730, 900, 1000, 1250, 1400 mm.<br \/>\nAncho t\u00edpico del tejido: 1600; 1800; 2000; 2200; 3200 mm;<br \/>\nAdecuado para tejidos y tejidos de punto de todas las fibras y fibras mixtas, para tejidos muy anchos, sensibles, de punto abierto y f\u00e1cilmente deformables, pero tambi\u00e9n para tejidos t\u00e9cnicos, el\u00e1sticos y de alta densidad Proporci\u00f3n de licor m\u00ednimo 1:5, t\u00edpico 1:8.<br \/>\nViga simple y\/o acoplada de diferentes di\u00e1metros.<br \/>\nLa m\u00e1quina trabaja con sistema de colch\u00f5n de aire y con control anal\u00f3gico de presion y nivel (relaci\u00f3n de ba\u00f1o).<br \/>\nEquipada con un dispositivo de inversi\u00f3n de licor, la m\u00e1quina puede satisfacer no solo la necesidad de te\u00f1ido de flujo \u00fanico sino tambi\u00e9n la necesidad de flujo bidireccional, logrando un efecto de te\u00f1ido \u00f3ptimo.<br \/>\nCilindro de enclavamiento de tapa con nivel m\u00ednimo, presi\u00f3n m\u00ednima y temperatura de seguridad.<br \/>\nApertura autom\u00e1tica de la tapa con pist\u00f3n neum\u00e1tico.<br \/>\nCalentamiento a vapor indirecto.<br \/>\nControl autom\u00e1tico de presi\u00f3n diferencial. Ajuste autom\u00e1tico del caudal de la bomba. Tanque de producto calentado y con mezclador con curvas de dosificaci\u00f3n.<br \/>\nTanque de preparaci\u00f3n de ba\u00f1o de la misma capacidad que el autoclave con mezclador y calentado.<br \/>\nMuestrador.<br \/>\nVerificaci\u00f3n en l\u00ednea de PH.<\/p>\n","protected":false},"excerpt":{"rendered":"<p>La m\u00e1quina trabaja con sistema de colch\u00f5n de aire y con control anal\u00f3gico de presion y nivel (relaci\u00f3n de ba\u00f1o).<\/p>\n","protected":false},"featured_media":1934,"comment_status":"open","ping_status":"closed","template":"","meta":{"_et_pb_use_builder":"","_et_pb_old_content":"","_et_gb_content_width":""},"product_brand":[],"product_cat":[198,194],"product_tag":[],"class_list":{"0":"post-2083","1":"product","2":"type-product","3":"status-publish","4":"has-post-thumbnail","6":"product_cat-tenido-de-tejidos","7":"product_cat-tenidoras","9":"first","10":"instock","11":"shipping-taxable","12":"product-type-simple"},"acf":[],"yoast_head":"<!-- This site is optimized with the Yoast SEO plugin v26.0 - https:\/\/yoast.com\/wordpress\/plugins\/seo\/ -->\n<title>Beam Dyeing - Ugolini<\/title>\n<meta name=\"description\" content=\"Scopri Beam Dyeing di Ugolini, leader nelle macchine per tintura da laboratorio e da produzione.\" \/>\n<meta name=\"robots\" content=\"index, follow, max-snippet:-1, max-image-preview:large, max-video-preview:-1\" \/>\n<link rel=\"canonical\" href=\"https:\/\/www.ugolini.net\/es\/tenido-de-tejidos\/beam-dyeing\/\" \/>\n<meta property=\"og:locale\" content=\"es_ES\" \/>\n<meta property=\"og:type\" content=\"article\" \/>\n<meta property=\"og:title\" content=\"Beam Dyeing - Ugolini\" \/>\n<meta property=\"og:description\" content=\"Scopri Beam Dyeing di Ugolini, leader nelle macchine per tintura da laboratorio e da produzione.\" \/>\n<meta property=\"og:url\" content=\"https:\/\/www.ugolini.net\/es\/tenido-de-tejidos\/beam-dyeing\/\" \/>\n<meta property=\"og:site_name\" content=\"Ugolini\" \/>\n<meta property=\"article:modified_time\" content=\"2023-06-28T08:17:29+00:00\" \/>\n<meta property=\"og:image\" content=\"https:\/\/www.ugolini.net\/wp-content\/uploads\/2023\/05\/beam.png\" \/>\n\t<meta property=\"og:image:width\" content=\"1602\" \/>\n\t<meta property=\"og:image:height\" content=\"901\" \/>\n\t<meta property=\"og:image:type\" content=\"image\/png\" \/>\n<meta name=\"twitter:card\" content=\"summary_large_image\" \/>\n<meta name=\"twitter:label1\" content=\"Tiempo de lectura\" \/>\n\t<meta name=\"twitter:data1\" content=\"2 minutos\" \/>\n<!-- \/ Yoast SEO plugin. -->","yoast_head_json":{"title":"Beam Dyeing - Ugolini","description":"Scopri Beam Dyeing di Ugolini, leader nelle macchine per tintura da laboratorio e da produzione.","robots":{"index":"index","follow":"follow","max-snippet":"max-snippet:-1","max-image-preview":"max-image-preview:large","max-video-preview":"max-video-preview:-1"},"canonical":"https:\/\/www.ugolini.net\/es\/tenido-de-tejidos\/beam-dyeing\/","og_locale":"es_ES","og_type":"article","og_title":"Beam Dyeing - Ugolini","og_description":"Scopri Beam Dyeing di Ugolini, leader nelle macchine per tintura da laboratorio e da produzione.","og_url":"https:\/\/www.ugolini.net\/es\/tenido-de-tejidos\/beam-dyeing\/","og_site_name":"Ugolini","article_modified_time":"2023-06-28T08:17:29+00:00","og_image":[{"width":1602,"height":901,"url":"https:\/\/www.ugolini.net\/wp-content\/uploads\/2023\/05\/beam.png","type":"image\/png"}],"twitter_card":"summary_large_image","twitter_misc":{"Tiempo de lectura":"2 minutos"},"schema":{"@context":"https:\/\/schema.org","@graph":[{"@type":"WebPage","@id":"https:\/\/www.ugolini.net\/es\/tenido-de-tejidos\/beam-dyeing\/","url":"https:\/\/www.ugolini.net\/es\/tenido-de-tejidos\/beam-dyeing\/","name":"Beam Dyeing - Ugolini","isPartOf":{"@id":"https:\/\/www.ugolini.net\/es\/#website"},"primaryImageOfPage":{"@id":"https:\/\/www.ugolini.net\/es\/tenido-de-tejidos\/beam-dyeing\/#primaryimage"},"image":{"@id":"https:\/\/www.ugolini.net\/es\/tenido-de-tejidos\/beam-dyeing\/#primaryimage"},"thumbnailUrl":"https:\/\/www.ugolini.net\/wp-content\/uploads\/2023\/05\/beam.png","datePublished":"2023-05-30T09:06:16+00:00","dateModified":"2023-06-28T08:17:29+00:00","description":"Scopri Beam Dyeing di Ugolini, leader nelle macchine per tintura da laboratorio e da produzione.","breadcrumb":{"@id":"https:\/\/www.ugolini.net\/es\/tenido-de-tejidos\/beam-dyeing\/#breadcrumb"},"inLanguage":"es","potentialAction":[{"@type":"ReadAction","target":["https:\/\/www.ugolini.net\/es\/tenido-de-tejidos\/beam-dyeing\/"]}]},{"@type":"ImageObject","inLanguage":"es","@id":"https:\/\/www.ugolini.net\/es\/tenido-de-tejidos\/beam-dyeing\/#primaryimage","url":"https:\/\/www.ugolini.net\/wp-content\/uploads\/2023\/05\/beam.png","contentUrl":"https:\/\/www.ugolini.net\/wp-content\/uploads\/2023\/05\/beam.png","width":1602,"height":901},{"@type":"BreadcrumbList","@id":"https:\/\/www.ugolini.net\/es\/tenido-de-tejidos\/beam-dyeing\/#breadcrumb","itemListElement":[{"@type":"ListItem","position":1,"name":"Home","item":"https:\/\/www.ugolini.net\/es\/"},{"@type":"ListItem","position":2,"name":"Productos","item":"https:\/\/www.ugolini.net\/es\/shop\/"},{"@type":"ListItem","position":3,"name":"Te\u00f1idoras","item":"https:\/\/www.ugolini.net\/es\/tenidoras\/"},{"@type":"ListItem","position":4,"name":"M\u00e1quinas de te\u00f1ido de tejidos","item":"https:\/\/www.ugolini.net\/es\/tenido-de-tejidos\/"},{"@type":"ListItem","position":5,"name":"Beam Dyeing"}]},{"@type":"WebSite","@id":"https:\/\/www.ugolini.net\/es\/#website","url":"https:\/\/www.ugolini.net\/es\/","name":"Ugolini","description":"Dyeing machines","potentialAction":[{"@type":"SearchAction","target":{"@type":"EntryPoint","urlTemplate":"https:\/\/www.ugolini.net\/es\/?s={search_term_string}"},"query-input":{"@type":"PropertyValueSpecification","valueRequired":true,"valueName":"search_term_string"}}],"inLanguage":"es"}]}},"_links":{"self":[{"href":"https:\/\/www.ugolini.net\/es\/wp-json\/wp\/v2\/product\/2083","targetHints":{"allow":["GET"]}}],"collection":[{"href":"https:\/\/www.ugolini.net\/es\/wp-json\/wp\/v2\/product"}],"about":[{"href":"https:\/\/www.ugolini.net\/es\/wp-json\/wp\/v2\/types\/product"}],"replies":[{"embeddable":true,"href":"https:\/\/www.ugolini.net\/es\/wp-json\/wp\/v2\/comments?post=2083"}],"wp:featuredmedia":[{"embeddable":true,"href":"https:\/\/www.ugolini.net\/es\/wp-json\/wp\/v2\/media\/1934"}],"wp:attachment":[{"href":"https:\/\/www.ugolini.net\/es\/wp-json\/wp\/v2\/media?parent=2083"}],"wp:term":[{"taxonomy":"product_brand","embeddable":true,"href":"https:\/\/www.ugolini.net\/es\/wp-json\/wp\/v2\/product_brand?post=2083"},{"taxonomy":"product_cat","embeddable":true,"href":"https:\/\/www.ugolini.net\/es\/wp-json\/wp\/v2\/product_cat?post=2083"},{"taxonomy":"product_tag","embeddable":true,"href":"https:\/\/www.ugolini.net\/es\/wp-json\/wp\/v2\/product_tag?post=2083"}],"curies":[{"name":"wp","href":"https:\/\/api.w.org\/{rel}","templated":true}]}}