{"id":2081,"date":"2023-05-17T13:27:31","date_gmt":"2023-05-17T13:27:31","guid":{"rendered":"https:\/\/www.ugolini.net\/sin%20categor\u00eda\/sp-torpedo\/"},"modified":"2023-06-28T08:00:19","modified_gmt":"2023-06-28T08:00:19","slug":"sp-torpedo","status":"publish","type":"product","link":"https:\/\/www.ugolini.net\/es\/tenido-de-tejidos\/sp-torpedo\/","title":{"rendered":"SP\/Torpedo"},"content":{"rendered":"<h3>SP\/Torpedo 1\/20 Kg<\/h3>\n<p>Te\u00f1idora horizontal para peque\u00f1as producciones de tejido.<br \/>\nM\u00e1quina de tenido al ancho, ideal para elaboraciones de tejidos de punto rectil\u00edneo, punto el\u00e1stico (modelo PA-Ly), encaje, tejidos de trama (o) cadena sint\u00e9ticos (PES, PA).<br \/>\nSe ha dise\u00f1ado para obtener una reproducibilidad perfecta con las grandes producciones, trabaja a alta presi\u00f3n (6 bar) y temperatura (140\u00baC).<br \/>\nLa m\u00e1quina es completamente en acero AISI 316L. Trabaja o con colch\u00f3n de aire y control de presi\u00f3n autom\u00e1tico o con vaso de expansi\u00f3n esteno y bomba de presi\u00f3n est\u00e1tica. La m\u00e0quina tiene un nivel anal\u00f3gico para el control perfecto del volumen y, por lo tanto, de la relaci\u00f3n del ba\u00f1o.<br \/>\nCalentamiento: el\u00e9ctrico, a vapor o con aceite diat\u00e9rmico o con agua de alta presi\u00f3n, intercambiador de calor externo, enfriamiento por agua.<br \/>\nLa bomba de circulaci\u00f3n se ha estudiado para tener una baja relaci\u00f3n del ba\u00f1o (bajo volumen) y para te\u00f1ir materiales duros (viscosa o algod\u00f3n) o suaves (lana) simplemente intercambiando el n\u00famero de revoluciones por el inversor y manteniendo el flujo constante.<br \/>\nControl autom\u00e1tico del flujo y de la presi\u00f3n diferencial (opcional).<br \/>\nTanque con mezclador para introducir y dosificar productos qu\u00edmicos y colorantes con bomba dosificadora y para disolver la sal (opcional).<br \/>\nDos plegadores con carretilla para carga r\u00e1pida.<br \/>\nBobinadora autom\u00e1tica (opcional). Dise\u00f1ada para ser conectada a todos los tipos de procesador o a PC industrial. La m\u00e1quina es modular entre 1 y 4 autoclaves con todos los tipos de acople entre las autoclaves para obtener la m\u00e1xima flexibilidad.<br \/>\nLos modelos var\u00edan con la longitud del ple- gador y con el di\u00e1metro de la autoclave, los est\u00e1ndares son: 170 \/ 200 \/ 250 \/ 300 \/ 400 \/ 530mm de di\u00e1metro y 1600 \/ 2000 \/ 2200 \/ 3200 \/ 4200 mm de longitud.<\/p>\n<p><img decoding=\"async\" class=\"aligncenter\" src=\"https:\/\/www.ugolini.net\/wp-content\/uploads\/2023\/05\/torpedo-text-300x41.png\" alt=\"torpedo\" \/><\/p>\n","protected":false},"excerpt":{"rendered":"<p>Te\u00f1idora horizontal para peque\u00f1as producciones de tejido.<\/p>\n","protected":false},"featured_media":1930,"comment_status":"open","ping_status":"closed","template":"","meta":{"_et_pb_use_builder":"","_et_pb_old_content":"","_et_gb_content_width":""},"product_brand":[],"product_cat":[198,194],"product_tag":[],"class_list":{"0":"post-2081","1":"product","2":"type-product","3":"status-publish","4":"has-post-thumbnail","6":"product_cat-tenido-de-tejidos","7":"product_cat-tenidoras","9":"first","10":"instock","11":"shipping-taxable","12":"product-type-simple"},"acf":[],"yoast_head":"<!-- This site is optimized with the Yoast SEO plugin v26.0 - https:\/\/yoast.com\/wordpress\/plugins\/seo\/ -->\n<title>SP\/Torpedo - Ugolini<\/title>\n<meta name=\"description\" content=\"Scopri SP\/Torpedo di Ugolini, leader nelle macchine per tintura da laboratorio e da produzione.\" \/>\n<meta name=\"robots\" content=\"index, follow, max-snippet:-1, max-image-preview:large, max-video-preview:-1\" \/>\n<link rel=\"canonical\" href=\"https:\/\/www.ugolini.net\/es\/tenido-de-tejidos\/sp-torpedo\/\" \/>\n<meta property=\"og:locale\" content=\"es_ES\" \/>\n<meta property=\"og:type\" content=\"article\" \/>\n<meta property=\"og:title\" content=\"SP\/Torpedo - Ugolini\" \/>\n<meta property=\"og:description\" content=\"Scopri SP\/Torpedo di Ugolini, leader nelle macchine per tintura da laboratorio e da produzione.\" \/>\n<meta property=\"og:url\" content=\"https:\/\/www.ugolini.net\/es\/tenido-de-tejidos\/sp-torpedo\/\" \/>\n<meta property=\"og:site_name\" content=\"Ugolini\" \/>\n<meta property=\"article:modified_time\" content=\"2023-06-28T08:00:19+00:00\" \/>\n<meta property=\"og:image\" content=\"https:\/\/www.ugolini.net\/wp-content\/uploads\/2023\/05\/torpedo.png\" \/>\n\t<meta property=\"og:image:width\" content=\"1153\" \/>\n\t<meta property=\"og:image:height\" content=\"777\" \/>\n\t<meta property=\"og:image:type\" content=\"image\/png\" \/>\n<meta name=\"twitter:card\" content=\"summary_large_image\" \/>\n<meta name=\"twitter:label1\" content=\"Tiempo de lectura\" \/>\n\t<meta name=\"twitter:data1\" content=\"2 minutos\" \/>\n<!-- \/ Yoast SEO plugin. -->","yoast_head_json":{"title":"SP\/Torpedo - Ugolini","description":"Scopri SP\/Torpedo di Ugolini, leader nelle macchine per tintura da laboratorio e da produzione.","robots":{"index":"index","follow":"follow","max-snippet":"max-snippet:-1","max-image-preview":"max-image-preview:large","max-video-preview":"max-video-preview:-1"},"canonical":"https:\/\/www.ugolini.net\/es\/tenido-de-tejidos\/sp-torpedo\/","og_locale":"es_ES","og_type":"article","og_title":"SP\/Torpedo - Ugolini","og_description":"Scopri SP\/Torpedo di Ugolini, leader nelle macchine per tintura da laboratorio e da produzione.","og_url":"https:\/\/www.ugolini.net\/es\/tenido-de-tejidos\/sp-torpedo\/","og_site_name":"Ugolini","article_modified_time":"2023-06-28T08:00:19+00:00","og_image":[{"width":1153,"height":777,"url":"https:\/\/www.ugolini.net\/wp-content\/uploads\/2023\/05\/torpedo.png","type":"image\/png"}],"twitter_card":"summary_large_image","twitter_misc":{"Tiempo de lectura":"2 minutos"},"schema":{"@context":"https:\/\/schema.org","@graph":[{"@type":"WebPage","@id":"https:\/\/www.ugolini.net\/es\/tenido-de-tejidos\/sp-torpedo\/","url":"https:\/\/www.ugolini.net\/es\/tenido-de-tejidos\/sp-torpedo\/","name":"SP\/Torpedo - Ugolini","isPartOf":{"@id":"https:\/\/www.ugolini.net\/es\/#website"},"primaryImageOfPage":{"@id":"https:\/\/www.ugolini.net\/es\/tenido-de-tejidos\/sp-torpedo\/#primaryimage"},"image":{"@id":"https:\/\/www.ugolini.net\/es\/tenido-de-tejidos\/sp-torpedo\/#primaryimage"},"thumbnailUrl":"https:\/\/www.ugolini.net\/wp-content\/uploads\/2023\/05\/torpedo.png","datePublished":"2023-05-17T13:27:31+00:00","dateModified":"2023-06-28T08:00:19+00:00","description":"Scopri SP\/Torpedo di Ugolini, leader nelle macchine per tintura da laboratorio e da produzione.","breadcrumb":{"@id":"https:\/\/www.ugolini.net\/es\/tenido-de-tejidos\/sp-torpedo\/#breadcrumb"},"inLanguage":"es","potentialAction":[{"@type":"ReadAction","target":["https:\/\/www.ugolini.net\/es\/tenido-de-tejidos\/sp-torpedo\/"]}]},{"@type":"ImageObject","inLanguage":"es","@id":"https:\/\/www.ugolini.net\/es\/tenido-de-tejidos\/sp-torpedo\/#primaryimage","url":"https:\/\/www.ugolini.net\/wp-content\/uploads\/2023\/05\/torpedo.png","contentUrl":"https:\/\/www.ugolini.net\/wp-content\/uploads\/2023\/05\/torpedo.png","width":1153,"height":777},{"@type":"BreadcrumbList","@id":"https:\/\/www.ugolini.net\/es\/tenido-de-tejidos\/sp-torpedo\/#breadcrumb","itemListElement":[{"@type":"ListItem","position":1,"name":"Home","item":"https:\/\/www.ugolini.net\/es\/"},{"@type":"ListItem","position":2,"name":"Productos","item":"https:\/\/www.ugolini.net\/es\/shop\/"},{"@type":"ListItem","position":3,"name":"Te\u00f1idoras","item":"https:\/\/www.ugolini.net\/es\/tenidoras\/"},{"@type":"ListItem","position":4,"name":"M\u00e1quinas de te\u00f1ido de tejidos","item":"https:\/\/www.ugolini.net\/es\/tenido-de-tejidos\/"},{"@type":"ListItem","position":5,"name":"SP\/Torpedo"}]},{"@type":"WebSite","@id":"https:\/\/www.ugolini.net\/es\/#website","url":"https:\/\/www.ugolini.net\/es\/","name":"Ugolini","description":"Dyeing machines","potentialAction":[{"@type":"SearchAction","target":{"@type":"EntryPoint","urlTemplate":"https:\/\/www.ugolini.net\/es\/?s={search_term_string}"},"query-input":{"@type":"PropertyValueSpecification","valueRequired":true,"valueName":"search_term_string"}}],"inLanguage":"es"}]}},"_links":{"self":[{"href":"https:\/\/www.ugolini.net\/es\/wp-json\/wp\/v2\/product\/2081","targetHints":{"allow":["GET"]}}],"collection":[{"href":"https:\/\/www.ugolini.net\/es\/wp-json\/wp\/v2\/product"}],"about":[{"href":"https:\/\/www.ugolini.net\/es\/wp-json\/wp\/v2\/types\/product"}],"replies":[{"embeddable":true,"href":"https:\/\/www.ugolini.net\/es\/wp-json\/wp\/v2\/comments?post=2081"}],"wp:featuredmedia":[{"embeddable":true,"href":"https:\/\/www.ugolini.net\/es\/wp-json\/wp\/v2\/media\/1930"}],"wp:attachment":[{"href":"https:\/\/www.ugolini.net\/es\/wp-json\/wp\/v2\/media?parent=2081"}],"wp:term":[{"taxonomy":"product_brand","embeddable":true,"href":"https:\/\/www.ugolini.net\/es\/wp-json\/wp\/v2\/product_brand?post=2081"},{"taxonomy":"product_cat","embeddable":true,"href":"https:\/\/www.ugolini.net\/es\/wp-json\/wp\/v2\/product_cat?post=2081"},{"taxonomy":"product_tag","embeddable":true,"href":"https:\/\/www.ugolini.net\/es\/wp-json\/wp\/v2\/product_tag?post=2081"}],"curies":[{"name":"wp","href":"https:\/\/api.w.org\/{rel}","templated":true}]}}