{"id":2080,"date":"2023-05-17T13:31:03","date_gmt":"2023-05-17T13:31:03","guid":{"rendered":"https:\/\/www.ugolini.net\/sin%20categor\u00eda\/colortex\/"},"modified":"2023-06-27T14:50:54","modified_gmt":"2023-06-27T14:50:54","slug":"colortex","status":"publish","type":"product","link":"https:\/\/www.ugolini.net\/es\/tenido-de-tejidos\/colortex\/","title":{"rendered":"Colortex"},"content":{"rendered":"<h3>Colortex<\/h3>\n<p>Aparato de tintura de laboratorio y peque\u00f1a producci\u00f3n de tejido a presi\u00f3n atmosf\u00e9rica (m\u00e1x 98\u00b0C). Construcci\u00f3n modular de 1 a 4 cubas independientes.<br \/>\nCalentamiento el\u00e9ctrico o bien a vapor.<br \/>\nLa capacidad de cada ba\u00f1o es a petici\u00f3n del cliente (desde 25 hasta 200 litros).<br \/>\nTanque de introducci\u00f3n (opcional) para cada cuba, completo de bomba. N\u00famero 1 programador autom\u00e1tico simple para cada tanque, con funci\u00f3n de tiempo\/temperatura, llenado, descarga, lavado.<\/p>\n","protected":false},"excerpt":{"rendered":"<p>Aparato de tintura de laboratorio y peque\u00f1a producci\u00f3n de tejido a presi\u00f3n atmosf\u00e9rica (m\u00e1x 98\u00b0C).<\/p>\n","protected":false},"featured_media":1812,"comment_status":"open","ping_status":"closed","template":"","meta":{"_et_pb_use_builder":"","_et_pb_old_content":"","_et_gb_content_width":""},"product_brand":[],"product_cat":[198,194],"product_tag":[],"class_list":{"0":"post-2080","1":"product","2":"type-product","3":"status-publish","4":"has-post-thumbnail","6":"product_cat-tenido-de-tejidos","7":"product_cat-tenidoras","9":"first","10":"instock","11":"shipping-taxable","12":"product-type-simple"},"acf":[],"yoast_head":"<!-- This site is optimized with the Yoast SEO plugin v26.0 - https:\/\/yoast.com\/wordpress\/plugins\/seo\/ -->\n<title>Colortex - Ugolini<\/title>\n<meta name=\"description\" content=\"Scopri Colortex di Ugolini, leader nelle macchine per tintura da laboratorio e da produzione.\" \/>\n<meta name=\"robots\" content=\"index, follow, max-snippet:-1, max-image-preview:large, max-video-preview:-1\" \/>\n<link rel=\"canonical\" href=\"https:\/\/www.ugolini.net\/es\/tenido-de-tejidos\/colortex\/\" \/>\n<meta property=\"og:locale\" content=\"es_ES\" \/>\n<meta property=\"og:type\" content=\"article\" \/>\n<meta property=\"og:title\" content=\"Colortex - Ugolini\" \/>\n<meta property=\"og:description\" content=\"Scopri Colortex di Ugolini, leader nelle macchine per tintura da laboratorio e da produzione.\" \/>\n<meta property=\"og:url\" content=\"https:\/\/www.ugolini.net\/es\/tenido-de-tejidos\/colortex\/\" \/>\n<meta property=\"og:site_name\" content=\"Ugolini\" \/>\n<meta property=\"article:modified_time\" content=\"2023-06-27T14:50:54+00:00\" \/>\n<meta property=\"og:image\" content=\"https:\/\/www.ugolini.net\/wp-content\/uploads\/2023\/05\/colortex_scontornato-1024x819.png\" \/>\n\t<meta property=\"og:image:width\" content=\"1024\" \/>\n\t<meta property=\"og:image:height\" content=\"819\" \/>\n\t<meta property=\"og:image:type\" content=\"image\/png\" \/>\n<meta name=\"twitter:card\" content=\"summary_large_image\" \/>\n<meta name=\"twitter:label1\" content=\"Tiempo de lectura\" \/>\n\t<meta name=\"twitter:data1\" content=\"1 minuto\" \/>\n<!-- \/ Yoast SEO plugin. -->","yoast_head_json":{"title":"Colortex - Ugolini","description":"Scopri Colortex di Ugolini, leader nelle macchine per tintura da laboratorio e da produzione.","robots":{"index":"index","follow":"follow","max-snippet":"max-snippet:-1","max-image-preview":"max-image-preview:large","max-video-preview":"max-video-preview:-1"},"canonical":"https:\/\/www.ugolini.net\/es\/tenido-de-tejidos\/colortex\/","og_locale":"es_ES","og_type":"article","og_title":"Colortex - Ugolini","og_description":"Scopri Colortex di Ugolini, leader nelle macchine per tintura da laboratorio e da produzione.","og_url":"https:\/\/www.ugolini.net\/es\/tenido-de-tejidos\/colortex\/","og_site_name":"Ugolini","article_modified_time":"2023-06-27T14:50:54+00:00","og_image":[{"width":1024,"height":819,"url":"https:\/\/www.ugolini.net\/wp-content\/uploads\/2023\/05\/colortex_scontornato-1024x819.png","type":"image\/png"}],"twitter_card":"summary_large_image","twitter_misc":{"Tiempo de lectura":"1 minuto"},"schema":{"@context":"https:\/\/schema.org","@graph":[{"@type":"WebPage","@id":"https:\/\/www.ugolini.net\/es\/tenido-de-tejidos\/colortex\/","url":"https:\/\/www.ugolini.net\/es\/tenido-de-tejidos\/colortex\/","name":"Colortex - Ugolini","isPartOf":{"@id":"https:\/\/www.ugolini.net\/es\/#website"},"primaryImageOfPage":{"@id":"https:\/\/www.ugolini.net\/es\/tenido-de-tejidos\/colortex\/#primaryimage"},"image":{"@id":"https:\/\/www.ugolini.net\/es\/tenido-de-tejidos\/colortex\/#primaryimage"},"thumbnailUrl":"https:\/\/www.ugolini.net\/wp-content\/uploads\/2023\/05\/colortex_scontornato.png","datePublished":"2023-05-17T13:31:03+00:00","dateModified":"2023-06-27T14:50:54+00:00","description":"Scopri Colortex di Ugolini, leader nelle macchine per tintura da laboratorio e da produzione.","breadcrumb":{"@id":"https:\/\/www.ugolini.net\/es\/tenido-de-tejidos\/colortex\/#breadcrumb"},"inLanguage":"es","potentialAction":[{"@type":"ReadAction","target":["https:\/\/www.ugolini.net\/es\/tenido-de-tejidos\/colortex\/"]}]},{"@type":"ImageObject","inLanguage":"es","@id":"https:\/\/www.ugolini.net\/es\/tenido-de-tejidos\/colortex\/#primaryimage","url":"https:\/\/www.ugolini.net\/wp-content\/uploads\/2023\/05\/colortex_scontornato.png","contentUrl":"https:\/\/www.ugolini.net\/wp-content\/uploads\/2023\/05\/colortex_scontornato.png","width":5906,"height":4724},{"@type":"BreadcrumbList","@id":"https:\/\/www.ugolini.net\/es\/tenido-de-tejidos\/colortex\/#breadcrumb","itemListElement":[{"@type":"ListItem","position":1,"name":"Home","item":"https:\/\/www.ugolini.net\/es\/"},{"@type":"ListItem","position":2,"name":"Productos","item":"https:\/\/www.ugolini.net\/es\/shop\/"},{"@type":"ListItem","position":3,"name":"Te\u00f1idoras","item":"https:\/\/www.ugolini.net\/es\/tenidoras\/"},{"@type":"ListItem","position":4,"name":"M\u00e1quinas de te\u00f1ido de tejidos","item":"https:\/\/www.ugolini.net\/es\/tenido-de-tejidos\/"},{"@type":"ListItem","position":5,"name":"Colortex"}]},{"@type":"WebSite","@id":"https:\/\/www.ugolini.net\/es\/#website","url":"https:\/\/www.ugolini.net\/es\/","name":"Ugolini","description":"Dyeing machines","potentialAction":[{"@type":"SearchAction","target":{"@type":"EntryPoint","urlTemplate":"https:\/\/www.ugolini.net\/es\/?s={search_term_string}"},"query-input":{"@type":"PropertyValueSpecification","valueRequired":true,"valueName":"search_term_string"}}],"inLanguage":"es"}]}},"_links":{"self":[{"href":"https:\/\/www.ugolini.net\/es\/wp-json\/wp\/v2\/product\/2080","targetHints":{"allow":["GET"]}}],"collection":[{"href":"https:\/\/www.ugolini.net\/es\/wp-json\/wp\/v2\/product"}],"about":[{"href":"https:\/\/www.ugolini.net\/es\/wp-json\/wp\/v2\/types\/product"}],"replies":[{"embeddable":true,"href":"https:\/\/www.ugolini.net\/es\/wp-json\/wp\/v2\/comments?post=2080"}],"wp:featuredmedia":[{"embeddable":true,"href":"https:\/\/www.ugolini.net\/es\/wp-json\/wp\/v2\/media\/1812"}],"wp:attachment":[{"href":"https:\/\/www.ugolini.net\/es\/wp-json\/wp\/v2\/media?parent=2080"}],"wp:term":[{"taxonomy":"product_brand","embeddable":true,"href":"https:\/\/www.ugolini.net\/es\/wp-json\/wp\/v2\/product_brand?post=2080"},{"taxonomy":"product_cat","embeddable":true,"href":"https:\/\/www.ugolini.net\/es\/wp-json\/wp\/v2\/product_cat?post=2080"},{"taxonomy":"product_tag","embeddable":true,"href":"https:\/\/www.ugolini.net\/es\/wp-json\/wp\/v2\/product_tag?post=2080"}],"curies":[{"name":"wp","href":"https:\/\/api.w.org\/{rel}","templated":true}]}}