{"id":2076,"date":"2023-05-17T13:32:30","date_gmt":"2023-05-17T13:32:30","guid":{"rendered":"https:\/\/www.ugolini.net\/sin%20categor\u00eda\/centridye\/"},"modified":"2023-06-27T14:41:37","modified_gmt":"2023-06-27T14:41:37","slug":"centridye","status":"publish","type":"product","link":"https:\/\/www.ugolini.net\/es\/tenido-de-copos\/centridye\/","title":{"rendered":"Centridye"},"content":{"rendered":"<h3>Centridye<\/h3>\n<p>La m\u00e1quina permite realizar un proceso completo, desde el blanqueo hasta el te\u00f1ido, lavado y centrifugado. Al final del ciclo, el material que se extrae ya est\u00e1 centrifugado. y listo para ser secado.<br \/>\nHa sido dise\u00f1ado para te\u00f1ir fibra, pero tam-bi\u00e9n puede te\u00f1ir madejas y tejidos.<br \/>\nLos puntos fuertes de la m\u00e1quina son:<\/p>\n<ul>\n<li>No hay cambio entre m\u00e1quinas de te\u00f1ido y centr\u00edfugas, ya que la m\u00e1quina es la misma;<\/li>\n<li>Relaci\u00f3n de ba\u00f1o 1: 4 &#8211; 1: 5;<\/li>\n<li>Requiere menos lavado al final del ciclo (aproximadamente la mitad de las m\u00e1quinas tradicionales);<\/li>\n<li>Tiempos de producci\u00f3n mucho m\u00e1s bajos que el m\u00e9todo tradicional.<\/li>\n<\/ul>\n<p><strong>Tiempos de ciclo \/ relaci\u00f3n de ba\u00f1o<\/strong><br \/>\nFibra de algod\u00f3n 3 horas (te\u00f1ido &#8211; lavado y centrifugado); relaci\u00f3n de ba\u00f1o 1: 5<br \/>\nFibra viscosa 3 horas (te\u00f1ido &#8211; lavado y centrifugado); relaci\u00f3n de ba\u00f1o 1: 5<br \/>\nFibra poli\u00e9ster 2 horas (te\u00f1ido &#8211; lavado y centrifugado); relaci\u00f3n de ba\u00f1o 1: 4<br \/>\nFibra acr\u00edlica 2 horas (te\u00f1ido &#8211; lavado y centrifugado); relaci\u00f3n de ba\u00f1o 1: 4<br \/>\nFibra de lana 2 horas (te\u00f1ido &#8211; lavado y centrifugado); relaci\u00f3n de ba\u00f1o 1: 4<\/p>\n","protected":false},"excerpt":{"rendered":"<p>La m\u00e1quina permite realizar un proceso completo, desde el blanqueo hasta el te\u00f1ido, lavado y centrifugado.<\/p>\n","protected":false},"featured_media":1919,"comment_status":"open","ping_status":"closed","template":"","meta":{"_et_pb_use_builder":"","_et_pb_old_content":"","_et_gb_content_width":""},"product_brand":[],"product_cat":[195,194],"product_tag":[],"class_list":{"0":"post-2076","1":"product","2":"type-product","3":"status-publish","4":"has-post-thumbnail","6":"product_cat-tenido-de-copos","7":"product_cat-tenidoras","9":"first","10":"instock","11":"shipping-taxable","12":"product-type-simple"},"acf":[],"yoast_head":"<!-- This site is optimized with the Yoast SEO plugin v26.0 - https:\/\/yoast.com\/wordpress\/plugins\/seo\/ -->\n<title>Centridye - Ugolini<\/title>\n<meta name=\"description\" content=\"Scopri Centridye di Ugolini, leader nelle macchine per tintura da laboratorio e da produzione.\" \/>\n<meta name=\"robots\" content=\"index, follow, max-snippet:-1, max-image-preview:large, max-video-preview:-1\" \/>\n<link rel=\"canonical\" href=\"https:\/\/www.ugolini.net\/es\/tenido-de-copos\/centridye\/\" \/>\n<meta property=\"og:locale\" content=\"es_ES\" \/>\n<meta property=\"og:type\" content=\"article\" \/>\n<meta property=\"og:title\" content=\"Centridye - Ugolini\" \/>\n<meta property=\"og:description\" content=\"Scopri Centridye di Ugolini, leader nelle macchine per tintura da laboratorio e da produzione.\" \/>\n<meta property=\"og:url\" content=\"https:\/\/www.ugolini.net\/es\/tenido-de-copos\/centridye\/\" \/>\n<meta property=\"og:site_name\" content=\"Ugolini\" \/>\n<meta property=\"article:modified_time\" content=\"2023-06-27T14:41:37+00:00\" \/>\n<meta property=\"og:image\" content=\"https:\/\/www.ugolini.net\/wp-content\/uploads\/2023\/05\/centridye.png\" \/>\n\t<meta property=\"og:image:width\" content=\"1124\" \/>\n\t<meta property=\"og:image:height\" content=\"793\" \/>\n\t<meta property=\"og:image:type\" content=\"image\/png\" \/>\n<meta name=\"twitter:card\" content=\"summary_large_image\" \/>\n<meta name=\"twitter:label1\" content=\"Tiempo de lectura\" \/>\n\t<meta name=\"twitter:data1\" content=\"1 minuto\" \/>\n<!-- \/ Yoast SEO plugin. -->","yoast_head_json":{"title":"Centridye - Ugolini","description":"Scopri Centridye di Ugolini, leader nelle macchine per tintura da laboratorio e da produzione.","robots":{"index":"index","follow":"follow","max-snippet":"max-snippet:-1","max-image-preview":"max-image-preview:large","max-video-preview":"max-video-preview:-1"},"canonical":"https:\/\/www.ugolini.net\/es\/tenido-de-copos\/centridye\/","og_locale":"es_ES","og_type":"article","og_title":"Centridye - Ugolini","og_description":"Scopri Centridye di Ugolini, leader nelle macchine per tintura da laboratorio e da produzione.","og_url":"https:\/\/www.ugolini.net\/es\/tenido-de-copos\/centridye\/","og_site_name":"Ugolini","article_modified_time":"2023-06-27T14:41:37+00:00","og_image":[{"width":1124,"height":793,"url":"https:\/\/www.ugolini.net\/wp-content\/uploads\/2023\/05\/centridye.png","type":"image\/png"}],"twitter_card":"summary_large_image","twitter_misc":{"Tiempo de lectura":"1 minuto"},"schema":{"@context":"https:\/\/schema.org","@graph":[{"@type":"WebPage","@id":"https:\/\/www.ugolini.net\/es\/tenido-de-copos\/centridye\/","url":"https:\/\/www.ugolini.net\/es\/tenido-de-copos\/centridye\/","name":"Centridye - Ugolini","isPartOf":{"@id":"https:\/\/www.ugolini.net\/es\/#website"},"primaryImageOfPage":{"@id":"https:\/\/www.ugolini.net\/es\/tenido-de-copos\/centridye\/#primaryimage"},"image":{"@id":"https:\/\/www.ugolini.net\/es\/tenido-de-copos\/centridye\/#primaryimage"},"thumbnailUrl":"https:\/\/www.ugolini.net\/wp-content\/uploads\/2023\/05\/centridye.png","datePublished":"2023-05-17T13:32:30+00:00","dateModified":"2023-06-27T14:41:37+00:00","description":"Scopri Centridye di Ugolini, leader nelle macchine per tintura da laboratorio e da produzione.","breadcrumb":{"@id":"https:\/\/www.ugolini.net\/es\/tenido-de-copos\/centridye\/#breadcrumb"},"inLanguage":"es","potentialAction":[{"@type":"ReadAction","target":["https:\/\/www.ugolini.net\/es\/tenido-de-copos\/centridye\/"]}]},{"@type":"ImageObject","inLanguage":"es","@id":"https:\/\/www.ugolini.net\/es\/tenido-de-copos\/centridye\/#primaryimage","url":"https:\/\/www.ugolini.net\/wp-content\/uploads\/2023\/05\/centridye.png","contentUrl":"https:\/\/www.ugolini.net\/wp-content\/uploads\/2023\/05\/centridye.png","width":1124,"height":793},{"@type":"BreadcrumbList","@id":"https:\/\/www.ugolini.net\/es\/tenido-de-copos\/centridye\/#breadcrumb","itemListElement":[{"@type":"ListItem","position":1,"name":"Home","item":"https:\/\/www.ugolini.net\/es\/"},{"@type":"ListItem","position":2,"name":"Productos","item":"https:\/\/www.ugolini.net\/es\/shop\/"},{"@type":"ListItem","position":3,"name":"Te\u00f1idoras","item":"https:\/\/www.ugolini.net\/es\/tenidoras\/"},{"@type":"ListItem","position":4,"name":"M\u00e1quinas de te\u00f1ido de copos","item":"https:\/\/www.ugolini.net\/es\/tenido-de-copos\/"},{"@type":"ListItem","position":5,"name":"Centridye"}]},{"@type":"WebSite","@id":"https:\/\/www.ugolini.net\/es\/#website","url":"https:\/\/www.ugolini.net\/es\/","name":"Ugolini","description":"Dyeing machines","potentialAction":[{"@type":"SearchAction","target":{"@type":"EntryPoint","urlTemplate":"https:\/\/www.ugolini.net\/es\/?s={search_term_string}"},"query-input":{"@type":"PropertyValueSpecification","valueRequired":true,"valueName":"search_term_string"}}],"inLanguage":"es"}]}},"_links":{"self":[{"href":"https:\/\/www.ugolini.net\/es\/wp-json\/wp\/v2\/product\/2076","targetHints":{"allow":["GET"]}}],"collection":[{"href":"https:\/\/www.ugolini.net\/es\/wp-json\/wp\/v2\/product"}],"about":[{"href":"https:\/\/www.ugolini.net\/es\/wp-json\/wp\/v2\/types\/product"}],"replies":[{"embeddable":true,"href":"https:\/\/www.ugolini.net\/es\/wp-json\/wp\/v2\/comments?post=2076"}],"wp:featuredmedia":[{"embeddable":true,"href":"https:\/\/www.ugolini.net\/es\/wp-json\/wp\/v2\/media\/1919"}],"wp:attachment":[{"href":"https:\/\/www.ugolini.net\/es\/wp-json\/wp\/v2\/media?parent=2076"}],"wp:term":[{"taxonomy":"product_brand","embeddable":true,"href":"https:\/\/www.ugolini.net\/es\/wp-json\/wp\/v2\/product_brand?post=2076"},{"taxonomy":"product_cat","embeddable":true,"href":"https:\/\/www.ugolini.net\/es\/wp-json\/wp\/v2\/product_cat?post=2076"},{"taxonomy":"product_tag","embeddable":true,"href":"https:\/\/www.ugolini.net\/es\/wp-json\/wp\/v2\/product_tag?post=2076"}],"curies":[{"name":"wp","href":"https:\/\/api.w.org\/{rel}","templated":true}]}}