{"id":2074,"date":"2023-05-17T13:29:34","date_gmt":"2023-05-17T13:29:34","guid":{"rendered":"https:\/\/www.ugolini.net\/sin%20categor\u00eda\/hank\/"},"modified":"2023-06-27T14:34:43","modified_gmt":"2023-06-27T14:34:43","slug":"hank","status":"publish","type":"product","link":"https:\/\/www.ugolini.net\/es\/tenido-de-hilo\/hank\/","title":{"rendered":"Hank"},"content":{"rendered":"<h3>Hank 10\/200 Kg<\/h3>\n<p>Armario para te\u00f1ido de madejas con relaci\u00f3n de ba\u00f1o reducida. Apto para te\u00f1ir desde 10 hasta 200 kg.<br \/>\nBastones porta materiales, longitud de las ma- dejas de 860 mm (desde 610 hasta 740 despu\u00e9s de la contracci\u00f3n) y de 970 mm (desde 660 hasta 790 despu\u00e9s de la contracci\u00f3n).<br \/>\nMadejas de lana, acr\u00edlico-lana, acr\u00edlico, algod\u00f3n-acr\u00edlico, viscosa, lana-nylon.<br \/>\nEstructura de AISI 316L: constituida por una cuba con forma de paralep\u00edpedo, con circulaci\u00f3n externa del ba\u00f1o. El m\u00f3dulo se ha reforzado con soportes horizontales huecos, capaces de transmitir los esfuerzos a la estructura frontal.<br \/>\nLa rejilla interna permite al ba\u00f1o de circular de forma paralela respecto al hilado al fin de conseguir una tintura delicada y de gran calidad carga variable. Bomba de circulaci\u00f3n bidireccional, dimensionada.<br \/>\nPara generar una presi\u00f3n diferencial adecuada y un gran caudal del ba\u00f1o. Velocidad regulada por inversor.<br \/>\nSerpent\u00edn para el calentamiento y enfriamiento indirecto, posicionado en el fondo de la m\u00e1quina.<br \/>\nFuncionamento con colch\u00f5n de aire o con tanque de expansi\u00f2n externo.<br \/>\nTanque de preparaci\u00f3n del ba\u00f1o 100%, calentado y con mixer.<br \/>\nDispositivo de muestreo.<\/p>\n","protected":false},"excerpt":{"rendered":"<p>Armario para te\u00f1ido de madejas con relaci\u00f3n de ba\u00f1o reducida.<\/p>\n","protected":false},"featured_media":1918,"comment_status":"open","ping_status":"closed","template":"","meta":{"_et_pb_use_builder":"","_et_pb_old_content":"","_et_gb_content_width":""},"product_brand":[],"product_cat":[197,194],"product_tag":[],"class_list":{"0":"post-2074","1":"product","2":"type-product","3":"status-publish","4":"has-post-thumbnail","6":"product_cat-tenido-de-hilo","7":"product_cat-tenidoras","9":"first","10":"instock","11":"shipping-taxable","12":"product-type-simple"},"acf":[],"yoast_head":"<!-- This site is optimized with the Yoast SEO plugin v26.0 - https:\/\/yoast.com\/wordpress\/plugins\/seo\/ -->\n<title>Hank - Ugolini<\/title>\n<meta name=\"description\" content=\"Scopri Hank di Ugolini, leader nelle macchine per tintura da laboratorio e da produzione.\" \/>\n<meta name=\"robots\" content=\"index, follow, max-snippet:-1, max-image-preview:large, max-video-preview:-1\" \/>\n<link rel=\"canonical\" href=\"https:\/\/www.ugolini.net\/es\/tenido-de-hilo\/hank\/\" \/>\n<meta property=\"og:locale\" content=\"es_ES\" \/>\n<meta property=\"og:type\" content=\"article\" \/>\n<meta property=\"og:title\" content=\"Hank - Ugolini\" \/>\n<meta property=\"og:description\" content=\"Scopri Hank di Ugolini, leader nelle macchine per tintura da laboratorio e da produzione.\" \/>\n<meta property=\"og:url\" content=\"https:\/\/www.ugolini.net\/es\/tenido-de-hilo\/hank\/\" \/>\n<meta property=\"og:site_name\" content=\"Ugolini\" \/>\n<meta property=\"article:modified_time\" content=\"2023-06-27T14:34:43+00:00\" \/>\n<meta property=\"og:image\" content=\"https:\/\/www.ugolini.net\/wp-content\/uploads\/2023\/05\/hank.png\" \/>\n\t<meta property=\"og:image:width\" content=\"577\" \/>\n\t<meta property=\"og:image:height\" content=\"991\" \/>\n\t<meta property=\"og:image:type\" content=\"image\/png\" \/>\n<meta name=\"twitter:card\" content=\"summary_large_image\" \/>\n<meta name=\"twitter:label1\" content=\"Tiempo de lectura\" \/>\n\t<meta name=\"twitter:data1\" content=\"1 minuto\" \/>\n<!-- \/ Yoast SEO plugin. -->","yoast_head_json":{"title":"Hank - Ugolini","description":"Scopri Hank di Ugolini, leader nelle macchine per tintura da laboratorio e da produzione.","robots":{"index":"index","follow":"follow","max-snippet":"max-snippet:-1","max-image-preview":"max-image-preview:large","max-video-preview":"max-video-preview:-1"},"canonical":"https:\/\/www.ugolini.net\/es\/tenido-de-hilo\/hank\/","og_locale":"es_ES","og_type":"article","og_title":"Hank - Ugolini","og_description":"Scopri Hank di Ugolini, leader nelle macchine per tintura da laboratorio e da produzione.","og_url":"https:\/\/www.ugolini.net\/es\/tenido-de-hilo\/hank\/","og_site_name":"Ugolini","article_modified_time":"2023-06-27T14:34:43+00:00","og_image":[{"width":577,"height":991,"url":"https:\/\/www.ugolini.net\/wp-content\/uploads\/2023\/05\/hank.png","type":"image\/png"}],"twitter_card":"summary_large_image","twitter_misc":{"Tiempo de lectura":"1 minuto"},"schema":{"@context":"https:\/\/schema.org","@graph":[{"@type":"WebPage","@id":"https:\/\/www.ugolini.net\/es\/tenido-de-hilo\/hank\/","url":"https:\/\/www.ugolini.net\/es\/tenido-de-hilo\/hank\/","name":"Hank - Ugolini","isPartOf":{"@id":"https:\/\/www.ugolini.net\/es\/#website"},"primaryImageOfPage":{"@id":"https:\/\/www.ugolini.net\/es\/tenido-de-hilo\/hank\/#primaryimage"},"image":{"@id":"https:\/\/www.ugolini.net\/es\/tenido-de-hilo\/hank\/#primaryimage"},"thumbnailUrl":"https:\/\/www.ugolini.net\/wp-content\/uploads\/2023\/05\/hank.png","datePublished":"2023-05-17T13:29:34+00:00","dateModified":"2023-06-27T14:34:43+00:00","description":"Scopri Hank di Ugolini, leader nelle macchine per tintura da laboratorio e da produzione.","breadcrumb":{"@id":"https:\/\/www.ugolini.net\/es\/tenido-de-hilo\/hank\/#breadcrumb"},"inLanguage":"es","potentialAction":[{"@type":"ReadAction","target":["https:\/\/www.ugolini.net\/es\/tenido-de-hilo\/hank\/"]}]},{"@type":"ImageObject","inLanguage":"es","@id":"https:\/\/www.ugolini.net\/es\/tenido-de-hilo\/hank\/#primaryimage","url":"https:\/\/www.ugolini.net\/wp-content\/uploads\/2023\/05\/hank.png","contentUrl":"https:\/\/www.ugolini.net\/wp-content\/uploads\/2023\/05\/hank.png","width":577,"height":991},{"@type":"BreadcrumbList","@id":"https:\/\/www.ugolini.net\/es\/tenido-de-hilo\/hank\/#breadcrumb","itemListElement":[{"@type":"ListItem","position":1,"name":"Home","item":"https:\/\/www.ugolini.net\/es\/"},{"@type":"ListItem","position":2,"name":"Productos","item":"https:\/\/www.ugolini.net\/es\/shop\/"},{"@type":"ListItem","position":3,"name":"Te\u00f1idoras","item":"https:\/\/www.ugolini.net\/es\/tenidoras\/"},{"@type":"ListItem","position":4,"name":"M\u00e1quinas de te\u00f1ido de hilo","item":"https:\/\/www.ugolini.net\/es\/tenido-de-hilo\/"},{"@type":"ListItem","position":5,"name":"Hank"}]},{"@type":"WebSite","@id":"https:\/\/www.ugolini.net\/es\/#website","url":"https:\/\/www.ugolini.net\/es\/","name":"Ugolini","description":"Dyeing machines","potentialAction":[{"@type":"SearchAction","target":{"@type":"EntryPoint","urlTemplate":"https:\/\/www.ugolini.net\/es\/?s={search_term_string}"},"query-input":{"@type":"PropertyValueSpecification","valueRequired":true,"valueName":"search_term_string"}}],"inLanguage":"es"}]}},"_links":{"self":[{"href":"https:\/\/www.ugolini.net\/es\/wp-json\/wp\/v2\/product\/2074","targetHints":{"allow":["GET"]}}],"collection":[{"href":"https:\/\/www.ugolini.net\/es\/wp-json\/wp\/v2\/product"}],"about":[{"href":"https:\/\/www.ugolini.net\/es\/wp-json\/wp\/v2\/types\/product"}],"replies":[{"embeddable":true,"href":"https:\/\/www.ugolini.net\/es\/wp-json\/wp\/v2\/comments?post=2074"}],"wp:featuredmedia":[{"embeddable":true,"href":"https:\/\/www.ugolini.net\/es\/wp-json\/wp\/v2\/media\/1918"}],"wp:attachment":[{"href":"https:\/\/www.ugolini.net\/es\/wp-json\/wp\/v2\/media?parent=2074"}],"wp:term":[{"taxonomy":"product_brand","embeddable":true,"href":"https:\/\/www.ugolini.net\/es\/wp-json\/wp\/v2\/product_brand?post=2074"},{"taxonomy":"product_cat","embeddable":true,"href":"https:\/\/www.ugolini.net\/es\/wp-json\/wp\/v2\/product_cat?post=2074"},{"taxonomy":"product_tag","embeddable":true,"href":"https:\/\/www.ugolini.net\/es\/wp-json\/wp\/v2\/product_tag?post=2074"}],"curies":[{"name":"wp","href":"https:\/\/api.w.org\/{rel}","templated":true}]}}