{"id":2072,"date":"2023-05-17T13:24:25","date_gmt":"2023-05-17T13:24:25","guid":{"rendered":"https:\/\/www.ugolini.net\/sin%20categor\u00eda\/gsh\/"},"modified":"2023-06-27T14:30:41","modified_gmt":"2023-06-27T14:30:41","slug":"gsh","status":"publish","type":"product","link":"https:\/\/www.ugolini.net\/es\/tenido-de-hilo\/gsh\/","title":{"rendered":"GSH"},"content":{"rendered":"<h3>GSH 12\/600 Kg<\/h3>\n<p>De dise\u00f1o horizontal GSH es una te\u00f1idora de alta presi\u00f3n y temperatura con porta materiales modulares equipados de espadas eicales. Estas m\u00e1quinas trabajan hasta 6 bar y 140\u00b0C con sistema de contrapresi\u00f3n de aire.<br \/>\nLos modelos van de 50 a 600 KG y son enteramente construido en acero AISI 316L GSHOR permite un f\u00e1cil mantenimiento y se instala en el piso para que las plataformas y gr\u00faas a\u00e9reas no sean necesarias y permitan una f\u00e1cil instalaci\u00f3n.<br \/>\nLos porta-materiales horizontales son modulares e intercambiables y una m\u00e1quina puede cargarse con 1, 2 o 3 porta-materiales, dependiendo de la capacidad de los mismos, de modo que las m\u00e1quinas grandes pueden usar el mismo puerta-material que las peque\u00f1as.<br \/>\nEs posible te\u00f1ir todas bobinas comprimidas o r\u00edgidas, tops, Bumps y el di\u00e1metro de las bobinas variar de 150 a 270mm.<br \/>\nSe pueden cargar de 25% a 100% con una relaci\u00f3n de ba\u00f1o constante de 1: 6 a 1:12 seg\u00fan la solicitud del cliente. Una baja relaci\u00f3n de ba\u00f1o ahorra vapor, productos qu\u00edmicos y agua y tiene un menor impacto ambiental.<br \/>\nEstas m\u00e1quinas pueden trabajar acopladas entre dos. La bomba es centr\u00edfuga, dise\u00f1ada para alcanzar 40lts\/kg*min. en condiciones de carga m\u00e1xima y densidad de bobinado est\u00e1ndar y permite te\u00f1ir bobinas de alta densidad y gran di\u00e1metro. El dispositivo de inversi\u00f3n de ba\u00f1o es autom\u00e1tico y el motor es de alta eficiencia impulsado por inversor.<br \/>\nEl ba\u00f1o es aspirado desde las paredes laterales internas. Caudal\u00edmetro y control de presi\u00f3n diferencial. Llenado anal\u00f3gico con m\u00faltiples entradas de agua y vaciado r\u00e1pido con m\u00faltiples salidas. Vaciado de alta temperatura, lavado por rebosamiento.<br \/>\nSecado mec\u00e1nico por aire comprimido para extraer el agua de las bobinas despu\u00e9s de vaciar la autoclave.<br \/>\nTanque de productos de 25% con nivel de llenado anal\u00f3gico, calentamiento, mezclador y curvas de dosificaci\u00f3n.<br \/>\nTanque de preparaci\u00f3n del mismo tama\u00f1o que la autoclave con mezclador y calentado, con vaciado r\u00e1pido e introducci\u00f3n r\u00e1pida del ba\u00f1o. Disponible todo tipo de controlador o PC industrial.<\/p>\n<p><img decoding=\"async\" class=\"size-medium wp-image-695 aligncenter\" src=\"https:\/\/www.ugolini.net\/wp-content\/uploads\/2023\/05\/GSH-300x70.png\" alt=\"\" width=\"300\" height=\"70\" \/><\/p>\n<p>Las m\u00e1quinas GSH son horizontales, con las mismas caracter\u00edsticas de las verticales, trabajando con sistema de contrapresi\u00f3n de aire.<\/p>\n","protected":false},"excerpt":{"rendered":"<p>De dise\u00f1o horizontal GSH es una te\u00f1idora de alta presi\u00f3n y temperatura con porta materiales modulares equipados de espadas eicales.<\/p>\n","protected":false},"featured_media":1899,"comment_status":"open","ping_status":"closed","template":"","meta":{"_et_pb_use_builder":"","_et_pb_old_content":"","_et_gb_content_width":""},"product_brand":[],"product_cat":[197,194],"product_tag":[],"class_list":{"0":"post-2072","1":"product","2":"type-product","3":"status-publish","4":"has-post-thumbnail","6":"product_cat-tenido-de-hilo","7":"product_cat-tenidoras","9":"first","10":"instock","11":"shipping-taxable","12":"product-type-simple"},"acf":[],"yoast_head":"<!-- This site is optimized with the Yoast SEO plugin v26.0 - https:\/\/yoast.com\/wordpress\/plugins\/seo\/ -->\n<title>GSH - Ugolini<\/title>\n<meta name=\"description\" content=\"Scopri GSH di Ugolini, leader nelle macchine per tintura da laboratorio e da produzione.\" \/>\n<meta name=\"robots\" content=\"index, follow, max-snippet:-1, max-image-preview:large, max-video-preview:-1\" \/>\n<link rel=\"canonical\" href=\"https:\/\/www.ugolini.net\/es\/tenido-de-hilo\/gsh\/\" \/>\n<meta property=\"og:locale\" content=\"es_ES\" \/>\n<meta property=\"og:type\" content=\"article\" \/>\n<meta property=\"og:title\" content=\"GSH - Ugolini\" \/>\n<meta property=\"og:description\" content=\"Scopri GSH di Ugolini, leader nelle macchine per tintura da laboratorio e da produzione.\" \/>\n<meta property=\"og:url\" content=\"https:\/\/www.ugolini.net\/es\/tenido-de-hilo\/gsh\/\" \/>\n<meta property=\"og:site_name\" content=\"Ugolini\" \/>\n<meta property=\"article:modified_time\" content=\"2023-06-27T14:30:41+00:00\" \/>\n<meta property=\"og:image\" content=\"https:\/\/www.ugolini.net\/wp-content\/uploads\/2023\/05\/gsh-1.png\" \/>\n\t<meta property=\"og:image:width\" content=\"1186\" \/>\n\t<meta property=\"og:image:height\" content=\"839\" \/>\n\t<meta property=\"og:image:type\" content=\"image\/png\" \/>\n<meta name=\"twitter:card\" content=\"summary_large_image\" \/>\n<meta name=\"twitter:label1\" content=\"Tiempo de lectura\" \/>\n\t<meta name=\"twitter:data1\" content=\"2 minutos\" \/>\n<!-- \/ Yoast SEO plugin. -->","yoast_head_json":{"title":"GSH - Ugolini","description":"Scopri GSH di Ugolini, leader nelle macchine per tintura da laboratorio e da produzione.","robots":{"index":"index","follow":"follow","max-snippet":"max-snippet:-1","max-image-preview":"max-image-preview:large","max-video-preview":"max-video-preview:-1"},"canonical":"https:\/\/www.ugolini.net\/es\/tenido-de-hilo\/gsh\/","og_locale":"es_ES","og_type":"article","og_title":"GSH - Ugolini","og_description":"Scopri GSH di Ugolini, leader nelle macchine per tintura da laboratorio e da produzione.","og_url":"https:\/\/www.ugolini.net\/es\/tenido-de-hilo\/gsh\/","og_site_name":"Ugolini","article_modified_time":"2023-06-27T14:30:41+00:00","og_image":[{"width":1186,"height":839,"url":"https:\/\/www.ugolini.net\/wp-content\/uploads\/2023\/05\/gsh-1.png","type":"image\/png"}],"twitter_card":"summary_large_image","twitter_misc":{"Tiempo de lectura":"2 minutos"},"schema":{"@context":"https:\/\/schema.org","@graph":[{"@type":"WebPage","@id":"https:\/\/www.ugolini.net\/es\/tenido-de-hilo\/gsh\/","url":"https:\/\/www.ugolini.net\/es\/tenido-de-hilo\/gsh\/","name":"GSH - Ugolini","isPartOf":{"@id":"https:\/\/www.ugolini.net\/es\/#website"},"primaryImageOfPage":{"@id":"https:\/\/www.ugolini.net\/es\/tenido-de-hilo\/gsh\/#primaryimage"},"image":{"@id":"https:\/\/www.ugolini.net\/es\/tenido-de-hilo\/gsh\/#primaryimage"},"thumbnailUrl":"https:\/\/www.ugolini.net\/wp-content\/uploads\/2023\/05\/gsh-1.png","datePublished":"2023-05-17T13:24:25+00:00","dateModified":"2023-06-27T14:30:41+00:00","description":"Scopri GSH di Ugolini, leader nelle macchine per tintura da laboratorio e da produzione.","breadcrumb":{"@id":"https:\/\/www.ugolini.net\/es\/tenido-de-hilo\/gsh\/#breadcrumb"},"inLanguage":"es","potentialAction":[{"@type":"ReadAction","target":["https:\/\/www.ugolini.net\/es\/tenido-de-hilo\/gsh\/"]}]},{"@type":"ImageObject","inLanguage":"es","@id":"https:\/\/www.ugolini.net\/es\/tenido-de-hilo\/gsh\/#primaryimage","url":"https:\/\/www.ugolini.net\/wp-content\/uploads\/2023\/05\/gsh-1.png","contentUrl":"https:\/\/www.ugolini.net\/wp-content\/uploads\/2023\/05\/gsh-1.png","width":1186,"height":839},{"@type":"BreadcrumbList","@id":"https:\/\/www.ugolini.net\/es\/tenido-de-hilo\/gsh\/#breadcrumb","itemListElement":[{"@type":"ListItem","position":1,"name":"Home","item":"https:\/\/www.ugolini.net\/es\/"},{"@type":"ListItem","position":2,"name":"Productos","item":"https:\/\/www.ugolini.net\/es\/shop\/"},{"@type":"ListItem","position":3,"name":"Te\u00f1idoras","item":"https:\/\/www.ugolini.net\/es\/tenidoras\/"},{"@type":"ListItem","position":4,"name":"M\u00e1quinas de te\u00f1ido de hilo","item":"https:\/\/www.ugolini.net\/es\/tenido-de-hilo\/"},{"@type":"ListItem","position":5,"name":"GSH"}]},{"@type":"WebSite","@id":"https:\/\/www.ugolini.net\/es\/#website","url":"https:\/\/www.ugolini.net\/es\/","name":"Ugolini","description":"Dyeing machines","potentialAction":[{"@type":"SearchAction","target":{"@type":"EntryPoint","urlTemplate":"https:\/\/www.ugolini.net\/es\/?s={search_term_string}"},"query-input":{"@type":"PropertyValueSpecification","valueRequired":true,"valueName":"search_term_string"}}],"inLanguage":"es"}]}},"_links":{"self":[{"href":"https:\/\/www.ugolini.net\/es\/wp-json\/wp\/v2\/product\/2072","targetHints":{"allow":["GET"]}}],"collection":[{"href":"https:\/\/www.ugolini.net\/es\/wp-json\/wp\/v2\/product"}],"about":[{"href":"https:\/\/www.ugolini.net\/es\/wp-json\/wp\/v2\/types\/product"}],"replies":[{"embeddable":true,"href":"https:\/\/www.ugolini.net\/es\/wp-json\/wp\/v2\/comments?post=2072"}],"wp:featuredmedia":[{"embeddable":true,"href":"https:\/\/www.ugolini.net\/es\/wp-json\/wp\/v2\/media\/1899"}],"wp:attachment":[{"href":"https:\/\/www.ugolini.net\/es\/wp-json\/wp\/v2\/media?parent=2072"}],"wp:term":[{"taxonomy":"product_brand","embeddable":true,"href":"https:\/\/www.ugolini.net\/es\/wp-json\/wp\/v2\/product_brand?post=2072"},{"taxonomy":"product_cat","embeddable":true,"href":"https:\/\/www.ugolini.net\/es\/wp-json\/wp\/v2\/product_cat?post=2072"},{"taxonomy":"product_tag","embeddable":true,"href":"https:\/\/www.ugolini.net\/es\/wp-json\/wp\/v2\/product_tag?post=2072"}],"curies":[{"name":"wp","href":"https:\/\/api.w.org\/{rel}","templated":true}]}}