{"id":2070,"date":"2023-05-29T12:56:52","date_gmt":"2023-05-29T12:56:52","guid":{"rendered":"https:\/\/www.ugolini.net\/sin%20categor\u00eda\/presse-per-rocche\/"},"modified":"2023-06-30T07:45:16","modified_gmt":"2023-06-30T07:45:16","slug":"prensa-para-bobinas","status":"publish","type":"product","link":"https:\/\/www.ugolini.net\/es\/tenido-de-hilo\/prensa-para-bobinas\/","title":{"rendered":"Prensa para bobinas"},"content":{"rendered":"<p><strong>PRENSA PARA BOBINAS<\/strong><br \/>\nPrensa para porta materiales grandes. Construcci\u00f3n en hierro barnizado, columna anclada a la pared, con brazo equipado con carro porta pist\u00f3n.<br \/>\nEl brazo tambi\u00e9n puede girar alrededor de la columna.<br \/>\nMotorreductor para movimiento del carro porta pist\u00f3n con final de carrera. Tablero el\u00e9ctrico de pared con controles de seguridad de dos manos para movimiento del pist\u00f3n.<\/p>\n<p>Carrera de prensado a partir de aproximadamente 2100mm a 700 mm.<br \/>\nDimensiones columna 3000mm. Longitud del brazo giratorio: 2000mm. Carrera m\u00e1xima del pist\u00f3n: 1.400mm.<br \/>\nRegulador de presi\u00f3n de aire con man\u00f3metro de 0,5 a 8 bar.<br \/>\nSelector para 3 tipos de presiones diferentes. La prensa de espada \u00fanica tambi\u00e9n est\u00e1 disponible.<\/p>\n<p><strong>PRENSA PORT\u00c0TIL<\/strong><br \/>\nSoluci\u00f3n eficiente en espacio, sin necesidad de dedicar espacio para una soluci\u00f3n fija.<br \/>\nEs f\u00e1cil presionar los paquetes simplemente moviendo el dispositivo de carga de la prensa. El dispositivo se controla solo por aire y no hay necesidad de energ\u00eda el\u00e9ctrica.<\/p>\n<p>OPERACIONES A 2 MANOS<\/p>\n<p><img decoding=\"async\" class=\"alignnone size-full wp-image-693\" src=\"https:\/\/www.ugolini.net\/wp-content\/uploads\/2023\/05\/pressa-4.png\" alt=\"pressa a due mani\" width=\"252\" height=\"145\" \/><\/p>\n","protected":false},"excerpt":{"rendered":"<p>Prensa para porta materiales grandes o port\u00e1til.<\/p>\n","protected":false},"featured_media":1894,"comment_status":"open","ping_status":"closed","template":"","meta":{"_et_pb_use_builder":"","_et_pb_old_content":"","_et_gb_content_width":""},"product_brand":[],"product_cat":[197,194],"product_tag":[],"class_list":{"0":"post-2070","1":"product","2":"type-product","3":"status-publish","4":"has-post-thumbnail","6":"product_cat-tenido-de-hilo","7":"product_cat-tenidoras","9":"first","10":"instock","11":"shipping-taxable","12":"product-type-simple"},"acf":[],"yoast_head":"<!-- This site is optimized with the Yoast SEO plugin v26.0 - https:\/\/yoast.com\/wordpress\/plugins\/seo\/ -->\n<title>Prensa para bobinas - Ugolini<\/title>\n<meta name=\"description\" content=\"Scopri Prensa para bobinas di Ugolini, leader nelle macchine per tintura da laboratorio e da produzione.\" \/>\n<meta name=\"robots\" content=\"index, follow, max-snippet:-1, max-image-preview:large, max-video-preview:-1\" \/>\n<link rel=\"canonical\" href=\"https:\/\/www.ugolini.net\/es\/tenido-de-hilo\/prensa-para-bobinas\/\" \/>\n<meta property=\"og:locale\" content=\"es_ES\" \/>\n<meta property=\"og:type\" content=\"article\" \/>\n<meta property=\"og:title\" content=\"Prensa para bobinas - Ugolini\" \/>\n<meta property=\"og:description\" content=\"Scopri Prensa para bobinas di Ugolini, leader nelle macchine per tintura da laboratorio e da produzione.\" \/>\n<meta property=\"og:url\" content=\"https:\/\/www.ugolini.net\/es\/tenido-de-hilo\/prensa-para-bobinas\/\" \/>\n<meta property=\"og:site_name\" content=\"Ugolini\" \/>\n<meta property=\"article:modified_time\" content=\"2023-06-30T07:45:16+00:00\" \/>\n<meta property=\"og:image\" content=\"https:\/\/www.ugolini.net\/wp-content\/uploads\/2023\/05\/pressa.png\" \/>\n\t<meta property=\"og:image:width\" content=\"585\" \/>\n\t<meta property=\"og:image:height\" content=\"880\" \/>\n\t<meta property=\"og:image:type\" content=\"image\/png\" \/>\n<meta name=\"twitter:card\" content=\"summary_large_image\" \/>\n<meta name=\"twitter:label1\" content=\"Tiempo de lectura\" \/>\n\t<meta name=\"twitter:data1\" content=\"2 minutos\" \/>\n<!-- \/ Yoast SEO plugin. -->","yoast_head_json":{"title":"Prensa para bobinas - Ugolini","description":"Scopri Prensa para bobinas di Ugolini, leader nelle macchine per tintura da laboratorio e da produzione.","robots":{"index":"index","follow":"follow","max-snippet":"max-snippet:-1","max-image-preview":"max-image-preview:large","max-video-preview":"max-video-preview:-1"},"canonical":"https:\/\/www.ugolini.net\/es\/tenido-de-hilo\/prensa-para-bobinas\/","og_locale":"es_ES","og_type":"article","og_title":"Prensa para bobinas - Ugolini","og_description":"Scopri Prensa para bobinas di Ugolini, leader nelle macchine per tintura da laboratorio e da produzione.","og_url":"https:\/\/www.ugolini.net\/es\/tenido-de-hilo\/prensa-para-bobinas\/","og_site_name":"Ugolini","article_modified_time":"2023-06-30T07:45:16+00:00","og_image":[{"width":585,"height":880,"url":"https:\/\/www.ugolini.net\/wp-content\/uploads\/2023\/05\/pressa.png","type":"image\/png"}],"twitter_card":"summary_large_image","twitter_misc":{"Tiempo de lectura":"2 minutos"},"schema":{"@context":"https:\/\/schema.org","@graph":[{"@type":"WebPage","@id":"https:\/\/www.ugolini.net\/es\/tenido-de-hilo\/prensa-para-bobinas\/","url":"https:\/\/www.ugolini.net\/es\/tenido-de-hilo\/prensa-para-bobinas\/","name":"Prensa para bobinas - Ugolini","isPartOf":{"@id":"https:\/\/www.ugolini.net\/es\/#website"},"primaryImageOfPage":{"@id":"https:\/\/www.ugolini.net\/es\/tenido-de-hilo\/prensa-para-bobinas\/#primaryimage"},"image":{"@id":"https:\/\/www.ugolini.net\/es\/tenido-de-hilo\/prensa-para-bobinas\/#primaryimage"},"thumbnailUrl":"https:\/\/www.ugolini.net\/wp-content\/uploads\/2023\/05\/pressa.png","datePublished":"2023-05-29T12:56:52+00:00","dateModified":"2023-06-30T07:45:16+00:00","description":"Scopri Prensa para bobinas di Ugolini, leader nelle macchine per tintura da laboratorio e da produzione.","breadcrumb":{"@id":"https:\/\/www.ugolini.net\/es\/tenido-de-hilo\/prensa-para-bobinas\/#breadcrumb"},"inLanguage":"es","potentialAction":[{"@type":"ReadAction","target":["https:\/\/www.ugolini.net\/es\/tenido-de-hilo\/prensa-para-bobinas\/"]}]},{"@type":"ImageObject","inLanguage":"es","@id":"https:\/\/www.ugolini.net\/es\/tenido-de-hilo\/prensa-para-bobinas\/#primaryimage","url":"https:\/\/www.ugolini.net\/wp-content\/uploads\/2023\/05\/pressa.png","contentUrl":"https:\/\/www.ugolini.net\/wp-content\/uploads\/2023\/05\/pressa.png","width":585,"height":880},{"@type":"BreadcrumbList","@id":"https:\/\/www.ugolini.net\/es\/tenido-de-hilo\/prensa-para-bobinas\/#breadcrumb","itemListElement":[{"@type":"ListItem","position":1,"name":"Home","item":"https:\/\/www.ugolini.net\/es\/"},{"@type":"ListItem","position":2,"name":"Productos","item":"https:\/\/www.ugolini.net\/es\/shop\/"},{"@type":"ListItem","position":3,"name":"Te\u00f1idoras","item":"https:\/\/www.ugolini.net\/es\/tenidoras\/"},{"@type":"ListItem","position":4,"name":"M\u00e1quinas de te\u00f1ido de hilo","item":"https:\/\/www.ugolini.net\/es\/tenido-de-hilo\/"},{"@type":"ListItem","position":5,"name":"Prensa para bobinas"}]},{"@type":"WebSite","@id":"https:\/\/www.ugolini.net\/es\/#website","url":"https:\/\/www.ugolini.net\/es\/","name":"Ugolini","description":"Dyeing machines","potentialAction":[{"@type":"SearchAction","target":{"@type":"EntryPoint","urlTemplate":"https:\/\/www.ugolini.net\/es\/?s={search_term_string}"},"query-input":{"@type":"PropertyValueSpecification","valueRequired":true,"valueName":"search_term_string"}}],"inLanguage":"es"}]}},"_links":{"self":[{"href":"https:\/\/www.ugolini.net\/es\/wp-json\/wp\/v2\/product\/2070","targetHints":{"allow":["GET"]}}],"collection":[{"href":"https:\/\/www.ugolini.net\/es\/wp-json\/wp\/v2\/product"}],"about":[{"href":"https:\/\/www.ugolini.net\/es\/wp-json\/wp\/v2\/types\/product"}],"replies":[{"embeddable":true,"href":"https:\/\/www.ugolini.net\/es\/wp-json\/wp\/v2\/comments?post=2070"}],"wp:featuredmedia":[{"embeddable":true,"href":"https:\/\/www.ugolini.net\/es\/wp-json\/wp\/v2\/media\/1894"}],"wp:attachment":[{"href":"https:\/\/www.ugolini.net\/es\/wp-json\/wp\/v2\/media?parent=2070"}],"wp:term":[{"taxonomy":"product_brand","embeddable":true,"href":"https:\/\/www.ugolini.net\/es\/wp-json\/wp\/v2\/product_brand?post=2070"},{"taxonomy":"product_cat","embeddable":true,"href":"https:\/\/www.ugolini.net\/es\/wp-json\/wp\/v2\/product_cat?post=2070"},{"taxonomy":"product_tag","embeddable":true,"href":"https:\/\/www.ugolini.net\/es\/wp-json\/wp\/v2\/product_tag?post=2070"}],"curies":[{"name":"wp","href":"https:\/\/api.w.org\/{rel}","templated":true}]}}