{"id":2053,"date":"2023-05-17T13:23:18","date_gmt":"2023-05-17T13:23:18","guid":{"rendered":"https:\/\/www.ugolini.net\/sin%20categor\u00eda\/gse\/"},"modified":"2023-06-26T14:29:31","modified_gmt":"2023-06-26T14:29:31","slug":"gse","status":"publish","type":"product","link":"https:\/\/www.ugolini.net\/es\/tenido-de-hilo\/gse\/","title":{"rendered":"GSE"},"content":{"rendered":"<h3>GSE 12\/1200 Kg<\/h3>\n<p>El consumo de agua, productos qu\u00edmicos y colorantes, energ\u00eda el\u00e9ctrica y t\u00e9rmica, y el tratamiento de las aguas residuales son factores de costo importantes en cada tintorer\u00eda. Con esta m\u00e1quina todos estos consumos son dr\u00e1sticamente medidos, controlados y reducidos.<br \/>\nLa excelente calidad del te\u00f1ido est\u00e1 garantizada por la perfecta uniformidad del color entre el exterior y el interior de la bobina, mientras que el ahorro de electricidad, agua, productos qu\u00edmicos, vapor y aire comprimido aseguran un r\u00e1pido retorno de la inversi\u00f3n.<br \/>\nLas dimensiones del GSE var\u00edan entre 12 bobinas y 1200 kg.<br \/>\nEste particular tipo de bomba y grupo de inversi\u00f3n de ba\u00f1o permiten tratar tanto lo materiales bobinados con textura de alta densidad como el poli\u00e9ster de hasta 0,5 kg\/l como los muy suaves como la seda con 0,3kg\/l; En lo espec\u00edfico permite te\u00f1ir bobinas de 1,8 kg de algod\u00f3n; de 2,4 kg de acr\u00edlico, de 4 kg de poli\u00e9ster o bien 10 kg de tops, adem\u00e1s de Mufs, Tow, fibras suelta y tejidos en plegador tambi\u00e9n.<\/p>\n<p><strong>Las principales ventajas son:<\/strong><br \/>\nPosibilidad de te\u00f1ir con relaci\u00f3n de ba\u00f1o de 1:3,8 utilizando la circulaci\u00f3n del ba\u00f1o \u00fanicamente de adentro a afuera de la bobina con material no completamente cubierto. Reducir el consumo de qu\u00edmicos, colorantes, agua y vapor debido a la baja relaci\u00f3n de ba\u00f1o. Reducci\u00f3n del consumo de energ\u00eda de la bomba de circulaci\u00f3n porqu\u00e9 las tuber\u00edas est\u00e1n dise\u00f1adas para evitar p\u00e9rdidas de presi\u00f3n al explotar efectivamente el caudal de la bomba.<br \/>\nTanto el motor como el inversor de alta eficiencia reducen a\u00fan m\u00e1s el consumo de energ\u00eda. Posibilidad de te\u00f1ir tambi\u00e9n de manera tradicional con contrapresi\u00f3n de aire, material completamente cubierto y circulaci\u00f3n de ba\u00f1o interno-externo y viceversa.<\/p>\n<p>Las <strong>caracter\u00edsticas principales<\/strong> de esta m\u00e1quina son la minimizaci\u00f3n de las p\u00e9rdidas de presi\u00f3n de la bomba y la minimizaci\u00f3n del volumen.<br \/>\nEl serpent\u00edn de calentamiento interno ofrece una mayor eficiencia de calentamiento porque est\u00e1 puesto dentro del autoclave, una relaci\u00f3n de ba\u00f1o baja (el volumen requerido es menor) y reduce a\u00fan m\u00e1s las distancias entre las tuber\u00edas.<br \/>\nGracias a la mejora de la eficiencia de motores e inversores utilizados, fue adem\u00e1s reducido consumo de electricidad.<br \/>\nPosibilidad de utilizar la misma relaci\u00f3n de ba\u00f1o en m\u00e1quinas de diferentes tama\u00f1os para mejorar la calidad del te\u00f1ido y la reproducibilidad.<\/p>\n<p><strong>Datos t\u00e9cnicos<\/strong><br \/>\nTodas las partes de la m\u00e1quina en contacto con el ba\u00f1o son de acero inoxidable AISI 316 L. Temperatura m\u00e1xima de funcionamiento de 140\u00b0C y presi\u00f3n m\u00e1xima de 6 bar.<br \/>\nApertura y cierre autom\u00e1tico de la tapa por pist\u00f3n de aire, cilindro de enclavamiento en la tapa, liberado solo si la presi\u00f3n est\u00e1 por debajo de 0,2 bar, la temperatura m\u00e1s baja a 85\u00b0C y el nivel de vac\u00edo de la m\u00e1quina se descubre. La m\u00e1quina GSE queda en l\u00ednea con las principales normas internacionales de seguridad.<br \/>\nLa relaci\u00f3n de ba\u00f1o en el modo de llenado parcial (MODO ECO) comienza desde 1:3,8. En modo normal (material totalmente cubierto) comienza desde 1:5,8 o superior seg\u00fan la solicitud del cliente.<br \/>\nLa m\u00e1quina puede trabajar desde una carga m\u00ednima del 30% hasta la carga m\u00e1xima a una relaci\u00f3n de ba\u00f1o constante con control autom\u00e1tico de la contrapresi\u00f3n de aire. Dispone de control de nivel anal\u00f3gico, por lo que el consumo de agua\/vapor lo calcula siempre el procesador.<br \/>\nEl ba\u00f1o puede ser previamente preparado en el tanque de preparaci\u00f3n del mismo volumen de la autoclave, con nivel de llenado anal\u00f3gico para asegurar la correcta relaci\u00f3n de ba\u00f1o, calentamiento y mezclador. El retorno del ba\u00f1o de autoclave a tanque de preparaci\u00f3n se acelera con aire comprimido.<br \/>\nEl tanque de productos de 30% del volumen total, tiene nivel de llenado anal\u00f3gico, calentamiento y mezclador.<br \/>\nDosificaci\u00f3n anal\u00f3gica incluso en condiciones de alta temperatura y presi\u00f3n, siguiendo curvas programadas y retorno ba\u00f1o de autoclave a tanque al fin de mantener constante la relaci\u00f3n de ba\u00f1o durante el proceso. La m\u00e1quina puede opcionalmente tener dos tanques de productos. Disponible todo tipo de controlador o PC industrial.<br \/>\nCaudal\u00edmetro magn\u00e9tico para medir el caudal del ba\u00f1o, la operaci\u00f3n puede basarse en un n\u00famero programado de revoluciones completas del ba\u00f1o y en el control autom\u00e1tico de la presi\u00f3n diferencial. Todos los puntos de conexi\u00f3n (entrada y salida de agua y vapor) pueden ser definidos por el cliente.<br \/>\nAlgunas funciones de software para ahorrar agua durante llenado y lavado y para ahorrar energ\u00eda son est\u00e1ndar.<br \/>\nLlenado optimizado para te\u00f1ido con baja relaci\u00f3n de ba\u00f1o.<br \/>\nLavado y enjuague: el enjuague se puede hacer por desbordamiento o transfiriendo agua caliente o fr\u00edo de tanque de preparaci\u00f3n directamente a las bobinas iniciando el drenaje simult\u00e1neamente al fin de expulsar las impurezas. Vaciado r\u00e1pido con utilizo de aire presurizado. Vaciado de alta temperatura y presi\u00f3n.<br \/>\nInyecci\u00f3n y vaciado r\u00e1pido de tanque de preparaci\u00f3n a autoclave.<\/p>\n<p><strong>Caracter\u00edsticas opcionales<\/strong><br \/>\nTablero el\u00e9ctrico y neum\u00e1tico de acero inoxidable a petici\u00f3n del cliente.<br \/>\nPist\u00f3n neum\u00e1tico para el bloqueo autom\u00e1tico de porta materiales. Automatizaci\u00f3n completa de apertura y cierre de tapa y anillos de seguridad cuando se requieren carga\/descargas autom\u00e1ticas. Programa de control de energ\u00eda: registra los datos de consumo de agua, energ\u00eda, vapor.<br \/>\nAcople entre las autoclaves para optimizar el espacio y maximizar producci\u00f3n y flexibilidad. Dispositivo de muestreo y programa de adici\u00f3n autom\u00e1tica. Tambi\u00e9n disponible dispositivo de muestreo en tama\u00f1o de una bobina equipado de bomba peque\u00f1a.<br \/>\nSecado mec\u00e1nico por aire comprimido para extraer el agua de las bobinas despu\u00e9s de vaciar la autoclave.<br \/>\nFunci\u00f3n de disoluci\u00f3n de la sal mediante circulaci\u00f3n contin\u00faa entre el tanque de producto y autoclave.<br \/>\nM\u00faltiples vasos productos. Medida de conductividad.<br \/>\nMedici\u00f3n de pH online en el controlador con limpieza autom\u00e1tica de electrodos (te\u00f1ido de nylon).<br \/>\nPara el te\u00f1ido de algod\u00f3n con colorantes VAT hay una funci\u00f3n especial que evita la oxidaci\u00f3n al dar gas inerte en lugar de aire comprimido. Funci\u00f3n de vaporizaci\u00f3n.<br \/>\nDise\u00f1o seg\u00fan especificaciones del cliente. Te\u00f1idoras y porta-material est\u00e1n optimizados en funci\u00f3n de los datos y las dimensiones proporcionados por el cliente.<\/p>\n<p><strong>Porta materiales<\/strong><br \/>\nFactor importante para un buen te\u00f1ido es la selecci\u00f3n de porta materiales adecuados. La uniformidad del flujo a trav\u00e9s de cada espada es decisiva para conseguir uniformidad de te\u00f1ido y por lo tanto resultado de alta calidad. La disposici\u00f3n \u00f3ptima de las espadas y de las bobinas en el porta-material optimiza la circulaci\u00f3n y reduce la relaci\u00f3n de ba\u00f1o a lo m\u00ednimo.<\/p>\n<p><strong>Cierres de liberaci\u00f3n r\u00e1pida<\/strong><br \/>\nDispositivo de bloqueo utilizado con plato superior para evitar fugas de ba\u00f1o: este dispositivo de bloqueo asegura un sellado perfecto. Si las bobinas bajan durante el proceso, plato y bloqueo las siguen autom\u00e1ticamente y, por lo tanto, evitan fugas.<\/p>\n<p><strong>Prensas<\/strong><br \/>\nUna buena preparaci\u00f3n del material es un requisito previo para obtener resultados de te\u00f1ido de alta calidad. La prensa asegura una densidad de carga uniforme para la bomba y, por lo tanto, un flujo uniforme. Ofrecemos prensas adecuadas para cada tipo de te\u00f1idora de hilo: prensas de una sola columna o prensas semiautom\u00e1ticas para grandes porta-materiales.<\/p>\n","protected":false},"excerpt":{"rendered":"<p>La excelente calidad del te\u00f1ido est\u00e1 garantizada por la perfecta uniformidad del color entre el exterior y el interior de la bobina.<\/p>\n","protected":false},"featured_media":1908,"comment_status":"open","ping_status":"closed","template":"","meta":{"_et_pb_use_builder":"off","_et_pb_old_content":"","_et_gb_content_width":""},"product_brand":[],"product_cat":[197,194],"product_tag":[],"class_list":{"0":"post-2053","1":"product","2":"type-product","3":"status-publish","4":"has-post-thumbnail","6":"product_cat-tenido-de-hilo","7":"product_cat-tenidoras","9":"first","10":"instock","11":"shipping-taxable","12":"purchasable","13":"product-type-variable"},"acf":[],"yoast_head":"<!-- This site is optimized with the Yoast SEO plugin v26.0 - https:\/\/yoast.com\/wordpress\/plugins\/seo\/ -->\n<title>GSE - Ugolini<\/title>\n<meta name=\"description\" content=\"Scopri GSE di Ugolini, leader nelle macchine per tintura da laboratorio e da produzione.\" \/>\n<meta name=\"robots\" content=\"index, follow, max-snippet:-1, max-image-preview:large, max-video-preview:-1\" \/>\n<link rel=\"canonical\" href=\"https:\/\/www.ugolini.net\/es\/tenido-de-hilo\/gse\/\" \/>\n<meta property=\"og:locale\" content=\"es_ES\" \/>\n<meta property=\"og:type\" content=\"article\" \/>\n<meta property=\"og:title\" content=\"GSE - Ugolini\" \/>\n<meta property=\"og:description\" content=\"Scopri GSE di Ugolini, leader nelle macchine per tintura da laboratorio e da produzione.\" \/>\n<meta property=\"og:url\" content=\"https:\/\/www.ugolini.net\/es\/tenido-de-hilo\/gse\/\" \/>\n<meta property=\"og:site_name\" content=\"Ugolini\" \/>\n<meta property=\"article:modified_time\" content=\"2023-06-26T14:29:31+00:00\" \/>\n<meta property=\"og:image\" content=\"https:\/\/www.ugolini.net\/wp-content\/uploads\/2023\/05\/gse-6.png\" \/>\n\t<meta property=\"og:image:width\" content=\"1211\" \/>\n\t<meta property=\"og:image:height\" content=\"807\" \/>\n\t<meta property=\"og:image:type\" content=\"image\/png\" \/>\n<meta name=\"twitter:card\" content=\"summary_large_image\" \/>\n<meta name=\"twitter:label1\" content=\"Tiempo de lectura\" \/>\n\t<meta name=\"twitter:data1\" content=\"6 minutos\" \/>\n<!-- \/ Yoast SEO plugin. -->","yoast_head_json":{"title":"GSE - Ugolini","description":"Scopri GSE di Ugolini, leader nelle macchine per tintura da laboratorio e da produzione.","robots":{"index":"index","follow":"follow","max-snippet":"max-snippet:-1","max-image-preview":"max-image-preview:large","max-video-preview":"max-video-preview:-1"},"canonical":"https:\/\/www.ugolini.net\/es\/tenido-de-hilo\/gse\/","og_locale":"es_ES","og_type":"article","og_title":"GSE - Ugolini","og_description":"Scopri GSE di Ugolini, leader nelle macchine per tintura da laboratorio e da produzione.","og_url":"https:\/\/www.ugolini.net\/es\/tenido-de-hilo\/gse\/","og_site_name":"Ugolini","article_modified_time":"2023-06-26T14:29:31+00:00","og_image":[{"width":1211,"height":807,"url":"https:\/\/www.ugolini.net\/wp-content\/uploads\/2023\/05\/gse-6.png","type":"image\/png"}],"twitter_card":"summary_large_image","twitter_misc":{"Tiempo de lectura":"6 minutos"},"schema":{"@context":"https:\/\/schema.org","@graph":[{"@type":"WebPage","@id":"https:\/\/www.ugolini.net\/es\/tenido-de-hilo\/gse\/","url":"https:\/\/www.ugolini.net\/es\/tenido-de-hilo\/gse\/","name":"GSE - Ugolini","isPartOf":{"@id":"https:\/\/www.ugolini.net\/es\/#website"},"primaryImageOfPage":{"@id":"https:\/\/www.ugolini.net\/es\/tenido-de-hilo\/gse\/#primaryimage"},"image":{"@id":"https:\/\/www.ugolini.net\/es\/tenido-de-hilo\/gse\/#primaryimage"},"thumbnailUrl":"https:\/\/www.ugolini.net\/wp-content\/uploads\/2023\/05\/gse-6.png","datePublished":"2023-05-17T13:23:18+00:00","dateModified":"2023-06-26T14:29:31+00:00","description":"Scopri GSE di Ugolini, leader nelle macchine per tintura da laboratorio e da produzione.","breadcrumb":{"@id":"https:\/\/www.ugolini.net\/es\/tenido-de-hilo\/gse\/#breadcrumb"},"inLanguage":"es","potentialAction":[{"@type":"ReadAction","target":["https:\/\/www.ugolini.net\/es\/tenido-de-hilo\/gse\/"]}]},{"@type":"ImageObject","inLanguage":"es","@id":"https:\/\/www.ugolini.net\/es\/tenido-de-hilo\/gse\/#primaryimage","url":"https:\/\/www.ugolini.net\/wp-content\/uploads\/2023\/05\/gse-6.png","contentUrl":"https:\/\/www.ugolini.net\/wp-content\/uploads\/2023\/05\/gse-6.png","width":1211,"height":807},{"@type":"BreadcrumbList","@id":"https:\/\/www.ugolini.net\/es\/tenido-de-hilo\/gse\/#breadcrumb","itemListElement":[{"@type":"ListItem","position":1,"name":"Home","item":"https:\/\/www.ugolini.net\/es\/"},{"@type":"ListItem","position":2,"name":"Productos","item":"https:\/\/www.ugolini.net\/es\/shop\/"},{"@type":"ListItem","position":3,"name":"Te\u00f1idoras","item":"https:\/\/www.ugolini.net\/es\/tenidoras\/"},{"@type":"ListItem","position":4,"name":"M\u00e1quinas de te\u00f1ido de hilo","item":"https:\/\/www.ugolini.net\/es\/tenido-de-hilo\/"},{"@type":"ListItem","position":5,"name":"GSE"}]},{"@type":"WebSite","@id":"https:\/\/www.ugolini.net\/es\/#website","url":"https:\/\/www.ugolini.net\/es\/","name":"Ugolini","description":"Dyeing machines","potentialAction":[{"@type":"SearchAction","target":{"@type":"EntryPoint","urlTemplate":"https:\/\/www.ugolini.net\/es\/?s={search_term_string}"},"query-input":{"@type":"PropertyValueSpecification","valueRequired":true,"valueName":"search_term_string"}}],"inLanguage":"es"}]}},"_links":{"self":[{"href":"https:\/\/www.ugolini.net\/es\/wp-json\/wp\/v2\/product\/2053","targetHints":{"allow":["GET"]}}],"collection":[{"href":"https:\/\/www.ugolini.net\/es\/wp-json\/wp\/v2\/product"}],"about":[{"href":"https:\/\/www.ugolini.net\/es\/wp-json\/wp\/v2\/types\/product"}],"replies":[{"embeddable":true,"href":"https:\/\/www.ugolini.net\/es\/wp-json\/wp\/v2\/comments?post=2053"}],"wp:featuredmedia":[{"embeddable":true,"href":"https:\/\/www.ugolini.net\/es\/wp-json\/wp\/v2\/media\/1908"}],"wp:attachment":[{"href":"https:\/\/www.ugolini.net\/es\/wp-json\/wp\/v2\/media?parent=2053"}],"wp:term":[{"taxonomy":"product_brand","embeddable":true,"href":"https:\/\/www.ugolini.net\/es\/wp-json\/wp\/v2\/product_brand?post=2053"},{"taxonomy":"product_cat","embeddable":true,"href":"https:\/\/www.ugolini.net\/es\/wp-json\/wp\/v2\/product_cat?post=2053"},{"taxonomy":"product_tag","embeddable":true,"href":"https:\/\/www.ugolini.net\/es\/wp-json\/wp\/v2\/product_tag?post=2053"}],"curies":[{"name":"wp","href":"https:\/\/api.w.org\/{rel}","templated":true}]}}