{"id":2051,"date":"2023-05-16T13:24:36","date_gmt":"2023-05-16T13:24:36","guid":{"rendered":"https:\/\/www.ugolini.net\/sin%20categor\u00eda\/sp-110\/"},"modified":"2023-06-26T14:10:20","modified_gmt":"2023-06-26T14:10:20","slug":"sp-110","status":"publish","type":"product","link":"https:\/\/www.ugolini.net\/es\/tenido-de-hilo\/sp-110\/","title":{"rendered":"SP 110"},"content":{"rendered":"<h3>Macchina da tintura per piccole produzioni SP\/110<\/h3>\n<p>Utilizada para procesar peque\u00f1os lotes de diferentes tipos de material, incluyendo hilados bobinados, mufs, tejidos, material suelto, tops, cintas de fibras sint\u00e9ticas y\/o naturales, mezclas, etc., la m\u00e1quina permite alta reproducibilidad desde la peque\u00f1a hasta la producci\u00f3n industrial, y alto &#8220;Right first time&#8221; (bien a la primera), al fin de maximizar la flexibilidad y minimizar el consumo energ\u00e9tico.<br \/>\nFunciona a alta presi\u00f3n y temperatura (140\u00b0C, 6 bar) con sistema de colch\u00f5n de aire, construcci\u00f3n modular hasta 6 autoclaves, con la posibilidad de actualizaci\u00f3n.<br \/>\nLas partes en contacto con el ba\u00f1o de tintura son de acero AISI 316 L y la m\u00e1quina cumple con todas las normas internacionales de seguridad. Las dimensiones de las autoclaves son a petici\u00f3n del cliente para te\u00f1ir desde 1 kg hasta 15 kg de material por cada autoclave y hasta 10 capas.<br \/>\nLas autoclaves tambi\u00e9n pueden trabajar de forma acoplada hasta 4 autoclaves y en este caso la carga m\u00e1xima ser\u00e1 de 6 capas.<br \/>\nLa bomba es reversible y permite la inversi\u00f3n de la direcci\u00f3n de ba\u00f1o (interno\/externo y viceversa), optimizando todas las fases del proceso de te\u00f1ido, incluidos los tratamientos pre y post te\u00f1ido. La bomba fabricada por Ugolini es de acero inoxidable, de peque\u00f1o volumen, equipada de inversor de alta eficiencia y est\u00e1 dise\u00f1ada espec\u00edficamente para te\u00f1ir ambos materiales blandos y duros simplemente cambiando las revoluciones del motor y manteniendo el flujo constante.<br \/>\nCaudal m\u00e1ximo 35 litros\/kg*min. a carga m\u00e1xima y densidad est\u00e1ndar. Calentamiento a vapor o el\u00e9ctrico seg\u00fan pedido del cliente, enfriamiento por agua. Porta-material para hilo bobinado, tela, cintas y cremalleras, cesta perforada para material suelto y madejas.<br \/>\nRelaci\u00f3n de ba\u00f1o constante (y personalizado de 1:3.5 a 1:12) desde el m\u00ednimo hasta el n\u00famero m\u00e1ximo de capas.<br \/>\nControl de volumen de llenado anal\u00f3gico, 3% de tolerancia.<br \/>\nM\u00faltiples entradas de agua, control autom\u00e1tico de la contrapresi\u00f3n de aire, de caudal y presi\u00f3n diferencial de la bomba.<br \/>\nVaciado atmosf\u00e9rico (y opcionalmente m\u00faltiple), y de alta temperatura.<br \/>\nLavado por desbordamiento y exprimido por aire comprimido (opcional). Para dosificar colorantes y qu\u00edmicos se proporciona un tanque de productos (opcionalmente dos) con bomba a pist\u00f3n a alta presi\u00f3n construida de acero inoxidable y todas las curvas de dosificaci\u00f3n.<br \/>\nFunci\u00f3n de retorno ba\u00f1o de autoclave a tanque de productos y transferencia r\u00e1pida de tanque a autoclave. Control anal\u00f3gico de nivel llenado, vaciado r\u00e1pido y lavado autom\u00e1tico. Con mezclador y opcionalmente calentamiento.<br \/>\nTanque de preparaci\u00f3n de ba\u00f1o de volumen igual a lo de la autoclave, con calentamiento y mezclador, transferencia r\u00e1pida de ba\u00f1o en autoclave, vaciado y lavado autom\u00e1tico, control anal\u00f3gico de nivel llenado para perfecta relaci\u00f3n de ba\u00f1o en autoclave, vaciado y lavado autom\u00e1tico, control anal\u00f3gico de nivel llenado para perfecta relaci\u00f3n de ba\u00f1o. Disponible<br \/>\ntodo tipo de controlador o PC industrial. Todas las funciones de te\u00f1ido son completamente autom\u00e1ticas.<br \/>\nPosibilidad de pedir la misma maquina trabajando completamente lena, con vaso de expansi\u00f3n externo y bomba de presi\u00f3n est\u00e1tica mod. SP260. Posibilidad de pedir la misma m\u00e1quina trabajando tanto con colch\u00f5n de aire como con vaso de expansi\u00f3n externo y bomba de presi\u00f3n est\u00e1tica, mod. SP MIX.<\/p>\n<p><img decoding=\"async\" class=\"size-medium wp-image-688 aligncenter\" src=\"https:\/\/www.ugolini.net\/wp-content\/uploads\/2023\/05\/sp-110-text-300x41.png\" alt=\"\" width=\"300\" height=\"41\" \/><\/p>\n","protected":false},"excerpt":{"rendered":"<p>Utilizada para procesar peque\u00f1os lotes de diferentes tipos de material, incluyendo hilados bobinados, mufs, tejidos, material suelto, tops, cintas de fibras sint\u00e9ticas y\/o naturales, mezclas.<\/p>\n","protected":false},"featured_media":1889,"comment_status":"open","ping_status":"closed","template":"","meta":{"_et_pb_use_builder":"","_et_pb_old_content":"","_et_gb_content_width":""},"product_brand":[],"product_cat":[197,194],"product_tag":[],"class_list":{"0":"post-2051","1":"product","2":"type-product","3":"status-publish","4":"has-post-thumbnail","6":"product_cat-tenido-de-hilo","7":"product_cat-tenidoras","9":"first","10":"instock","11":"shipping-taxable","12":"product-type-simple"},"acf":[],"yoast_head":"<!-- This site is optimized with the Yoast SEO plugin v26.0 - https:\/\/yoast.com\/wordpress\/plugins\/seo\/ -->\n<title>SP 110 - Ugolini<\/title>\n<meta name=\"description\" content=\"Scopri SP 110 di Ugolini, leader nelle macchine per tintura da laboratorio e da produzione.\" \/>\n<meta name=\"robots\" content=\"index, follow, max-snippet:-1, max-image-preview:large, max-video-preview:-1\" \/>\n<link rel=\"canonical\" href=\"https:\/\/www.ugolini.net\/es\/tenido-de-hilo\/sp-110\/\" \/>\n<meta property=\"og:locale\" content=\"es_ES\" \/>\n<meta property=\"og:type\" content=\"article\" \/>\n<meta property=\"og:title\" content=\"SP 110 - Ugolini\" \/>\n<meta property=\"og:description\" content=\"Scopri SP 110 di Ugolini, leader nelle macchine per tintura da laboratorio e da produzione.\" \/>\n<meta property=\"og:url\" content=\"https:\/\/www.ugolini.net\/es\/tenido-de-hilo\/sp-110\/\" \/>\n<meta property=\"og:site_name\" content=\"Ugolini\" \/>\n<meta property=\"article:modified_time\" content=\"2023-06-26T14:10:20+00:00\" \/>\n<meta property=\"og:image\" content=\"https:\/\/www.ugolini.net\/wp-content\/uploads\/2023\/05\/sp-110-14.png\" \/>\n\t<meta property=\"og:image:width\" content=\"1072\" \/>\n\t<meta property=\"og:image:height\" content=\"635\" \/>\n\t<meta property=\"og:image:type\" content=\"image\/png\" \/>\n<meta name=\"twitter:card\" content=\"summary_large_image\" \/>\n<meta name=\"twitter:label1\" content=\"Tiempo de lectura\" \/>\n\t<meta name=\"twitter:data1\" content=\"3 minutos\" \/>\n<!-- \/ Yoast SEO plugin. -->","yoast_head_json":{"title":"SP 110 - Ugolini","description":"Scopri SP 110 di Ugolini, leader nelle macchine per tintura da laboratorio e da produzione.","robots":{"index":"index","follow":"follow","max-snippet":"max-snippet:-1","max-image-preview":"max-image-preview:large","max-video-preview":"max-video-preview:-1"},"canonical":"https:\/\/www.ugolini.net\/es\/tenido-de-hilo\/sp-110\/","og_locale":"es_ES","og_type":"article","og_title":"SP 110 - Ugolini","og_description":"Scopri SP 110 di Ugolini, leader nelle macchine per tintura da laboratorio e da produzione.","og_url":"https:\/\/www.ugolini.net\/es\/tenido-de-hilo\/sp-110\/","og_site_name":"Ugolini","article_modified_time":"2023-06-26T14:10:20+00:00","og_image":[{"width":1072,"height":635,"url":"https:\/\/www.ugolini.net\/wp-content\/uploads\/2023\/05\/sp-110-14.png","type":"image\/png"}],"twitter_card":"summary_large_image","twitter_misc":{"Tiempo de lectura":"3 minutos"},"schema":{"@context":"https:\/\/schema.org","@graph":[{"@type":"WebPage","@id":"https:\/\/www.ugolini.net\/es\/tenido-de-hilo\/sp-110\/","url":"https:\/\/www.ugolini.net\/es\/tenido-de-hilo\/sp-110\/","name":"SP 110 - Ugolini","isPartOf":{"@id":"https:\/\/www.ugolini.net\/es\/#website"},"primaryImageOfPage":{"@id":"https:\/\/www.ugolini.net\/es\/tenido-de-hilo\/sp-110\/#primaryimage"},"image":{"@id":"https:\/\/www.ugolini.net\/es\/tenido-de-hilo\/sp-110\/#primaryimage"},"thumbnailUrl":"https:\/\/www.ugolini.net\/wp-content\/uploads\/2023\/05\/sp-110-14.png","datePublished":"2023-05-16T13:24:36+00:00","dateModified":"2023-06-26T14:10:20+00:00","description":"Scopri SP 110 di Ugolini, leader nelle macchine per tintura da laboratorio e da produzione.","breadcrumb":{"@id":"https:\/\/www.ugolini.net\/es\/tenido-de-hilo\/sp-110\/#breadcrumb"},"inLanguage":"es","potentialAction":[{"@type":"ReadAction","target":["https:\/\/www.ugolini.net\/es\/tenido-de-hilo\/sp-110\/"]}]},{"@type":"ImageObject","inLanguage":"es","@id":"https:\/\/www.ugolini.net\/es\/tenido-de-hilo\/sp-110\/#primaryimage","url":"https:\/\/www.ugolini.net\/wp-content\/uploads\/2023\/05\/sp-110-14.png","contentUrl":"https:\/\/www.ugolini.net\/wp-content\/uploads\/2023\/05\/sp-110-14.png","width":1072,"height":635},{"@type":"BreadcrumbList","@id":"https:\/\/www.ugolini.net\/es\/tenido-de-hilo\/sp-110\/#breadcrumb","itemListElement":[{"@type":"ListItem","position":1,"name":"Home","item":"https:\/\/www.ugolini.net\/es\/"},{"@type":"ListItem","position":2,"name":"Productos","item":"https:\/\/www.ugolini.net\/es\/shop\/"},{"@type":"ListItem","position":3,"name":"Te\u00f1idoras","item":"https:\/\/www.ugolini.net\/es\/tenidoras\/"},{"@type":"ListItem","position":4,"name":"M\u00e1quinas de te\u00f1ido de hilo","item":"https:\/\/www.ugolini.net\/es\/tenido-de-hilo\/"},{"@type":"ListItem","position":5,"name":"SP 110"}]},{"@type":"WebSite","@id":"https:\/\/www.ugolini.net\/es\/#website","url":"https:\/\/www.ugolini.net\/es\/","name":"Ugolini","description":"Dyeing machines","potentialAction":[{"@type":"SearchAction","target":{"@type":"EntryPoint","urlTemplate":"https:\/\/www.ugolini.net\/es\/?s={search_term_string}"},"query-input":{"@type":"PropertyValueSpecification","valueRequired":true,"valueName":"search_term_string"}}],"inLanguage":"es"}]}},"_links":{"self":[{"href":"https:\/\/www.ugolini.net\/es\/wp-json\/wp\/v2\/product\/2051","targetHints":{"allow":["GET"]}}],"collection":[{"href":"https:\/\/www.ugolini.net\/es\/wp-json\/wp\/v2\/product"}],"about":[{"href":"https:\/\/www.ugolini.net\/es\/wp-json\/wp\/v2\/types\/product"}],"replies":[{"embeddable":true,"href":"https:\/\/www.ugolini.net\/es\/wp-json\/wp\/v2\/comments?post=2051"}],"wp:featuredmedia":[{"embeddable":true,"href":"https:\/\/www.ugolini.net\/es\/wp-json\/wp\/v2\/media\/1889"}],"wp:attachment":[{"href":"https:\/\/www.ugolini.net\/es\/wp-json\/wp\/v2\/media?parent=2051"}],"wp:term":[{"taxonomy":"product_brand","embeddable":true,"href":"https:\/\/www.ugolini.net\/es\/wp-json\/wp\/v2\/product_brand?post=2051"},{"taxonomy":"product_cat","embeddable":true,"href":"https:\/\/www.ugolini.net\/es\/wp-json\/wp\/v2\/product_cat?post=2051"},{"taxonomy":"product_tag","embeddable":true,"href":"https:\/\/www.ugolini.net\/es\/wp-json\/wp\/v2\/product_tag?post=2051"}],"curies":[{"name":"wp","href":"https:\/\/api.w.org\/{rel}","templated":true}]}}