{"id":2049,"date":"2023-05-17T13:21:22","date_gmt":"2023-05-17T13:21:22","guid":{"rendered":"https:\/\/www.ugolini.net\/sin%20categor\u00eda\/simplex\/"},"modified":"2024-10-03T08:51:33","modified_gmt":"2024-10-03T08:51:33","slug":"simplex","status":"publish","type":"product","link":"https:\/\/www.ugolini.net\/es\/tenido-de-hilo\/simplex\/","title":{"rendered":"Simplex"},"content":{"rendered":"<h3>Simplex 100gr\/1,5Kg<\/h3>\n<p>M\u00e1quina de te\u00f1ir de laboratorio\/muestreo de hilaza en bobina, madejas, telas, tops, cremalleras, cintas, fibra.<\/p>\n<p><strong>Caracter\u00edsticas principales:<br \/>\n<\/strong><br \/>\nM\u00e1quina de alta presi\u00f3n y temperatura (140\u00b0C, 5 bar) con sistema de colch\u00f3n de aire.<br \/>\nConstrucci\u00f3n modular de 1 a 10 autoclaves independientes, ampliables.<br \/>\nPorta-material para hilaza en bobina, telas y tejidos el\u00e1sticos, fibras sueltas; cada autoclave puede cargarse con todos los diferentes tipos de material y te\u00f1ir todos los sustratos.<\/p>\n<p>La m\u00e1quina SIMPLEX est\u00e1 especialmente dise\u00f1ada para tener una reproducibilidad perfecta desde el laboratorio hasta las m\u00e1quinas de producci\u00f3n; SIMPLEX respecta toda normas internacionales de seguridad y todas las partes en contacto con el ba\u00f1o de tintura son de acero inoxidable AISI 316L.<\/p>\n<p>Cada autoclave puede cargarse desde 100 g hasta 1,5 kg de material, seg\u00fan los requisitos del cliente.<br \/>\nLa relaci\u00f3n de ba\u00f1o puede personalizarse de 1:4 a 1:20.<\/p>\n<p>Calentamiento el\u00e9ctrico y\/o a vapor, o ambos, seg\u00fan las necesidades del cliente, enfriamiento por agua.<br \/>\nLavado por rebosamiento.<br \/>\nDrenajes atmosf\u00e9ricos y de alta temperatura.<br \/>\nCada autoclave tiene su propia bomba de circulaci\u00f3n y el caudal de se controla autom\u00e1ticamente como en las grandes m\u00e1quinas de producci\u00f3n.<br \/>\nEl caudal m\u00e1ximo es de 35 l\/kg min a carga m\u00e1xima con densidad est\u00e1ndar.<br \/>\nEl tanque de productos para introducir colorantes o dosificar productos qu\u00edmicos en autoclave, o viceversa (de la autoclave a tanque) es disponible de forma opcional. Este tanque tambi\u00e9n se puede calentar y mezclar.<br \/>\nDisponible con recipiente de preparaci\u00f3n de ba\u00f1o de la misma capacidad que la de la autoclave,<br \/>\nopcionalmente con mezclador y calentamiento.<br \/>\nTodas las curvas de dosificaci\u00f3n son posibles.<br \/>\nLa m\u00e1quina puede equiparse con cualquier tipo de controlador o PC industrial. Todas las funciones de tintura son totalmente autom\u00e1ticas.<\/p>\n","protected":false},"excerpt":{"rendered":"<p>M\u00e1quina para el ensayo de muestras en laboratorio adecuada para bobinas, madejas, telas, tops, cremalleras, telas estrechas, fibras sueltas.<\/p>\n","protected":false},"featured_media":1868,"comment_status":"open","ping_status":"closed","template":"","meta":{"_et_pb_use_builder":"","_et_pb_old_content":"","_et_gb_content_width":""},"product_brand":[],"product_cat":[197,194],"product_tag":[],"class_list":{"0":"post-2049","1":"product","2":"type-product","3":"status-publish","4":"has-post-thumbnail","6":"product_cat-tenido-de-hilo","7":"product_cat-tenidoras","9":"first","10":"instock","11":"shipping-taxable","12":"product-type-simple"},"acf":[],"yoast_head":"<!-- This site is optimized with the Yoast SEO plugin v26.0 - https:\/\/yoast.com\/wordpress\/plugins\/seo\/ -->\n<title>Simplex - Ugolini<\/title>\n<meta name=\"description\" content=\"Descubre Simplex de Ugolini, m\u00e1quina para el ensayo de muestras para bobinas, madejas, telas, tops, cremalleras, telas estrechas, fibras sueltas.\" \/>\n<meta name=\"robots\" content=\"index, follow, max-snippet:-1, max-image-preview:large, max-video-preview:-1\" \/>\n<link rel=\"canonical\" href=\"https:\/\/www.ugolini.net\/es\/tenido-de-hilo\/simplex\/\" \/>\n<meta property=\"og:locale\" content=\"es_ES\" \/>\n<meta property=\"og:type\" content=\"article\" \/>\n<meta property=\"og:title\" content=\"Simplex - Ugolini\" \/>\n<meta property=\"og:description\" content=\"Descubre Simplex de Ugolini, m\u00e1quina para el ensayo de muestras para bobinas, madejas, telas, tops, cremalleras, telas estrechas, fibras sueltas.\" \/>\n<meta property=\"og:url\" content=\"https:\/\/www.ugolini.net\/es\/tenido-de-hilo\/simplex\/\" \/>\n<meta property=\"og:site_name\" content=\"Ugolini\" \/>\n<meta property=\"article:modified_time\" content=\"2024-10-03T08:51:33+00:00\" \/>\n<meta property=\"og:image\" content=\"https:\/\/www.ugolini.net\/wp-content\/uploads\/2023\/05\/simplex-2.png\" \/>\n\t<meta property=\"og:image:width\" content=\"1201\" \/>\n\t<meta property=\"og:image:height\" content=\"740\" \/>\n\t<meta property=\"og:image:type\" content=\"image\/png\" \/>\n<meta name=\"twitter:card\" content=\"summary_large_image\" \/>\n<meta name=\"twitter:label1\" content=\"Tiempo de lectura\" \/>\n\t<meta name=\"twitter:data1\" content=\"2 minutos\" \/>\n<!-- \/ Yoast SEO plugin. -->","yoast_head_json":{"title":"Simplex - Ugolini","description":"Descubre Simplex de Ugolini, m\u00e1quina para el ensayo de muestras para bobinas, madejas, telas, tops, cremalleras, telas estrechas, fibras sueltas.","robots":{"index":"index","follow":"follow","max-snippet":"max-snippet:-1","max-image-preview":"max-image-preview:large","max-video-preview":"max-video-preview:-1"},"canonical":"https:\/\/www.ugolini.net\/es\/tenido-de-hilo\/simplex\/","og_locale":"es_ES","og_type":"article","og_title":"Simplex - Ugolini","og_description":"Descubre Simplex de Ugolini, m\u00e1quina para el ensayo de muestras para bobinas, madejas, telas, tops, cremalleras, telas estrechas, fibras sueltas.","og_url":"https:\/\/www.ugolini.net\/es\/tenido-de-hilo\/simplex\/","og_site_name":"Ugolini","article_modified_time":"2024-10-03T08:51:33+00:00","og_image":[{"width":1201,"height":740,"url":"https:\/\/www.ugolini.net\/wp-content\/uploads\/2023\/05\/simplex-2.png","type":"image\/png"}],"twitter_card":"summary_large_image","twitter_misc":{"Tiempo de lectura":"2 minutos"},"schema":{"@context":"https:\/\/schema.org","@graph":[{"@type":"WebPage","@id":"https:\/\/www.ugolini.net\/es\/tenido-de-hilo\/simplex\/","url":"https:\/\/www.ugolini.net\/es\/tenido-de-hilo\/simplex\/","name":"Simplex - Ugolini","isPartOf":{"@id":"https:\/\/www.ugolini.net\/es\/#website"},"primaryImageOfPage":{"@id":"https:\/\/www.ugolini.net\/es\/tenido-de-hilo\/simplex\/#primaryimage"},"image":{"@id":"https:\/\/www.ugolini.net\/es\/tenido-de-hilo\/simplex\/#primaryimage"},"thumbnailUrl":"https:\/\/www.ugolini.net\/wp-content\/uploads\/2023\/05\/simplex-2.png","datePublished":"2023-05-17T13:21:22+00:00","dateModified":"2024-10-03T08:51:33+00:00","description":"Descubre Simplex de Ugolini, m\u00e1quina para el ensayo de muestras para bobinas, madejas, telas, tops, cremalleras, telas estrechas, fibras sueltas.","breadcrumb":{"@id":"https:\/\/www.ugolini.net\/es\/tenido-de-hilo\/simplex\/#breadcrumb"},"inLanguage":"es","potentialAction":[{"@type":"ReadAction","target":["https:\/\/www.ugolini.net\/es\/tenido-de-hilo\/simplex\/"]}]},{"@type":"ImageObject","inLanguage":"es","@id":"https:\/\/www.ugolini.net\/es\/tenido-de-hilo\/simplex\/#primaryimage","url":"https:\/\/www.ugolini.net\/wp-content\/uploads\/2023\/05\/simplex-2.png","contentUrl":"https:\/\/www.ugolini.net\/wp-content\/uploads\/2023\/05\/simplex-2.png","width":1201,"height":740},{"@type":"BreadcrumbList","@id":"https:\/\/www.ugolini.net\/es\/tenido-de-hilo\/simplex\/#breadcrumb","itemListElement":[{"@type":"ListItem","position":1,"name":"Home","item":"https:\/\/www.ugolini.net\/es\/"},{"@type":"ListItem","position":2,"name":"Productos","item":"https:\/\/www.ugolini.net\/es\/shop\/"},{"@type":"ListItem","position":3,"name":"Te\u00f1idoras","item":"https:\/\/www.ugolini.net\/es\/tenidoras\/"},{"@type":"ListItem","position":4,"name":"M\u00e1quinas de te\u00f1ido de hilo","item":"https:\/\/www.ugolini.net\/es\/tenido-de-hilo\/"},{"@type":"ListItem","position":5,"name":"Simplex"}]},{"@type":"WebSite","@id":"https:\/\/www.ugolini.net\/es\/#website","url":"https:\/\/www.ugolini.net\/es\/","name":"Ugolini","description":"Dyeing machines","potentialAction":[{"@type":"SearchAction","target":{"@type":"EntryPoint","urlTemplate":"https:\/\/www.ugolini.net\/es\/?s={search_term_string}"},"query-input":{"@type":"PropertyValueSpecification","valueRequired":true,"valueName":"search_term_string"}}],"inLanguage":"es"}]}},"_links":{"self":[{"href":"https:\/\/www.ugolini.net\/es\/wp-json\/wp\/v2\/product\/2049","targetHints":{"allow":["GET"]}}],"collection":[{"href":"https:\/\/www.ugolini.net\/es\/wp-json\/wp\/v2\/product"}],"about":[{"href":"https:\/\/www.ugolini.net\/es\/wp-json\/wp\/v2\/types\/product"}],"replies":[{"embeddable":true,"href":"https:\/\/www.ugolini.net\/es\/wp-json\/wp\/v2\/comments?post=2049"}],"wp:featuredmedia":[{"embeddable":true,"href":"https:\/\/www.ugolini.net\/es\/wp-json\/wp\/v2\/media\/1868"}],"wp:attachment":[{"href":"https:\/\/www.ugolini.net\/es\/wp-json\/wp\/v2\/media?parent=2049"}],"wp:term":[{"taxonomy":"product_brand","embeddable":true,"href":"https:\/\/www.ugolini.net\/es\/wp-json\/wp\/v2\/product_brand?post=2049"},{"taxonomy":"product_cat","embeddable":true,"href":"https:\/\/www.ugolini.net\/es\/wp-json\/wp\/v2\/product_cat?post=2049"},{"taxonomy":"product_tag","embeddable":true,"href":"https:\/\/www.ugolini.net\/es\/wp-json\/wp\/v2\/product_tag?post=2049"}],"curies":[{"name":"wp","href":"https:\/\/api.w.org\/{rel}","templated":true}]}}