{"id":2046,"date":"2023-05-29T10:11:21","date_gmt":"2023-05-29T10:11:21","guid":{"rendered":"https:\/\/www.ugolini.net\/sin%20categor\u00eda\/multikrome\/"},"modified":"2023-06-26T13:12:24","modified_gmt":"2023-06-26T13:12:24","slug":"multikrome","status":"publish","type":"product","link":"https:\/\/www.ugolini.net\/es\/tenido-de-hilo\/multikrome\/","title":{"rendered":"Multikrome"},"content":{"rendered":"<h3>Multikrome<\/h3>\n<p>Con dos c\u00e1maras de tintura independientes, es una tecnolog\u00eda innovadora para reemplazar el sistema tradicional de agujas.<br \/>\nEl resultado se obtiene por aspiraci\u00f3n del color del exterior al interior de la bobina a trav\u00e9s de la creaci\u00f3n de vac\u00edo en el cabezal de impresi\u00f3n.<br \/>\nGracias a los reducidos tiempos de procesa- miento, el aparato se puede utilizar en el laboratorio como en la producci\u00f3n ind.<br \/>\nEl modelo est\u00e1ndar consta de 4 colores para cada c\u00e1mara (max.6, a petici\u00f3n).<br \/>\nEstructura de acero inoxidable.<br \/>\nNr. 2 c\u00e1maras de procesamiento con uso simult\u00e1neo de los mismos colores. Posibilidad de realizar diferentes dise\u00f1os en cada una; o bien de trabajar con una sola c\u00e1mara.<br \/>\nPermite el te\u00f1ido de cualquier tipo de fibra y de hilo, incluyendo el poli\u00e9ster, en bobinas. Duraci\u00f3n en total de un ciclo: aproximadamente 1 minuto.<br \/>\nCiclo de te\u00f1ido autom\u00e1tico por PLC con control independiente en cada cabezal de impresi\u00f3n.<br \/>\nPatrones alcanzables innumerables.<\/p>\n","protected":false},"excerpt":{"rendered":"<p>Con dos c\u00e1maras de tintura independientes, es una tecnolog\u00eda innovadora para reemplazar el sistema tradicional de agujas.<\/p>\n","protected":false},"featured_media":1860,"comment_status":"open","ping_status":"closed","template":"","meta":{"_et_pb_use_builder":"","_et_pb_old_content":"","_et_gb_content_width":""},"product_brand":[],"product_cat":[197,194],"product_tag":[],"class_list":{"0":"post-2046","1":"product","2":"type-product","3":"status-publish","4":"has-post-thumbnail","6":"product_cat-tenido-de-hilo","7":"product_cat-tenidoras","9":"first","10":"instock","11":"shipping-taxable","12":"product-type-simple"},"acf":[],"yoast_head":"<!-- This site is optimized with the Yoast SEO plugin v26.0 - https:\/\/yoast.com\/wordpress\/plugins\/seo\/ -->\n<title>Multikrome - Ugolini<\/title>\n<meta name=\"description\" content=\"Scopri Multikrome di Ugolini, leader nelle macchine per tintura da laboratorio e da produzione.\" \/>\n<meta name=\"robots\" content=\"index, follow, max-snippet:-1, max-image-preview:large, max-video-preview:-1\" \/>\n<link rel=\"canonical\" href=\"https:\/\/www.ugolini.net\/es\/tenido-de-hilo\/multikrome\/\" \/>\n<meta property=\"og:locale\" content=\"es_ES\" \/>\n<meta property=\"og:type\" content=\"article\" \/>\n<meta property=\"og:title\" content=\"Multikrome - Ugolini\" \/>\n<meta property=\"og:description\" content=\"Scopri Multikrome di Ugolini, leader nelle macchine per tintura da laboratorio e da produzione.\" \/>\n<meta property=\"og:url\" content=\"https:\/\/www.ugolini.net\/es\/tenido-de-hilo\/multikrome\/\" \/>\n<meta property=\"og:site_name\" content=\"Ugolini\" \/>\n<meta property=\"article:modified_time\" content=\"2023-06-26T13:12:24+00:00\" \/>\n<meta property=\"og:image\" content=\"https:\/\/www.ugolini.net\/wp-content\/uploads\/2023\/05\/multikrome.png\" \/>\n\t<meta property=\"og:image:width\" content=\"567\" \/>\n\t<meta property=\"og:image:height\" content=\"523\" \/>\n\t<meta property=\"og:image:type\" content=\"image\/png\" \/>\n<meta name=\"twitter:card\" content=\"summary_large_image\" \/>\n<meta name=\"twitter:label1\" content=\"Tiempo de lectura\" \/>\n\t<meta name=\"twitter:data1\" content=\"1 minuto\" \/>\n<!-- \/ Yoast SEO plugin. -->","yoast_head_json":{"title":"Multikrome - Ugolini","description":"Scopri Multikrome di Ugolini, leader nelle macchine per tintura da laboratorio e da produzione.","robots":{"index":"index","follow":"follow","max-snippet":"max-snippet:-1","max-image-preview":"max-image-preview:large","max-video-preview":"max-video-preview:-1"},"canonical":"https:\/\/www.ugolini.net\/es\/tenido-de-hilo\/multikrome\/","og_locale":"es_ES","og_type":"article","og_title":"Multikrome - Ugolini","og_description":"Scopri Multikrome di Ugolini, leader nelle macchine per tintura da laboratorio e da produzione.","og_url":"https:\/\/www.ugolini.net\/es\/tenido-de-hilo\/multikrome\/","og_site_name":"Ugolini","article_modified_time":"2023-06-26T13:12:24+00:00","og_image":[{"width":567,"height":523,"url":"https:\/\/www.ugolini.net\/wp-content\/uploads\/2023\/05\/multikrome.png","type":"image\/png"}],"twitter_card":"summary_large_image","twitter_misc":{"Tiempo de lectura":"1 minuto"},"schema":{"@context":"https:\/\/schema.org","@graph":[{"@type":"WebPage","@id":"https:\/\/www.ugolini.net\/es\/tenido-de-hilo\/multikrome\/","url":"https:\/\/www.ugolini.net\/es\/tenido-de-hilo\/multikrome\/","name":"Multikrome - Ugolini","isPartOf":{"@id":"https:\/\/www.ugolini.net\/es\/#website"},"primaryImageOfPage":{"@id":"https:\/\/www.ugolini.net\/es\/tenido-de-hilo\/multikrome\/#primaryimage"},"image":{"@id":"https:\/\/www.ugolini.net\/es\/tenido-de-hilo\/multikrome\/#primaryimage"},"thumbnailUrl":"https:\/\/www.ugolini.net\/wp-content\/uploads\/2023\/05\/multikrome.png","datePublished":"2023-05-29T10:11:21+00:00","dateModified":"2023-06-26T13:12:24+00:00","description":"Scopri Multikrome di Ugolini, leader nelle macchine per tintura da laboratorio e da produzione.","breadcrumb":{"@id":"https:\/\/www.ugolini.net\/es\/tenido-de-hilo\/multikrome\/#breadcrumb"},"inLanguage":"es","potentialAction":[{"@type":"ReadAction","target":["https:\/\/www.ugolini.net\/es\/tenido-de-hilo\/multikrome\/"]}]},{"@type":"ImageObject","inLanguage":"es","@id":"https:\/\/www.ugolini.net\/es\/tenido-de-hilo\/multikrome\/#primaryimage","url":"https:\/\/www.ugolini.net\/wp-content\/uploads\/2023\/05\/multikrome.png","contentUrl":"https:\/\/www.ugolini.net\/wp-content\/uploads\/2023\/05\/multikrome.png","width":567,"height":523},{"@type":"BreadcrumbList","@id":"https:\/\/www.ugolini.net\/es\/tenido-de-hilo\/multikrome\/#breadcrumb","itemListElement":[{"@type":"ListItem","position":1,"name":"Home","item":"https:\/\/www.ugolini.net\/es\/"},{"@type":"ListItem","position":2,"name":"Productos","item":"https:\/\/www.ugolini.net\/es\/shop\/"},{"@type":"ListItem","position":3,"name":"Te\u00f1idoras","item":"https:\/\/www.ugolini.net\/es\/tenidoras\/"},{"@type":"ListItem","position":4,"name":"M\u00e1quinas de te\u00f1ido de hilo","item":"https:\/\/www.ugolini.net\/es\/tenido-de-hilo\/"},{"@type":"ListItem","position":5,"name":"Multikrome"}]},{"@type":"WebSite","@id":"https:\/\/www.ugolini.net\/es\/#website","url":"https:\/\/www.ugolini.net\/es\/","name":"Ugolini","description":"Dyeing machines","potentialAction":[{"@type":"SearchAction","target":{"@type":"EntryPoint","urlTemplate":"https:\/\/www.ugolini.net\/es\/?s={search_term_string}"},"query-input":{"@type":"PropertyValueSpecification","valueRequired":true,"valueName":"search_term_string"}}],"inLanguage":"es"}]}},"_links":{"self":[{"href":"https:\/\/www.ugolini.net\/es\/wp-json\/wp\/v2\/product\/2046","targetHints":{"allow":["GET"]}}],"collection":[{"href":"https:\/\/www.ugolini.net\/es\/wp-json\/wp\/v2\/product"}],"about":[{"href":"https:\/\/www.ugolini.net\/es\/wp-json\/wp\/v2\/types\/product"}],"replies":[{"embeddable":true,"href":"https:\/\/www.ugolini.net\/es\/wp-json\/wp\/v2\/comments?post=2046"}],"wp:featuredmedia":[{"embeddable":true,"href":"https:\/\/www.ugolini.net\/es\/wp-json\/wp\/v2\/media\/1860"}],"wp:attachment":[{"href":"https:\/\/www.ugolini.net\/es\/wp-json\/wp\/v2\/media?parent=2046"}],"wp:term":[{"taxonomy":"product_brand","embeddable":true,"href":"https:\/\/www.ugolini.net\/es\/wp-json\/wp\/v2\/product_brand?post=2046"},{"taxonomy":"product_cat","embeddable":true,"href":"https:\/\/www.ugolini.net\/es\/wp-json\/wp\/v2\/product_cat?post=2046"},{"taxonomy":"product_tag","embeddable":true,"href":"https:\/\/www.ugolini.net\/es\/wp-json\/wp\/v2\/product_tag?post=2046"}],"curies":[{"name":"wp","href":"https:\/\/api.w.org\/{rel}","templated":true}]}}