{"id":2036,"date":"2023-05-17T13:14:26","date_gmt":"2023-05-17T13:14:26","guid":{"rendered":"https:\/\/www.ugolini.net\/sin%20categor\u00eda\/rapid-dryer\/"},"modified":"2024-10-03T08:44:55","modified_gmt":"2024-10-03T08:44:55","slug":"rapid-dryer","status":"publish","type":"product","link":"https:\/\/www.ugolini.net\/es\/maquinas-de-laboratorio\/rapid-dryer\/","title":{"rendered":"Rapid Dryer"},"content":{"rendered":"<h3>Rapid Dryer<\/h3>\n<p>Peque\u00f1o secadero r\u00e1pido para bobinas, tela, cintas, cremalleras.<br \/>\nNo requiere centrifugado y est\u00e1 equipado con compresor de aire comprimido antes de que comience el ciclo de secado.<\/p>\n<p><strong>Caracter\u00edsticas principales:<\/strong><br \/>\nEl aire caliente pasa del interior al exterior del material y la humedad se expulsa directamente a la atm\u00f3sfera. La velocidad de secado se debe al impulsor de alta presi\u00f3n utilizado. La m\u00e1quina est\u00e1 montada sobre un z\u00f3calo y es f\u00e1cil de instalar. La capacidad es de 1 a 6 bobinas H 170mm. De dise\u00f1o vertical, la autoclave del secadero es de acero AISI 316 L y tiene un di\u00e1metro de 270 permitiendo el secado de todo tipo de hilaza en bobina.<\/p>\n<p>La espada es desmontable y equipada con un dispositivo de bloqueo r\u00e1pido, f\u00e1cil de cargar.<br \/>\nLa potencia del turbocompresor es de 11 KW, el calentamiento puede ser el\u00e9ctrico o a vapor seg\u00fan la petici\u00f3n del cliente, acondicionamiento de fin de ciclo por intercambiador de agua.<br \/>\nLa tapa tiene cierre r\u00e1pido y enclavamiento mec\u00e1nico.<br \/>\nLos ciclos de escurrimiento por compresi\u00f3n de aire y secado est\u00e1n controlados por microprocesador, la temperatura de mantenimiento tiene una tolerancia de +\/- 3 \u00b0C sobre el punto de consigna y tiene un \u00abrango\u00bb de 20\u00b0C a 135\u00b0C.<\/p>\n<p>El turbocompresor es de alto rendimiento con silenciador a la aspiraci\u00f3n y soportes antivibraci\u00f3n, y el motor est\u00e1 controlado por inversor.<br \/>\nEl cuadro el\u00e9ctrico y neum\u00e1tico est\u00e1n separado de la autoclave en una caja de acero.<\/p>\n","protected":false},"excerpt":{"rendered":"<p>Peque\u00f1o secadero r\u00e1pido para bobinas, tejidos, cintas, cremalleras.<\/p>\n","protected":false},"featured_media":1801,"comment_status":"open","ping_status":"closed","template":"","meta":{"_et_pb_use_builder":"","_et_pb_old_content":"","_et_gb_content_width":""},"product_brand":[],"product_cat":[196,193],"product_tag":[],"class_list":{"0":"post-2036","1":"product","2":"type-product","3":"status-publish","4":"has-post-thumbnail","6":"product_cat-centrifugadoras-y-secadoras","7":"product_cat-maquinas-de-laboratorio","9":"first","10":"instock","11":"shipping-taxable","12":"product-type-simple"},"acf":[],"yoast_head":"<!-- This site is optimized with the Yoast SEO plugin v26.0 - https:\/\/yoast.com\/wordpress\/plugins\/seo\/ -->\n<title>Rapid Dryer - Ugolini<\/title>\n<meta name=\"description\" content=\"Descubre Rapid Dryer de Ugolini, nuestro peque\u00f1o secadero r\u00e1pido de laboratorio para bobinas, tejidos, cintas, cremalleras.\" \/>\n<meta name=\"robots\" content=\"index, follow, max-snippet:-1, max-image-preview:large, max-video-preview:-1\" \/>\n<link rel=\"canonical\" href=\"https:\/\/www.ugolini.net\/es\/maquinas-de-laboratorio\/rapid-dryer\/\" \/>\n<meta property=\"og:locale\" content=\"es_ES\" \/>\n<meta property=\"og:type\" content=\"article\" \/>\n<meta property=\"og:title\" content=\"Rapid Dryer - Ugolini\" \/>\n<meta property=\"og:description\" content=\"Descubre Rapid Dryer de Ugolini, nuestro peque\u00f1o secadero r\u00e1pido de laboratorio para bobinas, tejidos, cintas, cremalleras.\" \/>\n<meta property=\"og:url\" content=\"https:\/\/www.ugolini.net\/es\/maquinas-de-laboratorio\/rapid-dryer\/\" \/>\n<meta property=\"og:site_name\" content=\"Ugolini\" \/>\n<meta property=\"article:modified_time\" content=\"2024-10-03T08:44:55+00:00\" \/>\n<meta property=\"og:image\" content=\"https:\/\/www.ugolini.net\/wp-content\/uploads\/2023\/05\/Rapid-Dryer_scontornata.png\" \/>\n\t<meta property=\"og:image:width\" content=\"707\" \/>\n\t<meta property=\"og:image:height\" content=\"1000\" \/>\n\t<meta property=\"og:image:type\" content=\"image\/png\" \/>\n<meta name=\"twitter:card\" content=\"summary_large_image\" \/>\n<meta name=\"twitter:label1\" content=\"Tiempo de lectura\" \/>\n\t<meta name=\"twitter:data1\" content=\"2 minutos\" \/>\n<!-- \/ Yoast SEO plugin. -->","yoast_head_json":{"title":"Rapid Dryer - Ugolini","description":"Descubre Rapid Dryer de Ugolini, nuestro peque\u00f1o secadero r\u00e1pido de laboratorio para bobinas, tejidos, cintas, cremalleras.","robots":{"index":"index","follow":"follow","max-snippet":"max-snippet:-1","max-image-preview":"max-image-preview:large","max-video-preview":"max-video-preview:-1"},"canonical":"https:\/\/www.ugolini.net\/es\/maquinas-de-laboratorio\/rapid-dryer\/","og_locale":"es_ES","og_type":"article","og_title":"Rapid Dryer - Ugolini","og_description":"Descubre Rapid Dryer de Ugolini, nuestro peque\u00f1o secadero r\u00e1pido de laboratorio para bobinas, tejidos, cintas, cremalleras.","og_url":"https:\/\/www.ugolini.net\/es\/maquinas-de-laboratorio\/rapid-dryer\/","og_site_name":"Ugolini","article_modified_time":"2024-10-03T08:44:55+00:00","og_image":[{"width":707,"height":1000,"url":"https:\/\/www.ugolini.net\/wp-content\/uploads\/2023\/05\/Rapid-Dryer_scontornata.png","type":"image\/png"}],"twitter_card":"summary_large_image","twitter_misc":{"Tiempo de lectura":"2 minutos"},"schema":{"@context":"https:\/\/schema.org","@graph":[{"@type":"WebPage","@id":"https:\/\/www.ugolini.net\/es\/maquinas-de-laboratorio\/rapid-dryer\/","url":"https:\/\/www.ugolini.net\/es\/maquinas-de-laboratorio\/rapid-dryer\/","name":"Rapid Dryer - Ugolini","isPartOf":{"@id":"https:\/\/www.ugolini.net\/es\/#website"},"primaryImageOfPage":{"@id":"https:\/\/www.ugolini.net\/es\/maquinas-de-laboratorio\/rapid-dryer\/#primaryimage"},"image":{"@id":"https:\/\/www.ugolini.net\/es\/maquinas-de-laboratorio\/rapid-dryer\/#primaryimage"},"thumbnailUrl":"https:\/\/www.ugolini.net\/wp-content\/uploads\/2023\/05\/Rapid-Dryer_scontornata.png","datePublished":"2023-05-17T13:14:26+00:00","dateModified":"2024-10-03T08:44:55+00:00","description":"Descubre Rapid Dryer de Ugolini, nuestro peque\u00f1o secadero r\u00e1pido de laboratorio para bobinas, tejidos, cintas, cremalleras.","breadcrumb":{"@id":"https:\/\/www.ugolini.net\/es\/maquinas-de-laboratorio\/rapid-dryer\/#breadcrumb"},"inLanguage":"es","potentialAction":[{"@type":"ReadAction","target":["https:\/\/www.ugolini.net\/es\/maquinas-de-laboratorio\/rapid-dryer\/"]}]},{"@type":"ImageObject","inLanguage":"es","@id":"https:\/\/www.ugolini.net\/es\/maquinas-de-laboratorio\/rapid-dryer\/#primaryimage","url":"https:\/\/www.ugolini.net\/wp-content\/uploads\/2023\/05\/Rapid-Dryer_scontornata.png","contentUrl":"https:\/\/www.ugolini.net\/wp-content\/uploads\/2023\/05\/Rapid-Dryer_scontornata.png","width":707,"height":1000},{"@type":"BreadcrumbList","@id":"https:\/\/www.ugolini.net\/es\/maquinas-de-laboratorio\/rapid-dryer\/#breadcrumb","itemListElement":[{"@type":"ListItem","position":1,"name":"Home","item":"https:\/\/www.ugolini.net\/es\/"},{"@type":"ListItem","position":2,"name":"Productos","item":"https:\/\/www.ugolini.net\/es\/shop\/"},{"@type":"ListItem","position":3,"name":"Centrifugadoras y Secadoras","item":"https:\/\/www.ugolini.net\/es\/centrifugadoras-y-secadoras\/"},{"@type":"ListItem","position":4,"name":"Rapid Dryer"}]},{"@type":"WebSite","@id":"https:\/\/www.ugolini.net\/es\/#website","url":"https:\/\/www.ugolini.net\/es\/","name":"Ugolini","description":"Dyeing machines","potentialAction":[{"@type":"SearchAction","target":{"@type":"EntryPoint","urlTemplate":"https:\/\/www.ugolini.net\/es\/?s={search_term_string}"},"query-input":{"@type":"PropertyValueSpecification","valueRequired":true,"valueName":"search_term_string"}}],"inLanguage":"es"}]}},"_links":{"self":[{"href":"https:\/\/www.ugolini.net\/es\/wp-json\/wp\/v2\/product\/2036","targetHints":{"allow":["GET"]}}],"collection":[{"href":"https:\/\/www.ugolini.net\/es\/wp-json\/wp\/v2\/product"}],"about":[{"href":"https:\/\/www.ugolini.net\/es\/wp-json\/wp\/v2\/types\/product"}],"replies":[{"embeddable":true,"href":"https:\/\/www.ugolini.net\/es\/wp-json\/wp\/v2\/comments?post=2036"}],"wp:featuredmedia":[{"embeddable":true,"href":"https:\/\/www.ugolini.net\/es\/wp-json\/wp\/v2\/media\/1801"}],"wp:attachment":[{"href":"https:\/\/www.ugolini.net\/es\/wp-json\/wp\/v2\/media?parent=2036"}],"wp:term":[{"taxonomy":"product_brand","embeddable":true,"href":"https:\/\/www.ugolini.net\/es\/wp-json\/wp\/v2\/product_brand?post=2036"},{"taxonomy":"product_cat","embeddable":true,"href":"https:\/\/www.ugolini.net\/es\/wp-json\/wp\/v2\/product_cat?post=2036"},{"taxonomy":"product_tag","embeddable":true,"href":"https:\/\/www.ugolini.net\/es\/wp-json\/wp\/v2\/product_tag?post=2036"}],"curies":[{"name":"wp","href":"https:\/\/api.w.org\/{rel}","templated":true}]}}