{"id":2030,"date":"2023-05-17T13:08:30","date_gmt":"2023-05-17T13:08:30","guid":{"rendered":"https:\/\/www.ugolini.net\/sin%20categor\u00eda\/lab-hank\/"},"modified":"2024-10-03T08:25:29","modified_gmt":"2024-10-03T08:25:29","slug":"lab-hank","status":"publish","type":"product","link":"https:\/\/www.ugolini.net\/es\/maquinas-de-laboratorio\/lab-hank\/","title":{"rendered":"Lab Hank"},"content":{"rendered":"<h3>Lab Hank<\/h3>\n<p>Aparato tipo armario hidrost\u00e1tico para te\u00f1ir 1-5 kg \u200b\u200bde hilo en madeja fabricado en acero inoxidable AISI 316 L<\/p>\n<p><strong>Las caracter\u00edsticas principales:<br \/>\n<\/strong><br \/>\nArmario en forma de paralelep\u00edpedo con puertas de cierre r\u00e1pido con sistema de pernos en l\u00ednea y juntas autosellantes de caucho de silicona;<br \/>\nBomba de circulaci\u00f3n de ba\u00f1o de h\u00e9lice reversible con fondo inclinado y rejillas en la parte inferior para una perfecta difusi\u00f3n del ba\u00f1o;<br \/>\nSerpentinas para calentamiento indirecto del ba\u00f1o;<br \/>\nSerpentinas para enfriamiento indirecto con agua recuperable calentada;<br \/>\nPosibilidad de calentamiento el\u00e9ctrico con resistencias de alto rendimiento y larga duraci\u00f3n;<br \/>\nVaso de expansi\u00f3n con bomba el\u00e9ctrica para recirculaci\u00f3n, expansi\u00f3n del ba\u00f1o e introducci\u00f3n del producto;<br \/>\nElectrobomba centr\u00edfuga para recirculaci\u00f3n del ba\u00f1o;<br \/>\nToma muestras de carrete r\u00e1pido;<br \/>\nV\u00e1lvula mec\u00e1nica de seguridad;<br \/>\nCuadro el\u00e9ctrico con microprocesador para el control autom\u00e1tico del ciclo;<br \/>\nSerie de ranuras en los laterales del armario para carga de madejas con diferentes bobinas.<\/p>\n","protected":false},"excerpt":{"rendered":"<p>Compuesta por armario hidrost\u00e1tico dise\u00f1ado para te\u00f1ir de 1 a 5 Kg de hilado en madejas, construido en acero inoxidable AISI 316.<\/p>\n","protected":false},"featured_media":1848,"comment_status":"open","ping_status":"closed","template":"","meta":{"_et_pb_use_builder":"","_et_pb_old_content":"","_et_gb_content_width":""},"product_brand":[],"product_cat":[193],"product_tag":[],"class_list":{"0":"post-2030","1":"product","2":"type-product","3":"status-publish","4":"has-post-thumbnail","6":"product_cat-maquinas-de-laboratorio","8":"first","9":"instock","10":"shipping-taxable","11":"product-type-simple"},"acf":[],"yoast_head":"<!-- This site is optimized with the Yoast SEO plugin v26.0 - https:\/\/yoast.com\/wordpress\/plugins\/seo\/ -->\n<title>Lab Hank - Ugolini<\/title>\n<meta name=\"description\" content=\"Descubre Lab Hank, armario hidrost\u00e1tico dise\u00f1ado para te\u00f1ir de 1 a 5 Kg de hilado en madejas, construido en acero inoxidable AISI 316.\" \/>\n<meta name=\"robots\" content=\"index, follow, max-snippet:-1, max-image-preview:large, max-video-preview:-1\" \/>\n<link rel=\"canonical\" href=\"https:\/\/www.ugolini.net\/es\/maquinas-de-laboratorio\/lab-hank\/\" \/>\n<meta property=\"og:locale\" content=\"es_ES\" \/>\n<meta property=\"og:type\" content=\"article\" \/>\n<meta property=\"og:title\" content=\"Lab Hank - Ugolini\" \/>\n<meta property=\"og:description\" content=\"Descubre Lab Hank, armario hidrost\u00e1tico dise\u00f1ado para te\u00f1ir de 1 a 5 Kg de hilado en madejas, construido en acero inoxidable AISI 316.\" \/>\n<meta property=\"og:url\" content=\"https:\/\/www.ugolini.net\/es\/maquinas-de-laboratorio\/lab-hank\/\" \/>\n<meta property=\"og:site_name\" content=\"Ugolini\" \/>\n<meta property=\"article:modified_time\" content=\"2024-10-03T08:25:29+00:00\" \/>\n<meta property=\"og:image\" content=\"https:\/\/www.ugolini.net\/wp-content\/uploads\/2023\/05\/lab-hank-2.png\" \/>\n\t<meta property=\"og:image:width\" content=\"348\" \/>\n\t<meta property=\"og:image:height\" content=\"487\" \/>\n\t<meta property=\"og:image:type\" content=\"image\/png\" \/>\n<meta name=\"twitter:card\" content=\"summary_large_image\" \/>\n<meta name=\"twitter:label1\" content=\"Tiempo de lectura\" \/>\n\t<meta name=\"twitter:data1\" content=\"2 minutos\" \/>\n<!-- \/ Yoast SEO plugin. -->","yoast_head_json":{"title":"Lab Hank - Ugolini","description":"Descubre Lab Hank, armario hidrost\u00e1tico dise\u00f1ado para te\u00f1ir de 1 a 5 Kg de hilado en madejas, construido en acero inoxidable AISI 316.","robots":{"index":"index","follow":"follow","max-snippet":"max-snippet:-1","max-image-preview":"max-image-preview:large","max-video-preview":"max-video-preview:-1"},"canonical":"https:\/\/www.ugolini.net\/es\/maquinas-de-laboratorio\/lab-hank\/","og_locale":"es_ES","og_type":"article","og_title":"Lab Hank - Ugolini","og_description":"Descubre Lab Hank, armario hidrost\u00e1tico dise\u00f1ado para te\u00f1ir de 1 a 5 Kg de hilado en madejas, construido en acero inoxidable AISI 316.","og_url":"https:\/\/www.ugolini.net\/es\/maquinas-de-laboratorio\/lab-hank\/","og_site_name":"Ugolini","article_modified_time":"2024-10-03T08:25:29+00:00","og_image":[{"width":348,"height":487,"url":"https:\/\/www.ugolini.net\/wp-content\/uploads\/2023\/05\/lab-hank-2.png","type":"image\/png"}],"twitter_card":"summary_large_image","twitter_misc":{"Tiempo de lectura":"2 minutos"},"schema":{"@context":"https:\/\/schema.org","@graph":[{"@type":"WebPage","@id":"https:\/\/www.ugolini.net\/es\/maquinas-de-laboratorio\/lab-hank\/","url":"https:\/\/www.ugolini.net\/es\/maquinas-de-laboratorio\/lab-hank\/","name":"Lab Hank - Ugolini","isPartOf":{"@id":"https:\/\/www.ugolini.net\/es\/#website"},"primaryImageOfPage":{"@id":"https:\/\/www.ugolini.net\/es\/maquinas-de-laboratorio\/lab-hank\/#primaryimage"},"image":{"@id":"https:\/\/www.ugolini.net\/es\/maquinas-de-laboratorio\/lab-hank\/#primaryimage"},"thumbnailUrl":"https:\/\/www.ugolini.net\/wp-content\/uploads\/2023\/05\/lab-hank-2.png","datePublished":"2023-05-17T13:08:30+00:00","dateModified":"2024-10-03T08:25:29+00:00","description":"Descubre Lab Hank, armario hidrost\u00e1tico dise\u00f1ado para te\u00f1ir de 1 a 5 Kg de hilado en madejas, construido en acero inoxidable AISI 316.","breadcrumb":{"@id":"https:\/\/www.ugolini.net\/es\/maquinas-de-laboratorio\/lab-hank\/#breadcrumb"},"inLanguage":"es","potentialAction":[{"@type":"ReadAction","target":["https:\/\/www.ugolini.net\/es\/maquinas-de-laboratorio\/lab-hank\/"]}]},{"@type":"ImageObject","inLanguage":"es","@id":"https:\/\/www.ugolini.net\/es\/maquinas-de-laboratorio\/lab-hank\/#primaryimage","url":"https:\/\/www.ugolini.net\/wp-content\/uploads\/2023\/05\/lab-hank-2.png","contentUrl":"https:\/\/www.ugolini.net\/wp-content\/uploads\/2023\/05\/lab-hank-2.png","width":348,"height":487},{"@type":"BreadcrumbList","@id":"https:\/\/www.ugolini.net\/es\/maquinas-de-laboratorio\/lab-hank\/#breadcrumb","itemListElement":[{"@type":"ListItem","position":1,"name":"Home","item":"https:\/\/www.ugolini.net\/es\/"},{"@type":"ListItem","position":2,"name":"Productos","item":"https:\/\/www.ugolini.net\/es\/shop\/"},{"@type":"ListItem","position":3,"name":"M\u00e1quinas de te\u00f1ir de laboratorio","item":"https:\/\/www.ugolini.net\/es\/maquinas-de-laboratorio\/"},{"@type":"ListItem","position":4,"name":"Lab Hank"}]},{"@type":"WebSite","@id":"https:\/\/www.ugolini.net\/es\/#website","url":"https:\/\/www.ugolini.net\/es\/","name":"Ugolini","description":"Dyeing machines","potentialAction":[{"@type":"SearchAction","target":{"@type":"EntryPoint","urlTemplate":"https:\/\/www.ugolini.net\/es\/?s={search_term_string}"},"query-input":{"@type":"PropertyValueSpecification","valueRequired":true,"valueName":"search_term_string"}}],"inLanguage":"es"}]}},"_links":{"self":[{"href":"https:\/\/www.ugolini.net\/es\/wp-json\/wp\/v2\/product\/2030","targetHints":{"allow":["GET"]}}],"collection":[{"href":"https:\/\/www.ugolini.net\/es\/wp-json\/wp\/v2\/product"}],"about":[{"href":"https:\/\/www.ugolini.net\/es\/wp-json\/wp\/v2\/types\/product"}],"replies":[{"embeddable":true,"href":"https:\/\/www.ugolini.net\/es\/wp-json\/wp\/v2\/comments?post=2030"}],"wp:featuredmedia":[{"embeddable":true,"href":"https:\/\/www.ugolini.net\/es\/wp-json\/wp\/v2\/media\/1848"}],"wp:attachment":[{"href":"https:\/\/www.ugolini.net\/es\/wp-json\/wp\/v2\/media?parent=2030"}],"wp:term":[{"taxonomy":"product_brand","embeddable":true,"href":"https:\/\/www.ugolini.net\/es\/wp-json\/wp\/v2\/product_brand?post=2030"},{"taxonomy":"product_cat","embeddable":true,"href":"https:\/\/www.ugolini.net\/es\/wp-json\/wp\/v2\/product_cat?post=2030"},{"taxonomy":"product_tag","embeddable":true,"href":"https:\/\/www.ugolini.net\/es\/wp-json\/wp\/v2\/product_tag?post=2030"}],"curies":[{"name":"wp","href":"https:\/\/api.w.org\/{rel}","templated":true}]}}