{"id":2028,"date":"2023-05-17T13:07:33","date_gmt":"2023-05-17T13:07:33","guid":{"rendered":"https:\/\/www.ugolini.net\/sin%20categor\u00eda\/minijet\/"},"modified":"2024-10-03T08:19:02","modified_gmt":"2024-10-03T08:19:02","slug":"minijet","status":"publish","type":"product","link":"https:\/\/www.ugolini.net\/es\/maquinas-de-laboratorio\/minijet\/","title":{"rendered":"Minijet"},"content":{"rendered":"<h3>Minijet 1\/5 kg<\/h3>\n<p>El modelo MINIJET se utiliza para pruebas de te\u00f1ido en laboratorio y para peque\u00f1as producciones.<\/p>\n<p><strong>Las caracter\u00edsticas principales:<\/strong><br \/>\nLa unidad est\u00e1 construida \u00edntegramente en acero AISI 316L.<br \/>\nLa autoclave trabaja a alta temperatura (hasta un m\u00e1ximo de 140\u00b0C) y alta presi\u00f3n (5 bar m\u00e1ximo).<br \/>\nEste aparato es ideal para te\u00f1ir cualquier fibra natural o sint\u00e9tica (tejida o de punto). El peso de la muestra a te\u00f1ir oscila entre 1 y 5 kg aproximadamente (en funci\u00f3n del modelo de maquina y tipo de material). Se garantiza una reproducibilidad perfecta con m\u00e1quinas de gran producci\u00f3n.<\/p>\n<p>La m\u00e1quina est\u00e1 optimizada para trabajar con muestras y peque\u00f1as cantidades.<br \/>\nIncluso con una baja relaci\u00f3n de ba\u00f1o (1:5), los resultados son comparables con las mejores m\u00e1quinas de tintura a baja relaci\u00f3n de ba\u00f1o. Construcci\u00f3n: la autoclave y todas las partes en contacto con el licor de tintura son de acero inoxidable AISI 316L y est\u00e1n probados para trabajar a alta presi\u00f3n. La autoclave est\u00e1 provista de una tapa con cierre<\/p>\n<p>Bomba de circulaci\u00f3n: de potencia adecuada con velocidad variable controlada por inversor de 0 a 3000 rpm.<br \/>\nIntercambiador de calor: el\u00e9ctrico o de vapor, refrigeraci\u00f3n por agua. Introducci\u00f3n de productos auxiliares: posibilidad de introducir productos auxiliares o colorantes en autoclave (tambi\u00e9n a presi\u00f3n) a trav\u00e9s de un tanque de agregados con bomba dosificadora.<\/p>\n<p>Enrollador de velocidad variable con inversor de 0 a 200 RPM, desmontaje r\u00e1pido del jet y funci\u00f3n de b\u00fasqueda autom\u00e1tica de costuras. Posibilidad de programar el n\u00famero de revoluciones del tejido por minuto.<\/p>\n<p>Cuadro el\u00e9ctrico completo con microprocesador para un ciclo totalmente autom\u00e1tico.<\/p>\n","protected":false},"excerpt":{"rendered":"<p>El modelo MINIJET se utiliza para el muestreo de tejidos en el laboratorio y para peque\u00f1as producciones.<\/p>\n","protected":false},"featured_media":1798,"comment_status":"open","ping_status":"closed","template":"","meta":{"_et_pb_use_builder":"","_et_pb_old_content":"","_et_gb_content_width":""},"product_brand":[],"product_cat":[193],"product_tag":[],"class_list":{"0":"post-2028","1":"product","2":"type-product","3":"status-publish","4":"has-post-thumbnail","6":"product_cat-maquinas-de-laboratorio","8":"first","9":"instock","10":"shipping-taxable","11":"product-type-simple"},"acf":[],"yoast_head":"<!-- This site is optimized with the Yoast SEO plugin v26.0 - https:\/\/yoast.com\/wordpress\/plugins\/seo\/ -->\n<title>Minijet - Ugolini<\/title>\n<meta name=\"description\" content=\"Scopri Minijet di Ugolini, leader nelle macchine per tintura da laboratorio e da produzione.\" \/>\n<meta name=\"robots\" content=\"index, follow, max-snippet:-1, max-image-preview:large, max-video-preview:-1\" \/>\n<link rel=\"canonical\" href=\"https:\/\/www.ugolini.net\/es\/maquinas-de-laboratorio\/minijet\/\" \/>\n<meta property=\"og:locale\" content=\"es_ES\" \/>\n<meta property=\"og:type\" content=\"article\" \/>\n<meta property=\"og:title\" content=\"Minijet - Ugolini\" \/>\n<meta property=\"og:description\" content=\"Scopri Minijet di Ugolini, leader nelle macchine per tintura da laboratorio e da produzione.\" \/>\n<meta property=\"og:url\" content=\"https:\/\/www.ugolini.net\/es\/maquinas-de-laboratorio\/minijet\/\" \/>\n<meta property=\"og:site_name\" content=\"Ugolini\" \/>\n<meta property=\"article:modified_time\" content=\"2024-10-03T08:19:02+00:00\" \/>\n<meta property=\"og:image\" content=\"https:\/\/www.ugolini.net\/wp-content\/uploads\/2023\/05\/minijet_scontornato.png\" \/>\n\t<meta property=\"og:image:width\" content=\"1500\" \/>\n\t<meta property=\"og:image:height\" content=\"1000\" \/>\n\t<meta property=\"og:image:type\" content=\"image\/png\" \/>\n<meta name=\"twitter:card\" content=\"summary_large_image\" \/>\n<meta name=\"twitter:label1\" content=\"Tiempo de lectura\" \/>\n\t<meta name=\"twitter:data1\" content=\"2 minutos\" \/>\n<!-- \/ Yoast SEO plugin. -->","yoast_head_json":{"title":"Minijet - Ugolini","description":"Scopri Minijet di Ugolini, leader nelle macchine per tintura da laboratorio e da produzione.","robots":{"index":"index","follow":"follow","max-snippet":"max-snippet:-1","max-image-preview":"max-image-preview:large","max-video-preview":"max-video-preview:-1"},"canonical":"https:\/\/www.ugolini.net\/es\/maquinas-de-laboratorio\/minijet\/","og_locale":"es_ES","og_type":"article","og_title":"Minijet - Ugolini","og_description":"Scopri Minijet di Ugolini, leader nelle macchine per tintura da laboratorio e da produzione.","og_url":"https:\/\/www.ugolini.net\/es\/maquinas-de-laboratorio\/minijet\/","og_site_name":"Ugolini","article_modified_time":"2024-10-03T08:19:02+00:00","og_image":[{"width":1500,"height":1000,"url":"https:\/\/www.ugolini.net\/wp-content\/uploads\/2023\/05\/minijet_scontornato.png","type":"image\/png"}],"twitter_card":"summary_large_image","twitter_misc":{"Tiempo de lectura":"2 minutos"},"schema":{"@context":"https:\/\/schema.org","@graph":[{"@type":"WebPage","@id":"https:\/\/www.ugolini.net\/es\/maquinas-de-laboratorio\/minijet\/","url":"https:\/\/www.ugolini.net\/es\/maquinas-de-laboratorio\/minijet\/","name":"Minijet - Ugolini","isPartOf":{"@id":"https:\/\/www.ugolini.net\/es\/#website"},"primaryImageOfPage":{"@id":"https:\/\/www.ugolini.net\/es\/maquinas-de-laboratorio\/minijet\/#primaryimage"},"image":{"@id":"https:\/\/www.ugolini.net\/es\/maquinas-de-laboratorio\/minijet\/#primaryimage"},"thumbnailUrl":"https:\/\/www.ugolini.net\/wp-content\/uploads\/2023\/05\/minijet_scontornato.png","datePublished":"2023-05-17T13:07:33+00:00","dateModified":"2024-10-03T08:19:02+00:00","description":"Scopri Minijet di Ugolini, leader nelle macchine per tintura da laboratorio e da produzione.","breadcrumb":{"@id":"https:\/\/www.ugolini.net\/es\/maquinas-de-laboratorio\/minijet\/#breadcrumb"},"inLanguage":"es","potentialAction":[{"@type":"ReadAction","target":["https:\/\/www.ugolini.net\/es\/maquinas-de-laboratorio\/minijet\/"]}]},{"@type":"ImageObject","inLanguage":"es","@id":"https:\/\/www.ugolini.net\/es\/maquinas-de-laboratorio\/minijet\/#primaryimage","url":"https:\/\/www.ugolini.net\/wp-content\/uploads\/2023\/05\/minijet_scontornato.png","contentUrl":"https:\/\/www.ugolini.net\/wp-content\/uploads\/2023\/05\/minijet_scontornato.png","width":1500,"height":1000},{"@type":"BreadcrumbList","@id":"https:\/\/www.ugolini.net\/es\/maquinas-de-laboratorio\/minijet\/#breadcrumb","itemListElement":[{"@type":"ListItem","position":1,"name":"Home","item":"https:\/\/www.ugolini.net\/es\/"},{"@type":"ListItem","position":2,"name":"Productos","item":"https:\/\/www.ugolini.net\/es\/shop\/"},{"@type":"ListItem","position":3,"name":"M\u00e1quinas de te\u00f1ir de laboratorio","item":"https:\/\/www.ugolini.net\/es\/maquinas-de-laboratorio\/"},{"@type":"ListItem","position":4,"name":"Minijet"}]},{"@type":"WebSite","@id":"https:\/\/www.ugolini.net\/es\/#website","url":"https:\/\/www.ugolini.net\/es\/","name":"Ugolini","description":"Dyeing machines","potentialAction":[{"@type":"SearchAction","target":{"@type":"EntryPoint","urlTemplate":"https:\/\/www.ugolini.net\/es\/?s={search_term_string}"},"query-input":{"@type":"PropertyValueSpecification","valueRequired":true,"valueName":"search_term_string"}}],"inLanguage":"es"}]}},"_links":{"self":[{"href":"https:\/\/www.ugolini.net\/es\/wp-json\/wp\/v2\/product\/2028","targetHints":{"allow":["GET"]}}],"collection":[{"href":"https:\/\/www.ugolini.net\/es\/wp-json\/wp\/v2\/product"}],"about":[{"href":"https:\/\/www.ugolini.net\/es\/wp-json\/wp\/v2\/types\/product"}],"replies":[{"embeddable":true,"href":"https:\/\/www.ugolini.net\/es\/wp-json\/wp\/v2\/comments?post=2028"}],"wp:featuredmedia":[{"embeddable":true,"href":"https:\/\/www.ugolini.net\/es\/wp-json\/wp\/v2\/media\/1798"}],"wp:attachment":[{"href":"https:\/\/www.ugolini.net\/es\/wp-json\/wp\/v2\/media?parent=2028"}],"wp:term":[{"taxonomy":"product_brand","embeddable":true,"href":"https:\/\/www.ugolini.net\/es\/wp-json\/wp\/v2\/product_brand?post=2028"},{"taxonomy":"product_cat","embeddable":true,"href":"https:\/\/www.ugolini.net\/es\/wp-json\/wp\/v2\/product_cat?post=2028"},{"taxonomy":"product_tag","embeddable":true,"href":"https:\/\/www.ugolini.net\/es\/wp-json\/wp\/v2\/product_tag?post=2028"}],"curies":[{"name":"wp","href":"https:\/\/api.w.org\/{rel}","templated":true}]}}