{"id":2026,"date":"2023-05-17T13:06:24","date_gmt":"2023-05-17T13:06:24","guid":{"rendered":"https:\/\/www.ugolini.net\/sin%20categor\u00eda\/autosimplex\/"},"modified":"2024-10-03T08:15:11","modified_gmt":"2024-10-03T08:15:11","slug":"autosimplex","status":"publish","type":"product","link":"https:\/\/www.ugolini.net\/es\/maquinas-de-laboratorio\/autosimplex\/","title":{"rendered":"Autosimplex Dos Dye Dry"},"content":{"rendered":"<h3>Autosimplex 20\/200gr<\/h3>\n<p>El modelo Autosimplex es b\u00e1sicamente la combinaci\u00f3n de 4 m\u00e1quinas:<br \/>\n1) Unidad autom\u00e1tica de preparaci\u00f3n de soluciones<br \/>\n2) Sistema autom\u00e1tico de dosificaci\u00f3n<br \/>\n3) M\u00f3dulos de te\u00f1ido<br \/>\n4) Secado autom\u00e1tico de muestras<\/p>\n<p><strong>Las caracter\u00edsticas principales:<\/strong><\/p>\n<p><strong>Ventajas:<\/strong><br \/>\nPrecisi\u00f3n y rapidez de dosificaci\u00f3n mediante jeringa volum\u00e9trica r\u00e1pida y cuentalitros para a\u00f1adir el agua final.<br \/>\nCompacidad: 4 m\u00e1quinas en 1<br \/>\nMaximizaci\u00f3n de la reproducibilidad de las muestras desde el laboratorio hasta la producci\u00f3n<br \/>\nAutomatizaci\u00f3n: se minimizan los errores humanos, se reducen los costes de mano de obra y la m\u00e1quina puede trabajar en turnos de noche sin supervisi\u00f3n<br \/>\nInteligente: todas las funciones de la m\u00e1quina pueden controlarse a distancia<br \/>\nRight First Time, Sostenibilidad: gracias a la excelente reproducibilidad de las muestras no es necesario hacer correcciones despu\u00e9s del te\u00f1ido, lo que aumenta la productividad general con consecuente ahorro de tiempo, agua, productos qu\u00edmicos, energ\u00eda, materias primas y materiales Industria 4.0,<\/p>\n<p><strong>Unidad de preparaci\u00f3n de soluciones:<\/strong><br \/>\nPreparaci\u00f3n autom\u00e1tica de soluciones con sistema gravim\u00e9trico: coger los polvos de los silos, a\u00f1adir agua, mezclar. Todas las soluciones pueden prepararse autom\u00e1ticamente y programarse para el turno de noche.<br \/>\nPreparaci\u00f3n autom\u00e1tica de soluciones diluidas con sistema volum\u00e9trico a partir de soluciones concentradas, con una precisi\u00f3n de 0,01 ml.<br \/>\nPreparaci\u00f3n autom\u00e1tica de soluciones agotadas o vac\u00edas: sin p\u00e9rdida de tiempo ni de trabajo<br \/>\nLavado autom\u00e1tico de botellas: sin necesidad de exponer al personal a productos qu\u00edmicos<\/p>\n<p><strong>Sistema de dosificaci\u00f3n autom\u00e1tica:<\/strong><br \/>\nPosiciones de soluci\u00f3n con agitador personalizable (velocidad y temporizaci\u00f3n) 80\/120\/280\/320 botellas para productos qu\u00edmicos y colorantes<br \/>\nSistema de dosificaci\u00f3n volum\u00e9trica precisa: 0,003 ml de precisi\u00f3n.<br \/>\nLavado y secado autom\u00e1tico de las jeringas (con aire).<br \/>\nDosificaci\u00f3n directa en autoclaves o en nuestros vidrios de tinci\u00f3n infrarrojos<br \/>\nIntegraci\u00f3n con los sistemas de colorimetr\u00eda m\u00e1s habituales<\/p>\n<p><strong>Unidades autom\u00e1ticas de te\u00f1ido y secado:<\/strong><br \/>\nHasta 24 autoclaves divididos en m\u00f3dulos de la siguiente manera:<br \/>\n&#8211; de uno a cuatro de 6 autoclaves cada uno, para tinturas de m\u00e1ximo 200g<br \/>\n&#8211; de uno a tres de 8 autoclaves cada uno, para tinturas de m\u00e1ximo 100g<br \/>\nCada autoclave es independiente garantizando procesos independientes<br \/>\nDosificaci\u00f3n autom\u00e1tica de colorantes y productos qu\u00edmicos.<br \/>\nApertura y cierre autom\u00e1tico de las tapas.<br \/>\nCarga y descarga autom\u00e1tica de los porta-materiales, por lo que no hay que esperar a que termine el lote de te\u00f1ido: todo programable, incluso de noche.<br \/>\nBomba de circulaci\u00f3n reversible para simular las condiciones de las m\u00e1quinas de producci\u00f3n.<br \/>\nTodas las piezas en contacto con el ba\u00f1o de tinte en acero inoxidable AISI 316L.<br \/>\nM\u00f3dulo de secado autom\u00e1tico integrado en la m\u00e1quina para que la muestra salga completamente seca.<\/p>\n","protected":false},"excerpt":{"rendered":"<p>El modelo Autosimplex es b\u00e1sicamente la uni\u00f3n de 4 m\u00e1quinas: unidad de preparaci\u00f3n de soluci\u00f3n autom\u00e1tica, sistema de dosificaci\u00f3n autom\u00e1tica, te\u00f1idoras, secado autom\u00e1tico de muestras.<\/p>\n","protected":false},"featured_media":1797,"comment_status":"open","ping_status":"closed","template":"","meta":{"_et_pb_use_builder":"","_et_pb_old_content":"","_et_gb_content_width":""},"product_brand":[],"product_cat":[193],"product_tag":[],"class_list":{"0":"post-2026","1":"product","2":"type-product","3":"status-publish","4":"has-post-thumbnail","6":"product_cat-maquinas-de-laboratorio","8":"first","9":"instock","10":"shipping-taxable","11":"product-type-simple"},"acf":[],"yoast_head":"<!-- This site is optimized with the Yoast SEO plugin v26.0 - https:\/\/yoast.com\/wordpress\/plugins\/seo\/ -->\n<title>Autosimplex Dos Dye Dry - Ugolini<\/title>\n<meta name=\"description\" content=\"Descubre Autosimplex de Ugolini: unidad de preparaci\u00f3n de soluci\u00f3n autom\u00e1tica, sistema de dosificaci\u00f3n autom\u00e1tica, te\u00f1idoras, secado autom\u00e1tico de muestras.\" \/>\n<meta name=\"robots\" content=\"index, follow, max-snippet:-1, max-image-preview:large, max-video-preview:-1\" \/>\n<link rel=\"canonical\" href=\"https:\/\/www.ugolini.net\/es\/maquinas-de-laboratorio\/autosimplex\/\" \/>\n<meta property=\"og:locale\" content=\"es_ES\" \/>\n<meta property=\"og:type\" content=\"article\" \/>\n<meta property=\"og:title\" content=\"Autosimplex Dos Dye Dry - Ugolini\" \/>\n<meta property=\"og:description\" content=\"Descubre Autosimplex de Ugolini: unidad de preparaci\u00f3n de soluci\u00f3n autom\u00e1tica, sistema de dosificaci\u00f3n autom\u00e1tica, te\u00f1idoras, secado autom\u00e1tico de muestras.\" \/>\n<meta property=\"og:url\" content=\"https:\/\/www.ugolini.net\/es\/maquinas-de-laboratorio\/autosimplex\/\" \/>\n<meta property=\"og:site_name\" content=\"Ugolini\" \/>\n<meta property=\"article:modified_time\" content=\"2024-10-03T08:15:11+00:00\" \/>\n<meta property=\"og:image\" content=\"https:\/\/www.ugolini.net\/wp-content\/uploads\/2023\/05\/Autosimplex_scontornata.png\" \/>\n\t<meta property=\"og:image:width\" content=\"667\" \/>\n\t<meta property=\"og:image:height\" content=\"1000\" \/>\n\t<meta property=\"og:image:type\" content=\"image\/png\" \/>\n<meta name=\"twitter:card\" content=\"summary_large_image\" \/>\n<meta name=\"twitter:label1\" content=\"Tiempo de lectura\" \/>\n\t<meta name=\"twitter:data1\" content=\"3 minutos\" \/>\n<!-- \/ Yoast SEO plugin. -->","yoast_head_json":{"title":"Autosimplex Dos Dye Dry - Ugolini","description":"Descubre Autosimplex de Ugolini: unidad de preparaci\u00f3n de soluci\u00f3n autom\u00e1tica, sistema de dosificaci\u00f3n autom\u00e1tica, te\u00f1idoras, secado autom\u00e1tico de muestras.","robots":{"index":"index","follow":"follow","max-snippet":"max-snippet:-1","max-image-preview":"max-image-preview:large","max-video-preview":"max-video-preview:-1"},"canonical":"https:\/\/www.ugolini.net\/es\/maquinas-de-laboratorio\/autosimplex\/","og_locale":"es_ES","og_type":"article","og_title":"Autosimplex Dos Dye Dry - Ugolini","og_description":"Descubre Autosimplex de Ugolini: unidad de preparaci\u00f3n de soluci\u00f3n autom\u00e1tica, sistema de dosificaci\u00f3n autom\u00e1tica, te\u00f1idoras, secado autom\u00e1tico de muestras.","og_url":"https:\/\/www.ugolini.net\/es\/maquinas-de-laboratorio\/autosimplex\/","og_site_name":"Ugolini","article_modified_time":"2024-10-03T08:15:11+00:00","og_image":[{"width":667,"height":1000,"url":"https:\/\/www.ugolini.net\/wp-content\/uploads\/2023\/05\/Autosimplex_scontornata.png","type":"image\/png"}],"twitter_card":"summary_large_image","twitter_misc":{"Tiempo de lectura":"3 minutos"},"schema":{"@context":"https:\/\/schema.org","@graph":[{"@type":"WebPage","@id":"https:\/\/www.ugolini.net\/es\/maquinas-de-laboratorio\/autosimplex\/","url":"https:\/\/www.ugolini.net\/es\/maquinas-de-laboratorio\/autosimplex\/","name":"Autosimplex Dos Dye Dry - Ugolini","isPartOf":{"@id":"https:\/\/www.ugolini.net\/es\/#website"},"primaryImageOfPage":{"@id":"https:\/\/www.ugolini.net\/es\/maquinas-de-laboratorio\/autosimplex\/#primaryimage"},"image":{"@id":"https:\/\/www.ugolini.net\/es\/maquinas-de-laboratorio\/autosimplex\/#primaryimage"},"thumbnailUrl":"https:\/\/www.ugolini.net\/wp-content\/uploads\/2023\/05\/Autosimplex_scontornata.png","datePublished":"2023-05-17T13:06:24+00:00","dateModified":"2024-10-03T08:15:11+00:00","description":"Descubre Autosimplex de Ugolini: unidad de preparaci\u00f3n de soluci\u00f3n autom\u00e1tica, sistema de dosificaci\u00f3n autom\u00e1tica, te\u00f1idoras, secado autom\u00e1tico de muestras.","breadcrumb":{"@id":"https:\/\/www.ugolini.net\/es\/maquinas-de-laboratorio\/autosimplex\/#breadcrumb"},"inLanguage":"es","potentialAction":[{"@type":"ReadAction","target":["https:\/\/www.ugolini.net\/es\/maquinas-de-laboratorio\/autosimplex\/"]}]},{"@type":"ImageObject","inLanguage":"es","@id":"https:\/\/www.ugolini.net\/es\/maquinas-de-laboratorio\/autosimplex\/#primaryimage","url":"https:\/\/www.ugolini.net\/wp-content\/uploads\/2023\/05\/Autosimplex_scontornata.png","contentUrl":"https:\/\/www.ugolini.net\/wp-content\/uploads\/2023\/05\/Autosimplex_scontornata.png","width":667,"height":1000},{"@type":"BreadcrumbList","@id":"https:\/\/www.ugolini.net\/es\/maquinas-de-laboratorio\/autosimplex\/#breadcrumb","itemListElement":[{"@type":"ListItem","position":1,"name":"Home","item":"https:\/\/www.ugolini.net\/es\/"},{"@type":"ListItem","position":2,"name":"Productos","item":"https:\/\/www.ugolini.net\/es\/shop\/"},{"@type":"ListItem","position":3,"name":"M\u00e1quinas de te\u00f1ir de laboratorio","item":"https:\/\/www.ugolini.net\/es\/maquinas-de-laboratorio\/"},{"@type":"ListItem","position":4,"name":"Autosimplex Dos Dye Dry"}]},{"@type":"WebSite","@id":"https:\/\/www.ugolini.net\/es\/#website","url":"https:\/\/www.ugolini.net\/es\/","name":"Ugolini","description":"Dyeing machines","potentialAction":[{"@type":"SearchAction","target":{"@type":"EntryPoint","urlTemplate":"https:\/\/www.ugolini.net\/es\/?s={search_term_string}"},"query-input":{"@type":"PropertyValueSpecification","valueRequired":true,"valueName":"search_term_string"}}],"inLanguage":"es"}]}},"_links":{"self":[{"href":"https:\/\/www.ugolini.net\/es\/wp-json\/wp\/v2\/product\/2026","targetHints":{"allow":["GET"]}}],"collection":[{"href":"https:\/\/www.ugolini.net\/es\/wp-json\/wp\/v2\/product"}],"about":[{"href":"https:\/\/www.ugolini.net\/es\/wp-json\/wp\/v2\/types\/product"}],"replies":[{"embeddable":true,"href":"https:\/\/www.ugolini.net\/es\/wp-json\/wp\/v2\/comments?post=2026"}],"wp:featuredmedia":[{"embeddable":true,"href":"https:\/\/www.ugolini.net\/es\/wp-json\/wp\/v2\/media\/1797"}],"wp:attachment":[{"href":"https:\/\/www.ugolini.net\/es\/wp-json\/wp\/v2\/media?parent=2026"}],"wp:term":[{"taxonomy":"product_brand","embeddable":true,"href":"https:\/\/www.ugolini.net\/es\/wp-json\/wp\/v2\/product_brand?post=2026"},{"taxonomy":"product_cat","embeddable":true,"href":"https:\/\/www.ugolini.net\/es\/wp-json\/wp\/v2\/product_cat?post=2026"},{"taxonomy":"product_tag","embeddable":true,"href":"https:\/\/www.ugolini.net\/es\/wp-json\/wp\/v2\/product_tag?post=2026"}],"curies":[{"name":"wp","href":"https:\/\/api.w.org\/{rel}","templated":true}]}}