{"id":2024,"date":"2023-05-17T13:04:39","date_gmt":"2023-05-17T13:04:39","guid":{"rendered":"https:\/\/www.ugolini.net\/sin%20categor\u00eda\/roccatrice-da-laboratorio\/"},"modified":"2023-06-26T11:28:11","modified_gmt":"2023-06-26T11:28:11","slug":"roccatrice-da-laboratorio","status":"publish","type":"product","link":"https:\/\/www.ugolini.net\/es\/maquinas-de-laboratorio\/roccatrice-da-laboratorio\/","title":{"rendered":"Bobinadora de laboratorio"},"content":{"rendered":"<h3>Bobinadora de laboratorio<\/h3>\n<p>Bobinadora electr\u00f3nica cono-cono de 1 cabezal. Motorizaci\u00f3n: motor coaxial AC trif\u00e1sico. Potencia absorbida 100 W a la velocidad m\u00e1xima. Inversor: 1 Rollo de aluminio\/cer\u00e1mica acanalada. Carrera: 5 pulgadas. Salida de los cilindros: ajustable.<br \/>\nDesfasador radial electr\u00f3nico con posiciones ajustables. Parada del carrete a la longitud preestablecida. Velocidad de bobinado: de m\u00ednimo 200 a m\u00e1ximo 1200 metros\/minuto, ajustable con pantalla digital m\/min. Control electr\u00f3nico de aceleraci\u00f3n y frenado.<\/p>\n","protected":false},"excerpt":{"rendered":"<p>Bobinadora electr\u00f3nica cono-cono de 1 cabezal.<\/p>\n","protected":false},"featured_media":1839,"comment_status":"open","ping_status":"closed","template":"","meta":{"_et_pb_use_builder":"","_et_pb_old_content":"","_et_gb_content_width":""},"product_brand":[],"product_cat":[193],"product_tag":[],"class_list":{"0":"post-2024","1":"product","2":"type-product","3":"status-publish","4":"has-post-thumbnail","6":"product_cat-maquinas-de-laboratorio","8":"first","9":"instock","10":"shipping-taxable","11":"product-type-simple"},"acf":[],"yoast_head":"<!-- This site is optimized with the Yoast SEO plugin v26.0 - https:\/\/yoast.com\/wordpress\/plugins\/seo\/ -->\n<title>Bobinadora de laboratorio - Ugolini<\/title>\n<meta name=\"description\" content=\"Scopri Bobinadora de laboratorio di Ugolini, leader nelle macchine per tintura da laboratorio e da produzione.\" \/>\n<meta name=\"robots\" content=\"index, follow, max-snippet:-1, max-image-preview:large, max-video-preview:-1\" \/>\n<link rel=\"canonical\" href=\"https:\/\/www.ugolini.net\/es\/maquinas-de-laboratorio\/roccatrice-da-laboratorio\/\" \/>\n<meta property=\"og:locale\" content=\"es_ES\" \/>\n<meta property=\"og:type\" content=\"article\" \/>\n<meta property=\"og:title\" content=\"Bobinadora de laboratorio - Ugolini\" \/>\n<meta property=\"og:description\" content=\"Scopri Bobinadora de laboratorio di Ugolini, leader nelle macchine per tintura da laboratorio e da produzione.\" \/>\n<meta property=\"og:url\" content=\"https:\/\/www.ugolini.net\/es\/maquinas-de-laboratorio\/roccatrice-da-laboratorio\/\" \/>\n<meta property=\"og:site_name\" content=\"Ugolini\" \/>\n<meta property=\"article:modified_time\" content=\"2023-06-26T11:28:11+00:00\" \/>\n<meta property=\"og:image\" content=\"https:\/\/www.ugolini.net\/wp-content\/uploads\/2023\/05\/minisimplex-6.png\" \/>\n\t<meta property=\"og:image:width\" content=\"260\" \/>\n\t<meta property=\"og:image:height\" content=\"346\" \/>\n\t<meta property=\"og:image:type\" content=\"image\/png\" \/>\n<meta name=\"twitter:card\" content=\"summary_large_image\" \/>\n<meta name=\"twitter:label1\" content=\"Tiempo de lectura\" \/>\n\t<meta name=\"twitter:data1\" content=\"1 minuto\" \/>\n<!-- \/ Yoast SEO plugin. -->","yoast_head_json":{"title":"Bobinadora de laboratorio - Ugolini","description":"Scopri Bobinadora de laboratorio di Ugolini, leader nelle macchine per tintura da laboratorio e da produzione.","robots":{"index":"index","follow":"follow","max-snippet":"max-snippet:-1","max-image-preview":"max-image-preview:large","max-video-preview":"max-video-preview:-1"},"canonical":"https:\/\/www.ugolini.net\/es\/maquinas-de-laboratorio\/roccatrice-da-laboratorio\/","og_locale":"es_ES","og_type":"article","og_title":"Bobinadora de laboratorio - Ugolini","og_description":"Scopri Bobinadora de laboratorio di Ugolini, leader nelle macchine per tintura da laboratorio e da produzione.","og_url":"https:\/\/www.ugolini.net\/es\/maquinas-de-laboratorio\/roccatrice-da-laboratorio\/","og_site_name":"Ugolini","article_modified_time":"2023-06-26T11:28:11+00:00","og_image":[{"width":260,"height":346,"url":"https:\/\/www.ugolini.net\/wp-content\/uploads\/2023\/05\/minisimplex-6.png","type":"image\/png"}],"twitter_card":"summary_large_image","twitter_misc":{"Tiempo de lectura":"1 minuto"},"schema":{"@context":"https:\/\/schema.org","@graph":[{"@type":"WebPage","@id":"https:\/\/www.ugolini.net\/es\/maquinas-de-laboratorio\/roccatrice-da-laboratorio\/","url":"https:\/\/www.ugolini.net\/es\/maquinas-de-laboratorio\/roccatrice-da-laboratorio\/","name":"Bobinadora de laboratorio - Ugolini","isPartOf":{"@id":"https:\/\/www.ugolini.net\/es\/#website"},"primaryImageOfPage":{"@id":"https:\/\/www.ugolini.net\/es\/maquinas-de-laboratorio\/roccatrice-da-laboratorio\/#primaryimage"},"image":{"@id":"https:\/\/www.ugolini.net\/es\/maquinas-de-laboratorio\/roccatrice-da-laboratorio\/#primaryimage"},"thumbnailUrl":"https:\/\/www.ugolini.net\/wp-content\/uploads\/2023\/05\/minisimplex-6.png","datePublished":"2023-05-17T13:04:39+00:00","dateModified":"2023-06-26T11:28:11+00:00","description":"Scopri Bobinadora de laboratorio di Ugolini, leader nelle macchine per tintura da laboratorio e da produzione.","breadcrumb":{"@id":"https:\/\/www.ugolini.net\/es\/maquinas-de-laboratorio\/roccatrice-da-laboratorio\/#breadcrumb"},"inLanguage":"es","potentialAction":[{"@type":"ReadAction","target":["https:\/\/www.ugolini.net\/es\/maquinas-de-laboratorio\/roccatrice-da-laboratorio\/"]}]},{"@type":"ImageObject","inLanguage":"es","@id":"https:\/\/www.ugolini.net\/es\/maquinas-de-laboratorio\/roccatrice-da-laboratorio\/#primaryimage","url":"https:\/\/www.ugolini.net\/wp-content\/uploads\/2023\/05\/minisimplex-6.png","contentUrl":"https:\/\/www.ugolini.net\/wp-content\/uploads\/2023\/05\/minisimplex-6.png","width":260,"height":346},{"@type":"BreadcrumbList","@id":"https:\/\/www.ugolini.net\/es\/maquinas-de-laboratorio\/roccatrice-da-laboratorio\/#breadcrumb","itemListElement":[{"@type":"ListItem","position":1,"name":"Home","item":"https:\/\/www.ugolini.net\/es\/"},{"@type":"ListItem","position":2,"name":"Productos","item":"https:\/\/www.ugolini.net\/es\/shop\/"},{"@type":"ListItem","position":3,"name":"M\u00e1quinas de te\u00f1ir de laboratorio","item":"https:\/\/www.ugolini.net\/es\/maquinas-de-laboratorio\/"},{"@type":"ListItem","position":4,"name":"Bobinadora de laboratorio"}]},{"@type":"WebSite","@id":"https:\/\/www.ugolini.net\/es\/#website","url":"https:\/\/www.ugolini.net\/es\/","name":"Ugolini","description":"Dyeing machines","potentialAction":[{"@type":"SearchAction","target":{"@type":"EntryPoint","urlTemplate":"https:\/\/www.ugolini.net\/es\/?s={search_term_string}"},"query-input":{"@type":"PropertyValueSpecification","valueRequired":true,"valueName":"search_term_string"}}],"inLanguage":"es"}]}},"_links":{"self":[{"href":"https:\/\/www.ugolini.net\/es\/wp-json\/wp\/v2\/product\/2024","targetHints":{"allow":["GET"]}}],"collection":[{"href":"https:\/\/www.ugolini.net\/es\/wp-json\/wp\/v2\/product"}],"about":[{"href":"https:\/\/www.ugolini.net\/es\/wp-json\/wp\/v2\/types\/product"}],"replies":[{"embeddable":true,"href":"https:\/\/www.ugolini.net\/es\/wp-json\/wp\/v2\/comments?post=2024"}],"wp:featuredmedia":[{"embeddable":true,"href":"https:\/\/www.ugolini.net\/es\/wp-json\/wp\/v2\/media\/1839"}],"wp:attachment":[{"href":"https:\/\/www.ugolini.net\/es\/wp-json\/wp\/v2\/media?parent=2024"}],"wp:term":[{"taxonomy":"product_brand","embeddable":true,"href":"https:\/\/www.ugolini.net\/es\/wp-json\/wp\/v2\/product_brand?post=2024"},{"taxonomy":"product_cat","embeddable":true,"href":"https:\/\/www.ugolini.net\/es\/wp-json\/wp\/v2\/product_cat?post=2024"},{"taxonomy":"product_tag","embeddable":true,"href":"https:\/\/www.ugolini.net\/es\/wp-json\/wp\/v2\/product_tag?post=2024"}],"curies":[{"name":"wp","href":"https:\/\/api.w.org\/{rel}","templated":true}]}}