{"id":2017,"date":"2023-05-17T12:57:46","date_gmt":"2023-05-17T12:57:46","guid":{"rendered":"https:\/\/www.ugolini.net\/sin%20categor\u00eda\/foulard\/"},"modified":"2024-10-03T08:10:32","modified_gmt":"2024-10-03T08:10:32","slug":"foulard","status":"publish","type":"product","link":"https:\/\/www.ugolini.net\/es\/maquinas-de-laboratorio\/foulard\/","title":{"rendered":"Foulard"},"content":{"rendered":"<h3>Foulard<\/h3>\n<p>El tejido se ti\u00f1e en el ba\u00f1o, se aprieta en los cilindros y se enrolla en el almac\u00e9n. Disponible en los modelos: DV250 &#8211; DV400 &#8211; DV550 &#8211; DV800 con diferentes longitudes de cilindro (250, 400, 550, 800 mm).<\/p>\n<p>Construcci\u00f3n en acero inoxidable con posibilidad de te\u00f1ir las muestras en ba\u00f1o fr\u00edo de forma discontinua entre los cilindros, o continua con cuba de impregnaci\u00f3n debajo.<br \/>\nPresi\u00f3n entre los cilindros generada por pistones neum\u00e1ticos que ejercen una fuerza regulable.<br \/>\nVelocidad de los cilindros variable con inversor de 0 a 12,5 m\/min. Dispositivo de lavado del cilindro y motor de alto deslizamiento. Dispositivos de seguridad: barra de emergencia, rejilla superior e inferior para proteger los dedos, bloqueo de la m\u00e1quina en caso de apertura de los cilindros.<\/p>\n","protected":false},"excerpt":{"rendered":"<p>Aparato de laboratorio para te\u00f1ido de muestras textiles tipo foulard.<\/p>\n","protected":false},"featured_media":1790,"comment_status":"open","ping_status":"closed","template":"","meta":{"_et_pb_use_builder":"","_et_pb_old_content":"","_et_gb_content_width":""},"product_brand":[],"product_cat":[193],"product_tag":[],"class_list":{"0":"post-2017","1":"product","2":"type-product","3":"status-publish","4":"has-post-thumbnail","6":"product_cat-maquinas-de-laboratorio","8":"first","9":"instock","10":"shipping-taxable","11":"product-type-simple"},"acf":[],"yoast_head":"<!-- This site is optimized with the Yoast SEO plugin v26.0 - https:\/\/yoast.com\/wordpress\/plugins\/seo\/ -->\n<title>Foulard - Ugolini<\/title>\n<meta name=\"description\" content=\"Descubre Foulard, el aparato de laboratorio para te\u00f1ido de muestras textiles tipo foulard.\" \/>\n<meta name=\"robots\" content=\"index, follow, max-snippet:-1, max-image-preview:large, max-video-preview:-1\" \/>\n<link rel=\"canonical\" href=\"https:\/\/www.ugolini.net\/es\/maquinas-de-laboratorio\/foulard\/\" \/>\n<meta property=\"og:locale\" content=\"es_ES\" \/>\n<meta property=\"og:type\" content=\"article\" \/>\n<meta property=\"og:title\" content=\"Foulard - Ugolini\" \/>\n<meta property=\"og:description\" content=\"Descubre Foulard, el aparato de laboratorio para te\u00f1ido de muestras textiles tipo foulard.\" \/>\n<meta property=\"og:url\" content=\"https:\/\/www.ugolini.net\/es\/maquinas-de-laboratorio\/foulard\/\" \/>\n<meta property=\"og:site_name\" content=\"Ugolini\" \/>\n<meta property=\"article:modified_time\" content=\"2024-10-03T08:10:32+00:00\" \/>\n<meta property=\"og:image\" content=\"https:\/\/www.ugolini.net\/wp-content\/uploads\/2023\/05\/Foulard-scontornato.jpg\" \/>\n\t<meta property=\"og:image:width\" content=\"2208\" \/>\n\t<meta property=\"og:image:height\" content=\"1105\" \/>\n\t<meta property=\"og:image:type\" content=\"image\/jpeg\" \/>\n<meta name=\"twitter:card\" content=\"summary_large_image\" \/>\n<meta name=\"twitter:label1\" content=\"Tiempo de lectura\" \/>\n\t<meta name=\"twitter:data1\" content=\"1 minuto\" \/>\n<!-- \/ Yoast SEO plugin. -->","yoast_head_json":{"title":"Foulard - Ugolini","description":"Descubre Foulard, el aparato de laboratorio para te\u00f1ido de muestras textiles tipo foulard.","robots":{"index":"index","follow":"follow","max-snippet":"max-snippet:-1","max-image-preview":"max-image-preview:large","max-video-preview":"max-video-preview:-1"},"canonical":"https:\/\/www.ugolini.net\/es\/maquinas-de-laboratorio\/foulard\/","og_locale":"es_ES","og_type":"article","og_title":"Foulard - Ugolini","og_description":"Descubre Foulard, el aparato de laboratorio para te\u00f1ido de muestras textiles tipo foulard.","og_url":"https:\/\/www.ugolini.net\/es\/maquinas-de-laboratorio\/foulard\/","og_site_name":"Ugolini","article_modified_time":"2024-10-03T08:10:32+00:00","og_image":[{"width":2208,"height":1105,"url":"https:\/\/www.ugolini.net\/wp-content\/uploads\/2023\/05\/Foulard-scontornato.jpg","type":"image\/jpeg"}],"twitter_card":"summary_large_image","twitter_misc":{"Tiempo de lectura":"1 minuto"},"schema":{"@context":"https:\/\/schema.org","@graph":[{"@type":"WebPage","@id":"https:\/\/www.ugolini.net\/es\/maquinas-de-laboratorio\/foulard\/","url":"https:\/\/www.ugolini.net\/es\/maquinas-de-laboratorio\/foulard\/","name":"Foulard - Ugolini","isPartOf":{"@id":"https:\/\/www.ugolini.net\/es\/#website"},"primaryImageOfPage":{"@id":"https:\/\/www.ugolini.net\/es\/maquinas-de-laboratorio\/foulard\/#primaryimage"},"image":{"@id":"https:\/\/www.ugolini.net\/es\/maquinas-de-laboratorio\/foulard\/#primaryimage"},"thumbnailUrl":"https:\/\/www.ugolini.net\/wp-content\/uploads\/2023\/05\/Foulard-scontornato.jpg","datePublished":"2023-05-17T12:57:46+00:00","dateModified":"2024-10-03T08:10:32+00:00","description":"Descubre Foulard, el aparato de laboratorio para te\u00f1ido de muestras textiles tipo foulard.","breadcrumb":{"@id":"https:\/\/www.ugolini.net\/es\/maquinas-de-laboratorio\/foulard\/#breadcrumb"},"inLanguage":"es","potentialAction":[{"@type":"ReadAction","target":["https:\/\/www.ugolini.net\/es\/maquinas-de-laboratorio\/foulard\/"]}]},{"@type":"ImageObject","inLanguage":"es","@id":"https:\/\/www.ugolini.net\/es\/maquinas-de-laboratorio\/foulard\/#primaryimage","url":"https:\/\/www.ugolini.net\/wp-content\/uploads\/2023\/05\/Foulard-scontornato.jpg","contentUrl":"https:\/\/www.ugolini.net\/wp-content\/uploads\/2023\/05\/Foulard-scontornato.jpg","width":2208,"height":1105},{"@type":"BreadcrumbList","@id":"https:\/\/www.ugolini.net\/es\/maquinas-de-laboratorio\/foulard\/#breadcrumb","itemListElement":[{"@type":"ListItem","position":1,"name":"Home","item":"https:\/\/www.ugolini.net\/es\/"},{"@type":"ListItem","position":2,"name":"Productos","item":"https:\/\/www.ugolini.net\/es\/shop\/"},{"@type":"ListItem","position":3,"name":"M\u00e1quinas de te\u00f1ir de laboratorio","item":"https:\/\/www.ugolini.net\/es\/maquinas-de-laboratorio\/"},{"@type":"ListItem","position":4,"name":"Foulard"}]},{"@type":"WebSite","@id":"https:\/\/www.ugolini.net\/es\/#website","url":"https:\/\/www.ugolini.net\/es\/","name":"Ugolini","description":"Dyeing machines","potentialAction":[{"@type":"SearchAction","target":{"@type":"EntryPoint","urlTemplate":"https:\/\/www.ugolini.net\/es\/?s={search_term_string}"},"query-input":{"@type":"PropertyValueSpecification","valueRequired":true,"valueName":"search_term_string"}}],"inLanguage":"es"}]}},"_links":{"self":[{"href":"https:\/\/www.ugolini.net\/es\/wp-json\/wp\/v2\/product\/2017","targetHints":{"allow":["GET"]}}],"collection":[{"href":"https:\/\/www.ugolini.net\/es\/wp-json\/wp\/v2\/product"}],"about":[{"href":"https:\/\/www.ugolini.net\/es\/wp-json\/wp\/v2\/types\/product"}],"replies":[{"embeddable":true,"href":"https:\/\/www.ugolini.net\/es\/wp-json\/wp\/v2\/comments?post=2017"}],"wp:featuredmedia":[{"embeddable":true,"href":"https:\/\/www.ugolini.net\/es\/wp-json\/wp\/v2\/media\/1790"}],"wp:attachment":[{"href":"https:\/\/www.ugolini.net\/es\/wp-json\/wp\/v2\/media?parent=2017"}],"wp:term":[{"taxonomy":"product_brand","embeddable":true,"href":"https:\/\/www.ugolini.net\/es\/wp-json\/wp\/v2\/product_brand?post=2017"},{"taxonomy":"product_cat","embeddable":true,"href":"https:\/\/www.ugolini.net\/es\/wp-json\/wp\/v2\/product_cat?post=2017"},{"taxonomy":"product_tag","embeddable":true,"href":"https:\/\/www.ugolini.net\/es\/wp-json\/wp\/v2\/product_tag?post=2017"}],"curies":[{"name":"wp","href":"https:\/\/api.w.org\/{rel}","templated":true}]}}