{"id":2015,"date":"2023-05-17T09:20:07","date_gmt":"2023-05-17T09:20:07","guid":{"rendered":"https:\/\/www.ugolini.net\/sin%20categor\u00eda\/bmr\/"},"modified":"2024-10-03T08:03:16","modified_gmt":"2024-10-03T08:03:16","slug":"bmr","status":"publish","type":"product","link":"https:\/\/www.ugolini.net\/es\/maquinas-de-laboratorio\/bmr\/","title":{"rendered":"BMR"},"content":{"rendered":"<h3>BMR, aparato de laboratorio<\/h3>\n<p>Aparato para tintura de laboratorio construido completamente en acero inoxidable AISI 316.<br \/>\nFunciona a presi\u00f3n atmosf\u00e9rica (m\u00e1x. 98\u00b0C), est\u00e1 completo con n. 10 vasos de acero inoxidable cap. 200-300-400cc cada uno completo de horquillas porta material.<br \/>\nLlenado autom\u00e1tico agua de calentamiento<br \/>\nExcelente aislamiento del agua de calentamiento de ba\u00f1o mar\u00eda, que reduce dr\u00e1sticamente las p\u00e9rdidas de calor.<br \/>\nRegulador de temperatura digital que permite fijar la temperatura deseada (m\u00e1x. 98\u00b0C) y la mantiene constante.<br \/>\nEnfriamiento autom\u00e1tico por agua indirecta.<br \/>\nAparato construido en ACERO INOXIDABLE.<\/p>\n","protected":false},"excerpt":{"rendered":"<p>Aparato de laboratorio apto para te\u00f1ido construido completamente con acero inoxidable.<\/p>\n","protected":false},"featured_media":1788,"comment_status":"open","ping_status":"closed","template":"","meta":{"_et_pb_use_builder":"","_et_pb_old_content":"","_et_gb_content_width":""},"product_brand":[],"product_cat":[193],"product_tag":[],"class_list":{"0":"post-2015","1":"product","2":"type-product","3":"status-publish","4":"has-post-thumbnail","6":"product_cat-maquinas-de-laboratorio","8":"first","9":"instock","10":"shipping-taxable","11":"product-type-simple"},"acf":[],"yoast_head":"<!-- This site is optimized with the Yoast SEO plugin v26.0 - https:\/\/yoast.com\/wordpress\/plugins\/seo\/ -->\n<title>BMR - Ugolini<\/title>\n<meta name=\"description\" content=\"Descubre BMR de Ugolini, aparato de laboratorio apto para te\u00f1ido, construido completamente con acero inoxidable.\" \/>\n<meta name=\"robots\" content=\"index, follow, max-snippet:-1, max-image-preview:large, max-video-preview:-1\" \/>\n<link rel=\"canonical\" href=\"https:\/\/www.ugolini.net\/es\/maquinas-de-laboratorio\/bmr\/\" \/>\n<meta property=\"og:locale\" content=\"es_ES\" \/>\n<meta property=\"og:type\" content=\"article\" \/>\n<meta property=\"og:title\" content=\"BMR - Ugolini\" \/>\n<meta property=\"og:description\" content=\"Descubre BMR de Ugolini, aparato de laboratorio apto para te\u00f1ido, construido completamente con acero inoxidable.\" \/>\n<meta property=\"og:url\" content=\"https:\/\/www.ugolini.net\/es\/maquinas-de-laboratorio\/bmr\/\" \/>\n<meta property=\"og:site_name\" content=\"Ugolini\" \/>\n<meta property=\"article:modified_time\" content=\"2024-10-03T08:03:16+00:00\" \/>\n<meta property=\"og:image\" content=\"https:\/\/www.ugolini.net\/wp-content\/uploads\/2023\/05\/BMR_scontornato.png\" \/>\n\t<meta property=\"og:image:width\" content=\"368\" \/>\n\t<meta property=\"og:image:height\" content=\"425\" \/>\n\t<meta property=\"og:image:type\" content=\"image\/png\" \/>\n<meta name=\"twitter:card\" content=\"summary_large_image\" \/>\n<meta name=\"twitter:label1\" content=\"Tiempo de lectura\" \/>\n\t<meta name=\"twitter:data1\" content=\"1 minuto\" \/>\n<!-- \/ Yoast SEO plugin. -->","yoast_head_json":{"title":"BMR - Ugolini","description":"Descubre BMR de Ugolini, aparato de laboratorio apto para te\u00f1ido, construido completamente con acero inoxidable.","robots":{"index":"index","follow":"follow","max-snippet":"max-snippet:-1","max-image-preview":"max-image-preview:large","max-video-preview":"max-video-preview:-1"},"canonical":"https:\/\/www.ugolini.net\/es\/maquinas-de-laboratorio\/bmr\/","og_locale":"es_ES","og_type":"article","og_title":"BMR - Ugolini","og_description":"Descubre BMR de Ugolini, aparato de laboratorio apto para te\u00f1ido, construido completamente con acero inoxidable.","og_url":"https:\/\/www.ugolini.net\/es\/maquinas-de-laboratorio\/bmr\/","og_site_name":"Ugolini","article_modified_time":"2024-10-03T08:03:16+00:00","og_image":[{"width":368,"height":425,"url":"https:\/\/www.ugolini.net\/wp-content\/uploads\/2023\/05\/BMR_scontornato.png","type":"image\/png"}],"twitter_card":"summary_large_image","twitter_misc":{"Tiempo de lectura":"1 minuto"},"schema":{"@context":"https:\/\/schema.org","@graph":[{"@type":"WebPage","@id":"https:\/\/www.ugolini.net\/es\/maquinas-de-laboratorio\/bmr\/","url":"https:\/\/www.ugolini.net\/es\/maquinas-de-laboratorio\/bmr\/","name":"BMR - Ugolini","isPartOf":{"@id":"https:\/\/www.ugolini.net\/es\/#website"},"primaryImageOfPage":{"@id":"https:\/\/www.ugolini.net\/es\/maquinas-de-laboratorio\/bmr\/#primaryimage"},"image":{"@id":"https:\/\/www.ugolini.net\/es\/maquinas-de-laboratorio\/bmr\/#primaryimage"},"thumbnailUrl":"https:\/\/www.ugolini.net\/wp-content\/uploads\/2023\/05\/BMR_scontornato.png","datePublished":"2023-05-17T09:20:07+00:00","dateModified":"2024-10-03T08:03:16+00:00","description":"Descubre BMR de Ugolini, aparato de laboratorio apto para te\u00f1ido, construido completamente con acero inoxidable.","breadcrumb":{"@id":"https:\/\/www.ugolini.net\/es\/maquinas-de-laboratorio\/bmr\/#breadcrumb"},"inLanguage":"es","potentialAction":[{"@type":"ReadAction","target":["https:\/\/www.ugolini.net\/es\/maquinas-de-laboratorio\/bmr\/"]}]},{"@type":"ImageObject","inLanguage":"es","@id":"https:\/\/www.ugolini.net\/es\/maquinas-de-laboratorio\/bmr\/#primaryimage","url":"https:\/\/www.ugolini.net\/wp-content\/uploads\/2023\/05\/BMR_scontornato.png","contentUrl":"https:\/\/www.ugolini.net\/wp-content\/uploads\/2023\/05\/BMR_scontornato.png","width":368,"height":425},{"@type":"BreadcrumbList","@id":"https:\/\/www.ugolini.net\/es\/maquinas-de-laboratorio\/bmr\/#breadcrumb","itemListElement":[{"@type":"ListItem","position":1,"name":"Home","item":"https:\/\/www.ugolini.net\/es\/"},{"@type":"ListItem","position":2,"name":"Productos","item":"https:\/\/www.ugolini.net\/es\/shop\/"},{"@type":"ListItem","position":3,"name":"M\u00e1quinas de te\u00f1ir de laboratorio","item":"https:\/\/www.ugolini.net\/es\/maquinas-de-laboratorio\/"},{"@type":"ListItem","position":4,"name":"BMR"}]},{"@type":"WebSite","@id":"https:\/\/www.ugolini.net\/es\/#website","url":"https:\/\/www.ugolini.net\/es\/","name":"Ugolini","description":"Dyeing machines","potentialAction":[{"@type":"SearchAction","target":{"@type":"EntryPoint","urlTemplate":"https:\/\/www.ugolini.net\/es\/?s={search_term_string}"},"query-input":{"@type":"PropertyValueSpecification","valueRequired":true,"valueName":"search_term_string"}}],"inLanguage":"es"}]}},"_links":{"self":[{"href":"https:\/\/www.ugolini.net\/es\/wp-json\/wp\/v2\/product\/2015","targetHints":{"allow":["GET"]}}],"collection":[{"href":"https:\/\/www.ugolini.net\/es\/wp-json\/wp\/v2\/product"}],"about":[{"href":"https:\/\/www.ugolini.net\/es\/wp-json\/wp\/v2\/types\/product"}],"replies":[{"embeddable":true,"href":"https:\/\/www.ugolini.net\/es\/wp-json\/wp\/v2\/comments?post=2015"}],"wp:featuredmedia":[{"embeddable":true,"href":"https:\/\/www.ugolini.net\/es\/wp-json\/wp\/v2\/media\/1788"}],"wp:attachment":[{"href":"https:\/\/www.ugolini.net\/es\/wp-json\/wp\/v2\/media?parent=2015"}],"wp:term":[{"taxonomy":"product_brand","embeddable":true,"href":"https:\/\/www.ugolini.net\/es\/wp-json\/wp\/v2\/product_brand?post=2015"},{"taxonomy":"product_cat","embeddable":true,"href":"https:\/\/www.ugolini.net\/es\/wp-json\/wp\/v2\/product_cat?post=2015"},{"taxonomy":"product_tag","embeddable":true,"href":"https:\/\/www.ugolini.net\/es\/wp-json\/wp\/v2\/product_tag?post=2015"}],"curies":[{"name":"wp","href":"https:\/\/api.w.org\/{rel}","templated":true}]}}