{"id":2013,"date":"2023-05-17T08:51:50","date_gmt":"2023-05-17T08:51:50","guid":{"rendered":"https:\/\/www.ugolini.net\/sin%20categor\u00eda\/texkrome\/"},"modified":"2024-10-03T08:00:09","modified_gmt":"2024-10-03T08:00:09","slug":"texkrome","status":"publish","type":"product","link":"https:\/\/www.ugolini.net\/es\/maquinas-de-laboratorio\/texkrome\/","title":{"rendered":"Texair\/Texkrome"},"content":{"rendered":"<h3>Texair\/Texkrome, aparato de te\u00f1ido al ba\u00f1o Maria<\/h3>\n<p>Aparato de laboratorio de te\u00f1ido por agotamiento para toda fibra textiles naturales, sint\u00e9ticas o mixtas, en pieza, fibra suelta o madeja; el m\u00e1s popular del mercado, capaz de dos ba\u00f1os de tintura simult\u00e1neos con programas diferentes.<\/p>\n<p><strong>Las caracter\u00edsticas principales:<\/strong><\/p>\n<p>Texkrome ofrece la ventaja de poder observar el proceso de tintura a trav\u00e9s del frontal transparente, que es de vidrio templado, utilizando vasos de tintura Pyrex para tintura a presi\u00f3n atmosf\u00e9rica (m\u00e1x. 98\u00b0C). Es posible pedir vasos de acero como alternativa al cristal transparente.<\/p>\n<p>Texkrome est\u00e1 dise\u00f1ado para ofrecer n. 12 puestos de tintura: 6+6 vasos a dos temperaturas diferentes. Para garantizar la misma temperatura en los vasos, el agua de calentamiento se mueve mediante una bomba, garantizando as\u00ed una temperatura uniforme en todo el tanque y, por tanto, en el interior de los vasos de tintura.<\/p>\n<p>Carga autom\u00e1tica del agua en los tanques.<\/p>\n<p>Movimiento de las muestras: se consigue mediante un dispositivo de agitaci\u00f3n con movimientos ascendentes y descendentes. Al mismo tiempo que el movimiento de agitaci\u00f3n, se produce un movimiento de torsi\u00f3n por el que cada muestra gira alrededor de su propio eje, garantizando una absorci\u00f3n \u00f3ptima y uniforme del color de tintura en el tejido.<\/p>\n<p>Vasos de tintura: disponibles en acero o Pyrex. Capacidades de los vasos: 200 &#8211; 300 &#8211; 400 &#8211; 500 &#8211; 600cc.<\/p>\n<p>Calentamiento: El dep\u00f3sito se llena de agua que se calienta mediante resistencias el\u00e9ctricas especialmente dise\u00f1ados para maximizar la duraci\u00f3n y la velocidad del calentamiento.<\/p>\n<p>Refrigeraci\u00f3n: La refrigeraci\u00f3n indirecta del agua se consigue haciendo circular agua fr\u00eda en un intercambiador de calor.<\/p>\n<p>Control de la temperatura: la regulaci\u00f3n y el control de la temperatura se realizan mediante 2 microprocesadores. Con cada microprocesador es posible ajustar la temperatura de calentamiento-enfriamiento, el gradiente, el tiempo de mantenimiento, las alarmas, el fin de ciclo, etc.<\/p>\n","protected":false},"excerpt":{"rendered":"<p>Para resolver los varios problemas debidos al uso de glicol en el sistema de calentamiento, Ugolini srl ha patentado un nuevo aparato para te\u00f1ir al ba\u00f1o Mar\u00eda, con calentamiento por aire y enfriamiento por aire\/agua (modelo TEXAIR).<\/p>\n","protected":false},"featured_media":1823,"comment_status":"open","ping_status":"closed","template":"","meta":{"_et_pb_use_builder":"","_et_pb_old_content":"","_et_gb_content_width":""},"product_brand":[],"product_cat":[193],"product_tag":[],"class_list":{"0":"post-2013","1":"product","2":"type-product","3":"status-publish","4":"has-post-thumbnail","6":"product_cat-maquinas-de-laboratorio","8":"first","9":"instock","10":"shipping-taxable","11":"product-type-simple"},"acf":[],"yoast_head":"<!-- This site is optimized with the Yoast SEO plugin v26.0 - https:\/\/yoast.com\/wordpress\/plugins\/seo\/ -->\n<title>Texair\/Texkrome - Ugolini<\/title>\n<meta name=\"description\" content=\"Scopri Texair\/Texkrome di Ugolini, leader nelle macchine per tintura da laboratorio e da produzione.\" \/>\n<meta name=\"robots\" content=\"index, follow, max-snippet:-1, max-image-preview:large, max-video-preview:-1\" \/>\n<link rel=\"canonical\" href=\"https:\/\/www.ugolini.net\/es\/maquinas-de-laboratorio\/texkrome\/\" \/>\n<meta property=\"og:locale\" content=\"es_ES\" \/>\n<meta property=\"og:type\" content=\"article\" \/>\n<meta property=\"og:title\" content=\"Texair\/Texkrome - Ugolini\" \/>\n<meta property=\"og:description\" content=\"Scopri Texair\/Texkrome di Ugolini, leader nelle macchine per tintura da laboratorio e da produzione.\" \/>\n<meta property=\"og:url\" content=\"https:\/\/www.ugolini.net\/es\/maquinas-de-laboratorio\/texkrome\/\" \/>\n<meta property=\"og:site_name\" content=\"Ugolini\" \/>\n<meta property=\"article:modified_time\" content=\"2024-10-03T08:00:09+00:00\" \/>\n<meta property=\"og:image\" content=\"https:\/\/www.ugolini.net\/wp-content\/uploads\/2023\/05\/texair.png\" \/>\n\t<meta property=\"og:image:width\" content=\"949\" \/>\n\t<meta property=\"og:image:height\" content=\"690\" \/>\n\t<meta property=\"og:image:type\" content=\"image\/png\" \/>\n<meta name=\"twitter:card\" content=\"summary_large_image\" \/>\n<meta name=\"twitter:label1\" content=\"Tiempo de lectura\" \/>\n\t<meta name=\"twitter:data1\" content=\"2 minutos\" \/>\n<!-- \/ Yoast SEO plugin. -->","yoast_head_json":{"title":"Texair\/Texkrome - Ugolini","description":"Scopri Texair\/Texkrome di Ugolini, leader nelle macchine per tintura da laboratorio e da produzione.","robots":{"index":"index","follow":"follow","max-snippet":"max-snippet:-1","max-image-preview":"max-image-preview:large","max-video-preview":"max-video-preview:-1"},"canonical":"https:\/\/www.ugolini.net\/es\/maquinas-de-laboratorio\/texkrome\/","og_locale":"es_ES","og_type":"article","og_title":"Texair\/Texkrome - Ugolini","og_description":"Scopri Texair\/Texkrome di Ugolini, leader nelle macchine per tintura da laboratorio e da produzione.","og_url":"https:\/\/www.ugolini.net\/es\/maquinas-de-laboratorio\/texkrome\/","og_site_name":"Ugolini","article_modified_time":"2024-10-03T08:00:09+00:00","og_image":[{"width":949,"height":690,"url":"https:\/\/www.ugolini.net\/wp-content\/uploads\/2023\/05\/texair.png","type":"image\/png"}],"twitter_card":"summary_large_image","twitter_misc":{"Tiempo de lectura":"2 minutos"},"schema":{"@context":"https:\/\/schema.org","@graph":[{"@type":"WebPage","@id":"https:\/\/www.ugolini.net\/es\/maquinas-de-laboratorio\/texkrome\/","url":"https:\/\/www.ugolini.net\/es\/maquinas-de-laboratorio\/texkrome\/","name":"Texair\/Texkrome - Ugolini","isPartOf":{"@id":"https:\/\/www.ugolini.net\/es\/#website"},"primaryImageOfPage":{"@id":"https:\/\/www.ugolini.net\/es\/maquinas-de-laboratorio\/texkrome\/#primaryimage"},"image":{"@id":"https:\/\/www.ugolini.net\/es\/maquinas-de-laboratorio\/texkrome\/#primaryimage"},"thumbnailUrl":"https:\/\/www.ugolini.net\/wp-content\/uploads\/2023\/05\/texair.png","datePublished":"2023-05-17T08:51:50+00:00","dateModified":"2024-10-03T08:00:09+00:00","description":"Scopri Texair\/Texkrome di Ugolini, leader nelle macchine per tintura da laboratorio e da produzione.","breadcrumb":{"@id":"https:\/\/www.ugolini.net\/es\/maquinas-de-laboratorio\/texkrome\/#breadcrumb"},"inLanguage":"es","potentialAction":[{"@type":"ReadAction","target":["https:\/\/www.ugolini.net\/es\/maquinas-de-laboratorio\/texkrome\/"]}]},{"@type":"ImageObject","inLanguage":"es","@id":"https:\/\/www.ugolini.net\/es\/maquinas-de-laboratorio\/texkrome\/#primaryimage","url":"https:\/\/www.ugolini.net\/wp-content\/uploads\/2023\/05\/texair.png","contentUrl":"https:\/\/www.ugolini.net\/wp-content\/uploads\/2023\/05\/texair.png","width":949,"height":690},{"@type":"BreadcrumbList","@id":"https:\/\/www.ugolini.net\/es\/maquinas-de-laboratorio\/texkrome\/#breadcrumb","itemListElement":[{"@type":"ListItem","position":1,"name":"Home","item":"https:\/\/www.ugolini.net\/es\/"},{"@type":"ListItem","position":2,"name":"Productos","item":"https:\/\/www.ugolini.net\/es\/shop\/"},{"@type":"ListItem","position":3,"name":"M\u00e1quinas de te\u00f1ir de laboratorio","item":"https:\/\/www.ugolini.net\/es\/maquinas-de-laboratorio\/"},{"@type":"ListItem","position":4,"name":"Texair\/Texkrome"}]},{"@type":"WebSite","@id":"https:\/\/www.ugolini.net\/es\/#website","url":"https:\/\/www.ugolini.net\/es\/","name":"Ugolini","description":"Dyeing machines","potentialAction":[{"@type":"SearchAction","target":{"@type":"EntryPoint","urlTemplate":"https:\/\/www.ugolini.net\/es\/?s={search_term_string}"},"query-input":{"@type":"PropertyValueSpecification","valueRequired":true,"valueName":"search_term_string"}}],"inLanguage":"es"}]}},"_links":{"self":[{"href":"https:\/\/www.ugolini.net\/es\/wp-json\/wp\/v2\/product\/2013","targetHints":{"allow":["GET"]}}],"collection":[{"href":"https:\/\/www.ugolini.net\/es\/wp-json\/wp\/v2\/product"}],"about":[{"href":"https:\/\/www.ugolini.net\/es\/wp-json\/wp\/v2\/types\/product"}],"replies":[{"embeddable":true,"href":"https:\/\/www.ugolini.net\/es\/wp-json\/wp\/v2\/comments?post=2013"}],"wp:featuredmedia":[{"embeddable":true,"href":"https:\/\/www.ugolini.net\/es\/wp-json\/wp\/v2\/media\/1823"}],"wp:attachment":[{"href":"https:\/\/www.ugolini.net\/es\/wp-json\/wp\/v2\/media?parent=2013"}],"wp:term":[{"taxonomy":"product_brand","embeddable":true,"href":"https:\/\/www.ugolini.net\/es\/wp-json\/wp\/v2\/product_brand?post=2013"},{"taxonomy":"product_cat","embeddable":true,"href":"https:\/\/www.ugolini.net\/es\/wp-json\/wp\/v2\/product_cat?post=2013"},{"taxonomy":"product_tag","embeddable":true,"href":"https:\/\/www.ugolini.net\/es\/wp-json\/wp\/v2\/product_tag?post=2013"}],"curies":[{"name":"wp","href":"https:\/\/api.w.org\/{rel}","templated":true}]}}