{"id":2000,"date":"2023-06-01T07:57:55","date_gmt":"2023-06-01T07:57:55","guid":{"rendered":"https:\/\/www.ugolini.net\/sin%20categor\u00eda\/gs\/"},"modified":"2023-12-07T14:47:35","modified_gmt":"2023-12-07T14:47:35","slug":"gs","status":"publish","type":"product","link":"https:\/\/www.ugolini.net\/es\/tenido-de-copos\/gs\/","title":{"rendered":"GS 12\/1200 Kg"},"content":{"rendered":"<h3>GS 12\/1200 Kg<\/h3>\n<p>El consumo de agua, productos qu\u00edmicos, energ\u00eda el\u00e9ctrica, energ\u00eda t\u00e9rmica para el tratamiento del agua son factores de coste importantes en toda tintorer\u00eda. Con esta m\u00e1quina todos estos consumos se miden, controlan y reducen dr\u00e1sticamente. La excelente calidad del te\u00f1ido est\u00e1 garantizada por la perfecta uniformidad del color. Y los ahorros en electricidad, agua, productos qu\u00edmicos, vapor y aire comprimido garantizar\u00e1n un r\u00e1pido retorno de la inversi\u00f3n.<br \/>\nLas dimensiones de la m\u00e1quina GS para escamas, tops y estopas var\u00edan de 12 kg a 1200 kg, funciona con colch\u00f3n de aire con cargas parciales, est\u00e1 compuesta por un portamaterial adecuado, tanque de dosificaci\u00f3n de productos qu\u00edmicos calentado y con mezclador, medidor de flujo y m\u00e1s todas las normas internacionales de seguridad. Tambi\u00e9n disponible con recipiente de preparaci\u00f3n de ba\u00f1o.<\/p>\n","protected":false},"excerpt":{"rendered":"<p>Esta m\u00e1quina garantiza una excelente calidad de tintura gracias a la perfecta uniformidad del color.<\/p>\n","protected":false},"featured_media":1917,"comment_status":"open","ping_status":"closed","template":"","meta":{"_et_pb_use_builder":"","_et_pb_old_content":"","_et_gb_content_width":""},"product_brand":[],"product_cat":[195,194],"product_tag":[],"class_list":{"0":"post-2000","1":"product","2":"type-product","3":"status-publish","4":"has-post-thumbnail","6":"product_cat-tenido-de-copos","7":"product_cat-tenidoras","9":"first","10":"instock","11":"shipping-taxable","12":"purchasable","13":"product-type-variable"},"acf":[],"yoast_head":"<!-- This site is optimized with the Yoast SEO plugin v26.0 - https:\/\/yoast.com\/wordpress\/plugins\/seo\/ -->\n<title>GS 12\/1200 Kg - Ugolini<\/title>\n<meta name=\"description\" content=\"Scopri GS 12\/1200 Kg di Ugolini, la macchina per tintura fiocco che assicura un notevole risparmio di risorse donandoti un risultato uniforme.\" \/>\n<meta name=\"robots\" content=\"index, follow, max-snippet:-1, max-image-preview:large, max-video-preview:-1\" \/>\n<link rel=\"canonical\" href=\"https:\/\/www.ugolini.net\/es\/tenido-de-copos\/gs\/\" \/>\n<meta property=\"og:locale\" content=\"es_ES\" \/>\n<meta property=\"og:type\" content=\"article\" \/>\n<meta property=\"og:title\" content=\"GS 12\/1200 Kg - Ugolini\" \/>\n<meta property=\"og:description\" content=\"Scopri GS 12\/1200 Kg di Ugolini, la macchina per tintura fiocco che assicura un notevole risparmio di risorse donandoti un risultato uniforme.\" \/>\n<meta property=\"og:url\" content=\"https:\/\/www.ugolini.net\/es\/tenido-de-copos\/gs\/\" \/>\n<meta property=\"og:site_name\" content=\"Ugolini\" \/>\n<meta property=\"article:modified_time\" content=\"2023-12-07T14:47:35+00:00\" \/>\n<meta property=\"og:image\" content=\"https:\/\/www.ugolini.net\/wp-content\/uploads\/2023\/05\/gse-15.png\" \/>\n\t<meta property=\"og:image:width\" content=\"1192\" \/>\n\t<meta property=\"og:image:height\" content=\"795\" \/>\n\t<meta property=\"og:image:type\" content=\"image\/png\" \/>\n<meta name=\"twitter:card\" content=\"summary_large_image\" \/>\n<meta name=\"twitter:label1\" content=\"Tiempo de lectura\" \/>\n\t<meta name=\"twitter:data1\" content=\"1 minuto\" \/>\n<!-- \/ Yoast SEO plugin. -->","yoast_head_json":{"title":"GS 12\/1200 Kg - Ugolini","description":"Scopri GS 12\/1200 Kg di Ugolini, la macchina per tintura fiocco che assicura un notevole risparmio di risorse donandoti un risultato uniforme.","robots":{"index":"index","follow":"follow","max-snippet":"max-snippet:-1","max-image-preview":"max-image-preview:large","max-video-preview":"max-video-preview:-1"},"canonical":"https:\/\/www.ugolini.net\/es\/tenido-de-copos\/gs\/","og_locale":"es_ES","og_type":"article","og_title":"GS 12\/1200 Kg - Ugolini","og_description":"Scopri GS 12\/1200 Kg di Ugolini, la macchina per tintura fiocco che assicura un notevole risparmio di risorse donandoti un risultato uniforme.","og_url":"https:\/\/www.ugolini.net\/es\/tenido-de-copos\/gs\/","og_site_name":"Ugolini","article_modified_time":"2023-12-07T14:47:35+00:00","og_image":[{"width":1192,"height":795,"url":"https:\/\/www.ugolini.net\/wp-content\/uploads\/2023\/05\/gse-15.png","type":"image\/png"}],"twitter_card":"summary_large_image","twitter_misc":{"Tiempo de lectura":"1 minuto"},"schema":{"@context":"https:\/\/schema.org","@graph":[{"@type":"WebPage","@id":"https:\/\/www.ugolini.net\/es\/tenido-de-copos\/gs\/","url":"https:\/\/www.ugolini.net\/es\/tenido-de-copos\/gs\/","name":"GS 12\/1200 Kg - Ugolini","isPartOf":{"@id":"https:\/\/www.ugolini.net\/es\/#website"},"primaryImageOfPage":{"@id":"https:\/\/www.ugolini.net\/es\/tenido-de-copos\/gs\/#primaryimage"},"image":{"@id":"https:\/\/www.ugolini.net\/es\/tenido-de-copos\/gs\/#primaryimage"},"thumbnailUrl":"https:\/\/www.ugolini.net\/wp-content\/uploads\/2023\/05\/gse-15.png","datePublished":"2023-06-01T07:57:55+00:00","dateModified":"2023-12-07T14:47:35+00:00","description":"Scopri GS 12\/1200 Kg di Ugolini, la macchina per tintura fiocco che assicura un notevole risparmio di risorse donandoti un risultato uniforme.","breadcrumb":{"@id":"https:\/\/www.ugolini.net\/es\/tenido-de-copos\/gs\/#breadcrumb"},"inLanguage":"es","potentialAction":[{"@type":"ReadAction","target":["https:\/\/www.ugolini.net\/es\/tenido-de-copos\/gs\/"]}]},{"@type":"ImageObject","inLanguage":"es","@id":"https:\/\/www.ugolini.net\/es\/tenido-de-copos\/gs\/#primaryimage","url":"https:\/\/www.ugolini.net\/wp-content\/uploads\/2023\/05\/gse-15.png","contentUrl":"https:\/\/www.ugolini.net\/wp-content\/uploads\/2023\/05\/gse-15.png","width":1192,"height":795},{"@type":"BreadcrumbList","@id":"https:\/\/www.ugolini.net\/es\/tenido-de-copos\/gs\/#breadcrumb","itemListElement":[{"@type":"ListItem","position":1,"name":"Home","item":"https:\/\/www.ugolini.net\/es\/"},{"@type":"ListItem","position":2,"name":"Productos","item":"https:\/\/www.ugolini.net\/es\/shop\/"},{"@type":"ListItem","position":3,"name":"Te\u00f1idoras","item":"https:\/\/www.ugolini.net\/es\/tenidoras\/"},{"@type":"ListItem","position":4,"name":"M\u00e1quinas de te\u00f1ido de copos","item":"https:\/\/www.ugolini.net\/es\/tenido-de-copos\/"},{"@type":"ListItem","position":5,"name":"GS 12\/1200 Kg"}]},{"@type":"WebSite","@id":"https:\/\/www.ugolini.net\/es\/#website","url":"https:\/\/www.ugolini.net\/es\/","name":"Ugolini","description":"Dyeing machines","potentialAction":[{"@type":"SearchAction","target":{"@type":"EntryPoint","urlTemplate":"https:\/\/www.ugolini.net\/es\/?s={search_term_string}"},"query-input":{"@type":"PropertyValueSpecification","valueRequired":true,"valueName":"search_term_string"}}],"inLanguage":"es"}]}},"_links":{"self":[{"href":"https:\/\/www.ugolini.net\/es\/wp-json\/wp\/v2\/product\/2000","targetHints":{"allow":["GET"]}}],"collection":[{"href":"https:\/\/www.ugolini.net\/es\/wp-json\/wp\/v2\/product"}],"about":[{"href":"https:\/\/www.ugolini.net\/es\/wp-json\/wp\/v2\/types\/product"}],"replies":[{"embeddable":true,"href":"https:\/\/www.ugolini.net\/es\/wp-json\/wp\/v2\/comments?post=2000"}],"wp:featuredmedia":[{"embeddable":true,"href":"https:\/\/www.ugolini.net\/es\/wp-json\/wp\/v2\/media\/1917"}],"wp:attachment":[{"href":"https:\/\/www.ugolini.net\/es\/wp-json\/wp\/v2\/media?parent=2000"}],"wp:term":[{"taxonomy":"product_brand","embeddable":true,"href":"https:\/\/www.ugolini.net\/es\/wp-json\/wp\/v2\/product_brand?post=2000"},{"taxonomy":"product_cat","embeddable":true,"href":"https:\/\/www.ugolini.net\/es\/wp-json\/wp\/v2\/product_cat?post=2000"},{"taxonomy":"product_tag","embeddable":true,"href":"https:\/\/www.ugolini.net\/es\/wp-json\/wp\/v2\/product_tag?post=2000"}],"curies":[{"name":"wp","href":"https:\/\/api.w.org\/{rel}","templated":true}]}}