{"id":1999,"date":"2023-06-05T11:31:09","date_gmt":"2023-06-05T11:31:09","guid":{"rendered":"https:\/\/www.ugolini.net\/sin%20categor\u00eda\/redkrome-2\/"},"modified":"2024-10-03T07:47:22","modified_gmt":"2024-10-03T07:47:22","slug":"redkrome-2","status":"publish","type":"product","link":"https:\/\/www.ugolini.net\/es\/maquinas-de-laboratorio\/redkrome-2\/","title":{"rendered":"Redkrome II"},"content":{"rendered":"<h3>Redkrome II, indispensable en todos los laboratorios<\/h3>\n<p>Redkrome es un aparato apto para te\u00f1ir cualquier fibra, a presi\u00f3n atmosf\u00e9rica y en condiciones de alta temperatura (135\u00b0 C) y presi\u00f3n (5 bar).<\/p>\n<p><strong>Las caracter\u00edsticas principales:<\/strong><\/p>\n<p>Las principales caracter\u00edsticas son la flexibilidad y la alta reproducibilidad de las muestras, que pueden ser hilos envueltos en la horquilla especial o trozos de tejido.<br \/>\nLa m\u00e1quina consiste en una c\u00e1mara aislada de acero dentro de la cual gira el disco al que se enganchan los vasos de tintura. La velocidad de rotaci\u00f3n del disco es controlada por el inversor.<br \/>\nCalentamiento mediante l\u00e1mparas de infrarrojos. Enfriamiento por intercambiador aire\/agua.<br \/>\nCapacidad m\u00e1xima 20 vasos de volumen 100, 150 o 200 cc, o bien 16 de 300 cc, 12 de 500 cc, 6<br \/>\nde 1000 cc, o un recipiente de capacidad 8 litros. Este aparato tambi\u00e9n puede utilizarse para realizar pruebas de solidez al lavado.<br \/>\nPor medio de v\u00e1lvula de acero inoxidable y jeringa con acoplamiento r\u00e1pido es posible introducir productos auxiliares o colorantes en cada vaso (incluso bajo presi\u00f3n).<\/p>\n<div class=\"epyt-video-wrapper\"><iframe  id=\"_ytid_48409\"  width=\"1080\" height=\"607\"  data-origwidth=\"1080\" data-origheight=\"607\"  data-relstop=\"1\" src=\"https:\/\/www.youtube.com\/embed\/PFHzz5ziDv4?enablejsapi=1&#038;autoplay=0&#038;cc_load_policy=0&#038;cc_lang_pref=&#038;iv_load_policy=3&#038;loop=0&#038;rel=0&#038;fs=1&#038;playsinline=0&#038;autohide=2&#038;theme=dark&#038;color=red&#038;controls=1&#038;\" class=\"__youtube_prefs__  epyt-is-override  no-lazyload\" title=\"YouTube player\"  allow=\"fullscreen; accelerometer; autoplay; clipboard-write; encrypted-media; gyroscope; picture-in-picture\" allowfullscreen data-no-lazy=\"1\" data-skipgform_ajax_framebjll=\"\"><\/iframe><\/div>\n","protected":false},"excerpt":{"rendered":"<p>Es un equipo de laboratorio adecuado para te\u00f1ir cualquier fibra tanto a presi\u00f3n atmosf\u00e9rica como a la alta temperatura (135\u00b0 C) y presi\u00f3n (5 bar).<\/p>\n","protected":false},"featured_media":1833,"comment_status":"open","ping_status":"closed","template":"","meta":{"_et_pb_use_builder":"","_et_pb_old_content":"","_et_gb_content_width":""},"product_brand":[],"product_cat":[193],"product_tag":[],"class_list":{"0":"post-1999","1":"product","2":"type-product","3":"status-publish","4":"has-post-thumbnail","6":"product_cat-maquinas-de-laboratorio","8":"first","9":"instock","10":"shipping-taxable","11":"product-type-simple"},"acf":[],"yoast_head":"<!-- This site is optimized with the Yoast SEO plugin v26.0 - https:\/\/yoast.com\/wordpress\/plugins\/seo\/ -->\n<title>Redkrome II - Ugolini<\/title>\n<meta name=\"description\" content=\"Scopri Redkrome II di Ugolini, la macchina da laboratorio per la tintura di tutti i tessuti e le fibre a raggi infrarossi.\" \/>\n<meta name=\"robots\" content=\"index, follow, max-snippet:-1, max-image-preview:large, max-video-preview:-1\" \/>\n<link rel=\"canonical\" href=\"https:\/\/www.ugolini.net\/es\/maquinas-de-laboratorio\/redkrome-2\/\" \/>\n<meta property=\"og:locale\" content=\"es_ES\" \/>\n<meta property=\"og:type\" content=\"article\" \/>\n<meta property=\"og:title\" content=\"Redkrome II - Ugolini\" \/>\n<meta property=\"og:description\" content=\"Scopri Redkrome II di Ugolini, la macchina da laboratorio per la tintura di tutti i tessuti e le fibre a raggi infrarossi.\" \/>\n<meta property=\"og:url\" content=\"https:\/\/www.ugolini.net\/es\/maquinas-de-laboratorio\/redkrome-2\/\" \/>\n<meta property=\"og:site_name\" content=\"Ugolini\" \/>\n<meta property=\"article:modified_time\" content=\"2024-10-03T07:47:22+00:00\" \/>\n<meta property=\"og:image\" content=\"https:\/\/www.ugolini.net\/wp-content\/uploads\/2023\/05\/redkrome-3.png\" \/>\n\t<meta property=\"og:image:width\" content=\"763\" \/>\n\t<meta property=\"og:image:height\" content=\"647\" \/>\n\t<meta property=\"og:image:type\" content=\"image\/png\" \/>\n<meta name=\"twitter:card\" content=\"summary_large_image\" \/>\n<meta name=\"twitter:label1\" content=\"Tiempo de lectura\" \/>\n\t<meta name=\"twitter:data1\" content=\"2 minutos\" \/>\n<!-- \/ Yoast SEO plugin. -->","yoast_head_json":{"title":"Redkrome II - Ugolini","description":"Scopri Redkrome II di Ugolini, la macchina da laboratorio per la tintura di tutti i tessuti e le fibre a raggi infrarossi.","robots":{"index":"index","follow":"follow","max-snippet":"max-snippet:-1","max-image-preview":"max-image-preview:large","max-video-preview":"max-video-preview:-1"},"canonical":"https:\/\/www.ugolini.net\/es\/maquinas-de-laboratorio\/redkrome-2\/","og_locale":"es_ES","og_type":"article","og_title":"Redkrome II - Ugolini","og_description":"Scopri Redkrome II di Ugolini, la macchina da laboratorio per la tintura di tutti i tessuti e le fibre a raggi infrarossi.","og_url":"https:\/\/www.ugolini.net\/es\/maquinas-de-laboratorio\/redkrome-2\/","og_site_name":"Ugolini","article_modified_time":"2024-10-03T07:47:22+00:00","og_image":[{"width":763,"height":647,"url":"https:\/\/www.ugolini.net\/wp-content\/uploads\/2023\/05\/redkrome-3.png","type":"image\/png"}],"twitter_card":"summary_large_image","twitter_misc":{"Tiempo de lectura":"2 minutos"},"schema":{"@context":"https:\/\/schema.org","@graph":[{"@type":"WebPage","@id":"https:\/\/www.ugolini.net\/es\/maquinas-de-laboratorio\/redkrome-2\/","url":"https:\/\/www.ugolini.net\/es\/maquinas-de-laboratorio\/redkrome-2\/","name":"Redkrome II - Ugolini","isPartOf":{"@id":"https:\/\/www.ugolini.net\/es\/#website"},"primaryImageOfPage":{"@id":"https:\/\/www.ugolini.net\/es\/maquinas-de-laboratorio\/redkrome-2\/#primaryimage"},"image":{"@id":"https:\/\/www.ugolini.net\/es\/maquinas-de-laboratorio\/redkrome-2\/#primaryimage"},"thumbnailUrl":"https:\/\/www.ugolini.net\/wp-content\/uploads\/2023\/05\/redkrome-3.png","datePublished":"2023-06-05T11:31:09+00:00","dateModified":"2024-10-03T07:47:22+00:00","description":"Scopri Redkrome II di Ugolini, la macchina da laboratorio per la tintura di tutti i tessuti e le fibre a raggi infrarossi.","breadcrumb":{"@id":"https:\/\/www.ugolini.net\/es\/maquinas-de-laboratorio\/redkrome-2\/#breadcrumb"},"inLanguage":"es","potentialAction":[{"@type":"ReadAction","target":["https:\/\/www.ugolini.net\/es\/maquinas-de-laboratorio\/redkrome-2\/"]}]},{"@type":"ImageObject","inLanguage":"es","@id":"https:\/\/www.ugolini.net\/es\/maquinas-de-laboratorio\/redkrome-2\/#primaryimage","url":"https:\/\/www.ugolini.net\/wp-content\/uploads\/2023\/05\/redkrome-3.png","contentUrl":"https:\/\/www.ugolini.net\/wp-content\/uploads\/2023\/05\/redkrome-3.png","width":763,"height":647,"caption":"Redkrome macchina infrarossi per tintura da laboratorio"},{"@type":"BreadcrumbList","@id":"https:\/\/www.ugolini.net\/es\/maquinas-de-laboratorio\/redkrome-2\/#breadcrumb","itemListElement":[{"@type":"ListItem","position":1,"name":"Home","item":"https:\/\/www.ugolini.net\/es\/"},{"@type":"ListItem","position":2,"name":"Productos","item":"https:\/\/www.ugolini.net\/es\/shop\/"},{"@type":"ListItem","position":3,"name":"M\u00e1quinas de te\u00f1ir de laboratorio","item":"https:\/\/www.ugolini.net\/es\/maquinas-de-laboratorio\/"},{"@type":"ListItem","position":4,"name":"Redkrome II"}]},{"@type":"WebSite","@id":"https:\/\/www.ugolini.net\/es\/#website","url":"https:\/\/www.ugolini.net\/es\/","name":"Ugolini","description":"Dyeing machines","potentialAction":[{"@type":"SearchAction","target":{"@type":"EntryPoint","urlTemplate":"https:\/\/www.ugolini.net\/es\/?s={search_term_string}"},"query-input":{"@type":"PropertyValueSpecification","valueRequired":true,"valueName":"search_term_string"}}],"inLanguage":"es"}]}},"_links":{"self":[{"href":"https:\/\/www.ugolini.net\/es\/wp-json\/wp\/v2\/product\/1999","targetHints":{"allow":["GET"]}}],"collection":[{"href":"https:\/\/www.ugolini.net\/es\/wp-json\/wp\/v2\/product"}],"about":[{"href":"https:\/\/www.ugolini.net\/es\/wp-json\/wp\/v2\/types\/product"}],"replies":[{"embeddable":true,"href":"https:\/\/www.ugolini.net\/es\/wp-json\/wp\/v2\/comments?post=1999"}],"wp:featuredmedia":[{"embeddable":true,"href":"https:\/\/www.ugolini.net\/es\/wp-json\/wp\/v2\/media\/1833"}],"wp:attachment":[{"href":"https:\/\/www.ugolini.net\/es\/wp-json\/wp\/v2\/media?parent=1999"}],"wp:term":[{"taxonomy":"product_brand","embeddable":true,"href":"https:\/\/www.ugolini.net\/es\/wp-json\/wp\/v2\/product_brand?post=1999"},{"taxonomy":"product_cat","embeddable":true,"href":"https:\/\/www.ugolini.net\/es\/wp-json\/wp\/v2\/product_cat?post=1999"},{"taxonomy":"product_tag","embeddable":true,"href":"https:\/\/www.ugolini.net\/es\/wp-json\/wp\/v2\/product_tag?post=1999"}],"curies":[{"name":"wp","href":"https:\/\/api.w.org\/{rel}","templated":true}]}}