{"id":2123,"date":"2023-05-16T09:35:03","date_gmt":"2023-05-16T09:35:03","guid":{"rendered":"https:\/\/www.ugolini.net\/ugolini\/"},"modified":"2023-06-28T10:14:53","modified_gmt":"2023-06-28T10:14:53","slug":"ugolini","status":"publish","type":"page","link":"https:\/\/www.ugolini.net\/es\/ugolini\/","title":{"rendered":"Ugolini"},"content":{"rendered":"<p>[et_pb_section fb_built=&#8221;1&#8243; _builder_version=&#8221;4.20.4&#8243; _module_preset=&#8221;default&#8221; custom_margin=&#8221;||0px||false|false&#8221; custom_padding=&#8221;||0px||false|false&#8221; global_colors_info=&#8221;{}&#8221;][et_pb_row column_structure=&#8221;3_5,2_5&#8243; make_equal=&#8221;on&#8221; module_id=&#8221;cat-intro&#8221; _builder_version=&#8221;4.20.4&#8243; _module_preset=&#8221;default&#8221; global_colors_info=&#8221;{}&#8221;][et_pb_column type=&#8221;3_5&#8243; _builder_version=&#8221;4.20.4&#8243; _module_preset=&#8221;default&#8221; global_colors_info=&#8221;{}&#8221;][et_pb_text _builder_version=&#8221;4.20.4&#8243; _dynamic_attributes=&#8221;content&#8221; _module_preset=&#8221;default&#8221; header_font=&#8221;|300|||||||&#8221; global_colors_info=&#8221;{}&#8221;]@ET-DC@eyJkeW5hbWljIjp0cnVlLCJjb250ZW50IjoicG9zdF90aXRsZSIsInNldHRpbmdzIjp7ImJlZm9yZSI6IjxoMT4iLCJhZnRlciI6IjxcL2gxPiJ9fQ==@[\/et_pb_text][et_pb_video src=&#8221;https:\/\/www.ugolini.net\/wp-content\/uploads\/2023\/06\/ugolini_video_sito.mp4&#8243; _builder_version=&#8221;4.20.4&#8243; _module_preset=&#8221;default&#8221; global_colors_info=&#8221;{}&#8221;][\/et_pb_video][\/et_pb_column][et_pb_column type=&#8221;2_5&#8243; module_class=&#8221;cat-desc&#8221; _builder_version=&#8221;4.20.4&#8243; _module_preset=&#8221;default&#8221; z_index=&#8221;0&#8243; global_colors_info=&#8221;{}&#8221;][et_pb_text _builder_version=&#8221;4.20.4&#8243; _module_preset=&#8221;default&#8221; text_line_height=&#8221;40px&#8221; global_colors_info=&#8221;{}&#8221;]<\/p>\n<p><span><strong>Ugolini srl<\/strong> fue fundada por Umberto Ugolini en 1974. Hoy es <\/span><strong>una empresa internacional presente en todo el mundo<\/strong> <span>conocida y reconocida por<\/span> <strong>la calidad y confiabilidad de sus m\u00e1quinas de <span>te\u00f1ir<\/span><\/strong> <span>avaladas por las aprobaciones y certificaciones obtenidas:<\/span> <strong>PED, ASME para Estados Unidos, TUV para Alemania, ANFOR para Francia y SELO para China .<\/strong><\/p>\n<p>[\/et_pb_text][et_pb_image src=&#8221;https:\/\/www.ugolini.net\/wp-content\/uploads\/2023\/05\/group-deco-blu.png&#8221; alt=&#8221;m\u00e1quinas de laboratorio para el te\u00f1ido de tejidos&#8221; title_text=&#8221;group-deco-blu&#8221; _builder_version=&#8221;4.20.4&#8243; _module_preset=&#8221;default&#8221; custom_margin=&#8221;|||-100px|false|false&#8221; global_colors_info=&#8221;{}&#8221;][\/et_pb_image][\/et_pb_column][\/et_pb_row][\/et_pb_section][et_pb_section fb_built=&#8221;1&#8243; _builder_version=&#8221;4.20.4&#8243; _module_preset=&#8221;default&#8221; global_colors_info=&#8221;{}&#8221;][et_pb_row column_structure=&#8221;1_2,1_2&#8243; make_equal=&#8221;on&#8221; _builder_version=&#8221;4.20.4&#8243; _module_preset=&#8221;default&#8221; hover_enabled=&#8221;0&#8243; global_colors_info=&#8221;{}&#8221; module_id=&#8221;assistenza&#8221; sticky_enabled=&#8221;0&#8243;][et_pb_column type=&#8221;1_2&#8243; _builder_version=&#8221;4.20.4&#8243; _module_preset=&#8221;default&#8221; global_colors_info=&#8221;{}&#8221;][et_pb_image src=&#8221;https:\/\/www.ugolini.net\/wp-content\/uploads\/2023\/05\/after-sales.jpg&#8221; title_text=&#8221;post-venta&#8221; _builder_version=&#8221;4.20.4&#8243; _module_preset=&#8221;default&#8221; scroll_horizontal_motion_enable=&#8221;on&#8221; scroll_horizontal_motion=&#8221;0|50|50|100|-20|0|0&#8243; scroll_fade_enable=&#8221;on&#8221; motion_trigger_start=&#8221;top&#8221; global_colors_info=&#8221;{}&#8221;][\/et_pb_image][\/et_pb_column][et_pb_column type=&#8221;1_2&#8243; _builder_version=&#8221;4.20.4&#8243; _module_preset=&#8221;default&#8221; global_colors_info=&#8221;{}&#8221;][et_pb_text _builder_version=&#8221;4.20.4&#8243; _module_preset=&#8221;default&#8221; scroll_fade_enable=&#8221;on&#8221; global_colors_info=&#8221;{}&#8221;]<\/p>\n<h2>Atenci\u00f3n al cliente<\/h2>\n<p><span>Nuestro equipo de atenci\u00f3n al cliente est\u00e1 compuesto por profesionales altamente calificados y apasionados, listos para brindar soluciones personalizadas a sus necesidades. Estamos aqu\u00ed para responder sus preguntas, brindarle asesoramiento, resolver cualquier problema y asegurarnos de que tenga la mejor experiencia posible.<\/span><\/p>\n<p><span><\/span><\/p>\n<h2>Asistencia Post-Venta<\/h2>\n<p>Todas las m\u00e1quinas Ugolini son muy fiables. Para cada problema, la asistencia oportuna siempre est\u00e1 asegurada con una visita directa o remota.<\/p>\n<p>Las intervenciones remotas se proporcionan gracias al software que permite a los t\u00e9cnicos monitorear el funcionamiento de la m\u00e1quina en cada fase y operaci\u00f3n para poder brindar asistencia en l\u00ednea, en tiempo real.<\/p>\n<p c=\"\">Ugolini prestando especial atenci\u00f3n al mercado internacional garantiza la asistencia t\u00e9cnica gracias a la presencia de t\u00e9cnicos presentes en todos los pa\u00edses del mundo. Tambi\u00e9n hay una L\u00cdNEA DIRECTA directa.<\/p>\n<p>[\/et_pb_text][\/et_pb_column][\/et_pb_row][et_pb_row column_structure=&#8221;1_2,1_2&#8243; make_equal=&#8221;on&#8221; _builder_version=&#8221;4.20.4&#8243; _module_preset=&#8221;default&#8221; module_alignment=&#8221;center&#8221; hover_enabled=&#8221;0&#8243; global_colors_info=&#8221;{}&#8221; module_id=&#8221;ricambi&#8221; sticky_enabled=&#8221;0&#8243;][et_pb_column type=&#8221;1_2&#8243; _builder_version=&#8221;4.20.4&#8243; _module_preset=&#8221;default&#8221; global_colors_info=&#8221;{}&#8221;][et_pb_text _builder_version=&#8221;4.20.4&#8243; _module_preset=&#8221;default&#8221; scroll_fade_enable=&#8221;on&#8221; global_colors_info=&#8221;{}&#8221;]<\/p>\n<h2>Piezas de repuesto originales<\/h2>\n<p>El uso de piezas originales garantiza una mayor vida \u00fatil a la m\u00e1quina, un mejor rendimiento y con mantenimiento programado, un mantenimiento m\u00e1s sencillo.<\/p>\n<p>El Departamento de Repuestos de Ugolini est\u00e1 muy bien equipado con todo tipo de repuestos para que incluso los clientes que compraron nuestras m\u00e1quinas hace m\u00e1s de 40 a\u00f1os puedan encontrar repuestos para sus viejas m\u00e1quinas Ugolini.<\/p>\n<p>La entrega de las piezas de repuesto en stock est\u00e1 garantizada en el plazo de una semana.<\/p>\n<p>[\/et_pb_text][\/et_pb_column][et_pb_column type=&#8221;1_2&#8243; _builder_version=&#8221;4.20.4&#8243; _module_preset=&#8221;default&#8221; global_colors_info=&#8221;{}&#8221;][et_pb_image src=&#8221;https:\/\/www.ugolini.net\/wp-content\/uploads\/2023\/05\/customer-care.jpg&#8221; title_text=&#8221;atenci\u00f3n-al-cliente&#8221; _builder_version=&#8221;4.20.4&#8243; _module_preset=&#8221;default&#8221; scroll_horizontal_motion_enable=&#8221;on&#8221; scroll_horizontal_motion=&#8221;0|50|50|100|20|0|0&#8243; scroll_fade_enable=&#8221;on&#8221; motion_trigger_start=&#8221;top&#8221; global_colors_info=&#8221;{}&#8221;][\/et_pb_image][\/et_pb_column][\/et_pb_row][et_pb_row column_structure=&#8221;1_2,1_2&#8243; make_equal=&#8221;on&#8221; _builder_version=&#8221;4.20.4&#8243; _module_preset=&#8221;default&#8221; hover_enabled=&#8221;0&#8243; global_colors_info=&#8221;{}&#8221; module_id=&#8221;ricondizionato&#8221; sticky_enabled=&#8221;0&#8243;][et_pb_column type=&#8221;1_2&#8243; _builder_version=&#8221;4.20.4&#8243; _module_preset=&#8221;default&#8221; global_colors_info=&#8221;{}&#8221;][et_pb_image src=&#8221;https:\/\/www.ugolini.net\/wp-content\/uploads\/2023\/05\/area-produzione.jpg&#8221; title_text=&#8221;\u00e1rea-de-producci\u00f3n&#8221; _builder_version=&#8221;4.20.4&#8243; _module_preset=&#8221;default&#8221; scroll_horizontal_motion_enable=&#8221;on&#8221; scroll_horizontal_motion=&#8221;0|50|50|100|-20|0|0&#8243; scroll_fade_enable=&#8221;on&#8221; motion_trigger_start=&#8221;top&#8221; global_colors_info=&#8221;{}&#8221;][\/et_pb_image][\/et_pb_column][et_pb_column type=&#8221;1_2&#8243; _builder_version=&#8221;4.20.4&#8243; _module_preset=&#8221;default&#8221; global_colors_info=&#8221;{}&#8221;][et_pb_text _builder_version=&#8221;4.20.4&#8243; _module_preset=&#8221;default&#8221; scroll_fade_enable=&#8221;on&#8221; global_colors_info=&#8221;{}&#8221;]<\/p>\n<h2>M\u00e1quinas usadas renovadas<\/h2>\n<p>Reacondicionamos todas las m\u00e1quinas Ugolini usadas y las m\u00e1quinas de te\u00f1ido de hilo usadas de laboratorio y producci\u00f3n utilizando los componentes mec\u00e1nicos, electr\u00f3nicos y de seguridad m\u00e1s avanzados tecnol\u00f3gicamente.<\/p>\n<p>Por lo tanto, cada m\u00e1quina se suministra con toda la documentaci\u00f3n t\u00e9cnica en el idioma del cliente. Las m\u00e1quinas est\u00e1n totalmente preparadas, probadas y garantizadas, listas para ser puestas en servicio.<\/p>\n<p>[\/et_pb_text][\/et_pb_column][\/et_pb_row][\/et_pb_section]<\/p>\n","protected":false},"excerpt":{"rendered":"<p>Ugolini srl fue fundada por Umberto Ugolini en 1974. Hoy es una empresa internacional presente en todo el mundo conocida y reconocida por la calidad y confiabilidad de sus m\u00e1quinas de te\u00f1ir avaladas por las aprobaciones y certificaciones obtenidas: PED, ASME para Estados Unidos, TUV para Alemania, ANFOR para Francia y SELO para China .Atenci\u00f3n [&hellip;]<\/p>\n","protected":false},"author":1,"featured_media":0,"parent":0,"menu_order":0,"comment_status":"closed","ping_status":"closed","template":"","meta":{"_et_pb_use_builder":"on","_et_pb_old_content":"","_et_gb_content_width":"","footnotes":""},"class_list":["post-2123","page","type-page","status-publish","hentry"],"acf":[],"yoast_head":"<!-- This site is optimized with the Yoast SEO plugin v26.0 - https:\/\/yoast.com\/wordpress\/plugins\/seo\/ -->\n<title>Nuestra historia - Ugolini<\/title>\n<meta name=\"description\" content=\"Nuestra pasi\u00f3n por el color naci\u00f3 en 1974 y hoy nos convierte en un punto de referencia para el te\u00f1ido de tejidos, fibras e hilos.\" \/>\n<meta name=\"robots\" content=\"index, follow, max-snippet:-1, max-image-preview:large, max-video-preview:-1\" \/>\n<link rel=\"canonical\" href=\"https:\/\/www.ugolini.net\/es\/ugolini\/\" \/>\n<meta property=\"og:locale\" content=\"es_ES\" \/>\n<meta property=\"og:type\" content=\"article\" \/>\n<meta property=\"og:title\" content=\"Nuestra historia - Ugolini\" \/>\n<meta property=\"og:description\" content=\"Nuestra pasi\u00f3n por el color naci\u00f3 en 1974 y hoy nos convierte en un punto de referencia para el te\u00f1ido de tejidos, fibras e hilos.\" \/>\n<meta property=\"og:url\" content=\"https:\/\/www.ugolini.net\/es\/ugolini\/\" \/>\n<meta property=\"og:site_name\" content=\"Ugolini\" \/>\n<meta property=\"article:modified_time\" content=\"2023-06-28T10:14:53+00:00\" \/>\n<meta name=\"twitter:card\" content=\"summary_large_image\" \/>\n<meta name=\"twitter:label1\" content=\"Tiempo de lectura\" \/>\n\t<meta name=\"twitter:data1\" content=\"5 minutos\" \/>\n<!-- \/ Yoast SEO plugin. -->","yoast_head_json":{"title":"Nuestra historia - Ugolini","description":"Nuestra pasi\u00f3n por el color naci\u00f3 en 1974 y hoy nos convierte en un punto de referencia para el te\u00f1ido de tejidos, fibras e hilos.","robots":{"index":"index","follow":"follow","max-snippet":"max-snippet:-1","max-image-preview":"max-image-preview:large","max-video-preview":"max-video-preview:-1"},"canonical":"https:\/\/www.ugolini.net\/es\/ugolini\/","og_locale":"es_ES","og_type":"article","og_title":"Nuestra historia - Ugolini","og_description":"Nuestra pasi\u00f3n por el color naci\u00f3 en 1974 y hoy nos convierte en un punto de referencia para el te\u00f1ido de tejidos, fibras e hilos.","og_url":"https:\/\/www.ugolini.net\/es\/ugolini\/","og_site_name":"Ugolini","article_modified_time":"2023-06-28T10:14:53+00:00","twitter_card":"summary_large_image","twitter_misc":{"Tiempo de lectura":"5 minutos"},"schema":{"@context":"https:\/\/schema.org","@graph":[{"@type":"WebPage","@id":"https:\/\/www.ugolini.net\/es\/ugolini\/","url":"https:\/\/www.ugolini.net\/es\/ugolini\/","name":"Nuestra historia - Ugolini","isPartOf":{"@id":"https:\/\/www.ugolini.net\/es\/#website"},"datePublished":"2023-05-16T09:35:03+00:00","dateModified":"2023-06-28T10:14:53+00:00","description":"Nuestra pasi\u00f3n por el color naci\u00f3 en 1974 y hoy nos convierte en un punto de referencia para el te\u00f1ido de tejidos, fibras e hilos.","breadcrumb":{"@id":"https:\/\/www.ugolini.net\/es\/ugolini\/#breadcrumb"},"inLanguage":"es","potentialAction":[{"@type":"ReadAction","target":["https:\/\/www.ugolini.net\/es\/ugolini\/"]}]},{"@type":"BreadcrumbList","@id":"https:\/\/www.ugolini.net\/es\/ugolini\/#breadcrumb","itemListElement":[{"@type":"ListItem","position":1,"name":"Home","item":"https:\/\/www.ugolini.net\/es\/"},{"@type":"ListItem","position":2,"name":"Ugolini"}]},{"@type":"WebSite","@id":"https:\/\/www.ugolini.net\/es\/#website","url":"https:\/\/www.ugolini.net\/es\/","name":"Ugolini","description":"Dyeing machines","potentialAction":[{"@type":"SearchAction","target":{"@type":"EntryPoint","urlTemplate":"https:\/\/www.ugolini.net\/es\/?s={search_term_string}"},"query-input":{"@type":"PropertyValueSpecification","valueRequired":true,"valueName":"search_term_string"}}],"inLanguage":"es"}]}},"_links":{"self":[{"href":"https:\/\/www.ugolini.net\/es\/wp-json\/wp\/v2\/pages\/2123","targetHints":{"allow":["GET"]}}],"collection":[{"href":"https:\/\/www.ugolini.net\/es\/wp-json\/wp\/v2\/pages"}],"about":[{"href":"https:\/\/www.ugolini.net\/es\/wp-json\/wp\/v2\/types\/page"}],"author":[{"embeddable":true,"href":"https:\/\/www.ugolini.net\/es\/wp-json\/wp\/v2\/users\/1"}],"replies":[{"embeddable":true,"href":"https:\/\/www.ugolini.net\/es\/wp-json\/wp\/v2\/comments?post=2123"}],"version-history":[{"count":2,"href":"https:\/\/www.ugolini.net\/es\/wp-json\/wp\/v2\/pages\/2123\/revisions"}],"predecessor-version":[{"id":2125,"href":"https:\/\/www.ugolini.net\/es\/wp-json\/wp\/v2\/pages\/2123\/revisions\/2125"}],"wp:attachment":[{"href":"https:\/\/www.ugolini.net\/es\/wp-json\/wp\/v2\/media?parent=2123"}],"curies":[{"name":"wp","href":"https:\/\/api.w.org\/{rel}","templated":true}]}}