{"id":2119,"date":"2023-05-31T08:48:44","date_gmt":"2023-05-31T08:48:44","guid":{"rendered":"https:\/\/www.ugolini.net\/accesorios-para-maquinas-de-tintoreria\/"},"modified":"2023-06-28T09:53:32","modified_gmt":"2023-06-28T09:53:32","slug":"accesorios-para-maquinas-de-tintoreria","status":"publish","type":"page","link":"https:\/\/www.ugolini.net\/es\/accesorios-para-maquinas-de-tintoreria\/","title":{"rendered":"Accesorios para m\u00e1quinas de tintorer\u00eda"},"content":{"rendered":"<p>[et_pb_section fb_built=&#8221;1&#8243; _builder_version=&#8221;4.20.4&#8243; _module_preset=&#8221;default&#8221; custom_margin=&#8221;||0px||false|false&#8221; custom_padding=&#8221;||0px||false|false&#8221; global_colors_info=&#8221;{}&#8221;][et_pb_row column_structure=&#8221;3_5,2_5&#8243; make_equal=&#8221;on&#8221; module_id=&#8221;cat-intro&#8221; _builder_version=&#8221;4.20.4&#8243; _module_preset=&#8221;default&#8221; global_colors_info=&#8221;{}&#8221;][et_pb_column type=&#8221;3_5&#8243; _builder_version=&#8221;4.20.4&#8243; _module_preset=&#8221;default&#8221; global_colors_info=&#8221;{}&#8221;][et_pb_text _builder_version=&#8221;4.20.4&#8243; _dynamic_attributes=&#8221;content&#8221; _module_preset=&#8221;default&#8221; header_font=&#8221;|300|||||||&#8221; global_colors_info=&#8221;{}&#8221;]@ET-DC@eyJkeW5hbWljIjp0cnVlLCJjb250ZW50IjoicG9zdF90aXRsZSIsInNldHRpbmdzIjp7ImJlZm9yZSI6IjxoMT4iLCJhZnRlciI6IjxcL2gxPiJ9fQ==@[\/et_pb_text][et_pb_image src=&#8221;https:\/\/www.ugolini.net\/wp-content\/uploads\/2023\/05\/AdobeStock_529827078-scaled.jpeg&#8221; alt=&#8221;PRODUCCI\u00d3N DE ACCESORIOS DE ACERO INOXIDABLE&#8221; title_text=&#8221;Accesorios de acero&#8221; _builder_version=&#8221;4.20.4&#8243; _module_preset=&#8221;default&#8221; global_colors_info=&#8221;{}&#8221;][\/et_pb_image][\/et_pb_column][et_pb_column type=&#8221;2_5&#8243; module_class=&#8221;cat-desc&#8221; _builder_version=&#8221;4.20.4&#8243; _module_preset=&#8221;default&#8221; z_index=&#8221;0&#8243; global_colors_info=&#8221;{}&#8221;][et_pb_text _builder_version=&#8221;4.20.4&#8243; _module_preset=&#8221;default&#8221; text_line_height=&#8221;40px&#8221; hover_enabled=&#8221;0&#8243; global_colors_info=&#8221;{}&#8221; sticky_enabled=&#8221;0&#8243;]<\/p>\n<p>Nos especializamos en el <strong>dise\u00f1o y fabricaci\u00f3n de accesorios personalizados<\/strong> para sus m\u00e1quinas de tintura, ofreciendo soluciones a medida que se ajustan a sus necesidades espec\u00edficas.<\/p>\n<p>Nuestra amplia gama de <strong>accesorios de acero 316l<\/strong> (acero inoxidable) incluye <strong>portamateriales<\/strong> que se pueden adaptar para te\u00f1ir paquetes, tops, ovillos y fibra. Somos capaces de dise\u00f1ar y personalizar accesorios seg\u00fan las necesidades del cliente.<\/p>\n<p>[\/et_pb_text][et_pb_image src=&#8221;https:\/\/www.ugolini.net\/wp-content\/uploads\/2023\/05\/group-deco-blu.png&#8221; alt=&#8221;m\u00e1quinas de laboratorio para el te\u00f1ido de tejidos&#8221; title_text=&#8221;group-deco-blu&#8221; _builder_version=&#8221;4.20.4&#8243; _module_preset=&#8221;default&#8221; custom_margin=&#8221;|||-100px|false|false&#8221; global_colors_info=&#8221;{}&#8221;][\/et_pb_image][\/et_pb_column][\/et_pb_row][\/et_pb_section][et_pb_section fb_built=&#8221;1&#8243; _builder_version=&#8221;4.20.4&#8243; _module_preset=&#8221;default&#8221; global_colors_info=&#8221;{}&#8221;][et_pb_row _builder_version=&#8221;4.20.4&#8243; _module_preset=&#8221;default&#8221; global_colors_info=&#8221;{}&#8221;][et_pb_column type=&#8221;4_4&#8243; _builder_version=&#8221;4.20.4&#8243; _module_preset=&#8221;default&#8221; global_colors_info=&#8221;{}&#8221;][et_pb_image src=&#8221;https:\/\/www.ugolini.net\/wp-content\/uploads\/2023\/06\/accessori.png&#8221; _builder_version=&#8221;4.20.4&#8243; _module_preset=&#8221;default&#8221; hover_enabled=&#8221;0&#8243; sticky_enabled=&#8221;0&#8243; alt=&#8221;ejemplos de accesorios producidos por Ugolini&#8221; title_text=&#8221;accesorios&#8221; align=&#8221;center&#8221;][\/et_pb_image][\/et_pb_column][\/et_pb_row][\/et_pb_section]<\/p>\n","protected":false},"excerpt":{"rendered":"<p>Nos especializamos en el dise\u00f1o y fabricaci\u00f3n de accesorios personalizados para sus m\u00e1quinas de tintura, ofreciendo soluciones a medida que se ajustan a sus necesidades espec\u00edficas. Nuestra amplia gama de accesorios de acero 316l (acero inoxidable) incluye portamateriales que se pueden adaptar para te\u00f1ir paquetes, tops, ovillos y fibra. Somos capaces de dise\u00f1ar y personalizar [&hellip;]<\/p>\n","protected":false},"author":1,"featured_media":0,"parent":0,"menu_order":0,"comment_status":"closed","ping_status":"closed","template":"","meta":{"_et_pb_use_builder":"on","_et_pb_old_content":"","_et_gb_content_width":"","footnotes":""},"class_list":["post-2119","page","type-page","status-publish","hentry"],"acf":[],"yoast_head":"<!-- This site is optimized with the Yoast SEO plugin v26.0 - https:\/\/yoast.com\/wordpress\/plugins\/seo\/ -->\n<title>Acessorios - Ugolini<\/title>\n<meta name=\"description\" content=\"Todos los accesorios para m\u00e1quinas de te\u00f1ido de telas e hilos que necesitas. \u00a1Saca siempre lo mejor de tu maquinaria!\" \/>\n<meta name=\"robots\" content=\"index, follow, max-snippet:-1, max-image-preview:large, max-video-preview:-1\" \/>\n<link rel=\"canonical\" href=\"https:\/\/www.ugolini.net\/es\/accesorios-para-maquinas-de-tintoreria\/\" \/>\n<meta property=\"og:locale\" content=\"es_ES\" \/>\n<meta property=\"og:type\" content=\"article\" \/>\n<meta property=\"og:title\" content=\"Acessorios - Ugolini\" \/>\n<meta property=\"og:description\" content=\"Todos los accesorios para m\u00e1quinas de te\u00f1ido de telas e hilos que necesitas. \u00a1Saca siempre lo mejor de tu maquinaria!\" \/>\n<meta property=\"og:url\" content=\"https:\/\/www.ugolini.net\/es\/accesorios-para-maquinas-de-tintoreria\/\" \/>\n<meta property=\"og:site_name\" content=\"Ugolini\" \/>\n<meta property=\"article:modified_time\" content=\"2023-06-28T09:53:32+00:00\" \/>\n<meta name=\"twitter:card\" content=\"summary_large_image\" \/>\n<meta name=\"twitter:label1\" content=\"Tiempo de lectura\" \/>\n\t<meta name=\"twitter:data1\" content=\"2 minutos\" \/>\n<!-- \/ Yoast SEO plugin. -->","yoast_head_json":{"title":"Acessorios - Ugolini","description":"Todos los accesorios para m\u00e1quinas de te\u00f1ido de telas e hilos que necesitas. \u00a1Saca siempre lo mejor de tu maquinaria!","robots":{"index":"index","follow":"follow","max-snippet":"max-snippet:-1","max-image-preview":"max-image-preview:large","max-video-preview":"max-video-preview:-1"},"canonical":"https:\/\/www.ugolini.net\/es\/accesorios-para-maquinas-de-tintoreria\/","og_locale":"es_ES","og_type":"article","og_title":"Acessorios - Ugolini","og_description":"Todos los accesorios para m\u00e1quinas de te\u00f1ido de telas e hilos que necesitas. \u00a1Saca siempre lo mejor de tu maquinaria!","og_url":"https:\/\/www.ugolini.net\/es\/accesorios-para-maquinas-de-tintoreria\/","og_site_name":"Ugolini","article_modified_time":"2023-06-28T09:53:32+00:00","twitter_card":"summary_large_image","twitter_misc":{"Tiempo de lectura":"2 minutos"},"schema":{"@context":"https:\/\/schema.org","@graph":[{"@type":"WebPage","@id":"https:\/\/www.ugolini.net\/es\/accesorios-para-maquinas-de-tintoreria\/","url":"https:\/\/www.ugolini.net\/es\/accesorios-para-maquinas-de-tintoreria\/","name":"Acessorios - Ugolini","isPartOf":{"@id":"https:\/\/www.ugolini.net\/es\/#website"},"datePublished":"2023-05-31T08:48:44+00:00","dateModified":"2023-06-28T09:53:32+00:00","description":"Todos los accesorios para m\u00e1quinas de te\u00f1ido de telas e hilos que necesitas. \u00a1Saca siempre lo mejor de tu maquinaria!","breadcrumb":{"@id":"https:\/\/www.ugolini.net\/es\/accesorios-para-maquinas-de-tintoreria\/#breadcrumb"},"inLanguage":"es","potentialAction":[{"@type":"ReadAction","target":["https:\/\/www.ugolini.net\/es\/accesorios-para-maquinas-de-tintoreria\/"]}]},{"@type":"BreadcrumbList","@id":"https:\/\/www.ugolini.net\/es\/accesorios-para-maquinas-de-tintoreria\/#breadcrumb","itemListElement":[{"@type":"ListItem","position":1,"name":"Home","item":"https:\/\/www.ugolini.net\/es\/"},{"@type":"ListItem","position":2,"name":"Accesorios para m\u00e1quinas de tintorer\u00eda"}]},{"@type":"WebSite","@id":"https:\/\/www.ugolini.net\/es\/#website","url":"https:\/\/www.ugolini.net\/es\/","name":"Ugolini","description":"Dyeing machines","potentialAction":[{"@type":"SearchAction","target":{"@type":"EntryPoint","urlTemplate":"https:\/\/www.ugolini.net\/es\/?s={search_term_string}"},"query-input":{"@type":"PropertyValueSpecification","valueRequired":true,"valueName":"search_term_string"}}],"inLanguage":"es"}]}},"_links":{"self":[{"href":"https:\/\/www.ugolini.net\/es\/wp-json\/wp\/v2\/pages\/2119","targetHints":{"allow":["GET"]}}],"collection":[{"href":"https:\/\/www.ugolini.net\/es\/wp-json\/wp\/v2\/pages"}],"about":[{"href":"https:\/\/www.ugolini.net\/es\/wp-json\/wp\/v2\/types\/page"}],"author":[{"embeddable":true,"href":"https:\/\/www.ugolini.net\/es\/wp-json\/wp\/v2\/users\/1"}],"replies":[{"embeddable":true,"href":"https:\/\/www.ugolini.net\/es\/wp-json\/wp\/v2\/comments?post=2119"}],"version-history":[{"count":2,"href":"https:\/\/www.ugolini.net\/es\/wp-json\/wp\/v2\/pages\/2119\/revisions"}],"predecessor-version":[{"id":2121,"href":"https:\/\/www.ugolini.net\/es\/wp-json\/wp\/v2\/pages\/2119\/revisions\/2121"}],"wp:attachment":[{"href":"https:\/\/www.ugolini.net\/es\/wp-json\/wp\/v2\/media?parent=2119"}],"curies":[{"name":"wp","href":"https:\/\/api.w.org\/{rel}","templated":true}]}}